{"id":8306,"date":"2024-07-10T13:54:09","date_gmt":"2024-07-10T11:54:09","guid":{"rendered":"https:\/\/www.consistoirenice.org\/wordpress\/?page_id=8306"},"modified":"2026-03-15T18:49:12","modified_gmt":"2026-03-15T17:49:12","slug":"restaurants-a-cannes","status":"publish","type":"page","link":"https:\/\/www.consistoirenice.org\/wordpress\/restaurants-a-cannes\/","title":{"rendered":"Restaurants \u00e0 Cannes"},"content":{"rendered":"\t\t<div data-elementor-type=\"wp-page\" data-elementor-id=\"8306\" class=\"elementor elementor-8306\" data-elementor-post-type=\"page\">\n\t\t\t\t\t\t<section class=\"elementor-section elementor-top-section elementor-element elementor-element-6a0775fd elementor-section-boxed elementor-section-height-default elementor-section-height-default\" data-id=\"6a0775fd\" data-element_type=\"section\" data-e-type=\"section\">\n\t\t\t\t\t\t<div class=\"elementor-container elementor-column-gap-default\">\n\t\t\t\t\t<div class=\"elementor-column elementor-col-100 elementor-top-column elementor-element elementor-element-67417d19\" data-id=\"67417d19\" data-element_type=\"column\" data-e-type=\"column\">\n\t\t\t<div class=\"elementor-widget-wrap elementor-element-populated\">\n\t\t\t\t\t\t<div class=\"elementor-element elementor-element-f904d9d elementor-widget elementor-widget-image\" data-id=\"f904d9d\" data-element_type=\"widget\" data-e-type=\"widget\" data-widget_type=\"image.default\">\n\t\t\t\t<div class=\"elementor-widget-container\">\n\t\t\t\t\t\t\t\t\t\t\t\t\t\t\t<img decoding=\"async\" src=\"https:\/\/www.consistoirenice.org\/wordpress\/wp-content\/uploads\/2024\/07\/images-copie-150x150.jpg\" title=\"\" alt=\"\" loading=\"lazy\" \/>\t\t\t\t\t\t\t\t\t\t\t\t\t\t\t<\/div>\n\t\t\t\t<\/div>\n\t\t\t\t<div class=\"elementor-element elementor-element-0e7b821 elementor-align-justify elementor-widget elementor-widget-button\" data-id=\"0e7b821\" data-element_type=\"widget\" data-e-type=\"widget\" data-widget_type=\"button.default\">\n\t\t\t\t<div class=\"elementor-widget-container\">\n\t\t\t\t\t\t\t\t\t<div class=\"elementor-button-wrapper\">\n\t\t\t\t\t<a class=\"elementor-button elementor-button-link elementor-size-xl\" href=\"#\">\n\t\t\t\t\t\t<span class=\"elementor-button-content-wrapper\">\n\t\t\t\t\t\t\t\t\t<span class=\"elementor-button-text\">Bassari   Viande<\/span>\n\t\t\t\t\t<\/span>\n\t\t\t\t\t<\/a>\n\t\t\t\t<\/div>\n\t\t\t\t\t\t\t\t<\/div>\n\t\t\t\t<\/div>\n\t\t\t\t<div class=\"elementor-element elementor-element-d26bf24 elementor-align-justify elementor-widget elementor-widget-button\" data-id=\"d26bf24\" data-element_type=\"widget\" data-e-type=\"widget\" data-widget_type=\"button.default\">\n\t\t\t\t<div class=\"elementor-widget-container\">\n\t\t\t\t\t\t\t\t\t<div class=\"elementor-button-wrapper\">\n\t\t\t\t\t<a class=\"elementor-button elementor-button-link elementor-size-lg\" href=\"https:\/\/maps.app.goo.gl\/VCHe6oBA7aVavfwh8\" target=\"_blank\">\n\t\t\t\t\t\t<span class=\"elementor-button-content-wrapper\">\n\t\t\t\t\t\t\t\t\t<span class=\"elementor-button-text\">LE M\u00d6YE 84 Bd, de la Croisette (Lam\u00e9hadrine)<\/span>\n\t\t\t\t\t<\/span>\n\t\t\t\t\t<\/a>\n\t\t\t\t<\/div>\n\t\t\t\t\t\t\t\t<\/div>\n\t\t\t\t<\/div>\n\t\t\t\t<div class=\"elementor-element elementor-element-55f2037 elementor-align-justify elementor-widget elementor-widget-button\" data-id=\"55f2037\" data-element_type=\"widget\" data-e-type=\"widget\" data-widget_type=\"button.default\">\n\t\t\t\t<div class=\"elementor-widget-container\">\n\t\t\t\t\t\t\t\t\t<div class=\"elementor-button-wrapper\">\n\t\t\t\t\t<a class=\"elementor-button elementor-button-link elementor-size-lg\" href=\"https:\/\/maps.app.goo.gl\/48mEaQETNKNgNG5r5\" target=\"_blank\">\n\t\t\t\t\t\t<span class=\"elementor-button-content-wrapper\">\n\t\t\t\t\t\t\t\t\t<span class=\"elementor-button-text\">BEKEF 7, Rue Louis Nouveau (Lam\u00e9hadrine)<\/span>\n\t\t\t\t\t<\/span>\n\t\t\t\t\t<\/a>\n\t\t\t\t<\/div>\n\t\t\t\t\t\t\t\t<\/div>\n\t\t\t\t<\/div>\n\t\t\t\t\t<\/div>\n\t\t<\/div>\n\t\t\t\t\t<\/div>\n\t\t<\/section>\n\t\t\t\t<\/div>\n\t\t","protected":false},"excerpt":{"rendered":"<p>Bassari Viande LE M\u00d6YE 84 Bd, de la Croisette (Lam\u00e9hadrine) BEKEF 7, Rue Louis Nouveau (Lam\u00e9hadrine)<\/p>\n","protected":false},"author":2,"featured_media":0,"parent":0,"menu_order":0,"comment_status":"closed","ping_status":"closed","template":"elementor_header_footer","meta":{"_acf_changed":false,"_eb_attr":"","h5ap_radio_sources":[],"footnotes":""},"class_list":["post-8306","page","type-page","status-publish","hentry"],"acf":[],"_links":{"self":[{"href":"https:\/\/www.consistoirenice.org\/wordpress\/wp-json\/wp\/v2\/pages\/8306","targetHints":{"allow":["GET"]}}],"collection":[{"href":"https:\/\/www.consistoirenice.org\/wordpress\/wp-json\/wp\/v2\/pages"}],"about":[{"href":"https:\/\/www.consistoirenice.org\/wordpress\/wp-json\/wp\/v2\/types\/page"}],"author":[{"embeddable":true,"href":"https:\/\/www.consistoirenice.org\/wordpress\/wp-json\/wp\/v2\/users\/2"}],"replies":[{"embeddable":true,"href":"https:\/\/www.consistoirenice.org\/wordpress\/wp-json\/wp\/v2\/comments?post=8306"}],"version-history":[{"count":0,"href":"https:\/\/www.consistoirenice.org\/wordpress\/wp-json\/wp\/v2\/pages\/8306\/revisions"}],"wp:attachment":[{"href":"https:\/\/www.consistoirenice.org\/wordpress\/wp-json\/wp\/v2\/media?parent=8306"}],"curies":[{"name":"wp","href":"https:\/\/api.w.org\/{rel}","templated":true}]}}