{"id":716,"date":"2020-12-03T18:59:56","date_gmt":"2020-12-03T17:59:56","guid":{"rendered":"https:\/\/www.consistoirenice.org\/wordpress\/?page_id=716"},"modified":"2026-03-22T18:33:53","modified_gmt":"2026-03-22T17:33:53","slug":"dernier-devoir-la-veillee-mortuaire","status":"publish","type":"page","link":"https:\/\/www.consistoirenice.org\/wordpress\/dernier-devoir-la-veillee-mortuaire\/","title":{"rendered":"Dernier Devoir :  La veill\u00e9e mortuaire"},"content":{"rendered":"\t\t<div data-elementor-type=\"wp-page\" data-elementor-id=\"716\" class=\"elementor elementor-716\" data-elementor-post-type=\"page\">\n\t\t\t\t<div class=\"elementor-element elementor-element-387aed4b e-flex e-con-boxed e-con e-parent\" data-id=\"387aed4b\" data-element_type=\"container\" data-e-type=\"container\">\n\t\t\t\t\t<div class=\"e-con-inner\">\n\t\t\t\t<div class=\"elementor-element elementor-element-2e00905 elementor--h-position-center elementor--v-position-middle elementor-arrows-position-inside elementor-pagination-position-inside elementor-widget elementor-widget-slides\" data-id=\"2e00905\" data-element_type=\"widget\" data-e-type=\"widget\" data-settings=\"{&quot;navigation&quot;:&quot;both&quot;,&quot;autoplay&quot;:&quot;yes&quot;,&quot;pause_on_hover&quot;:&quot;yes&quot;,&quot;pause_on_interaction&quot;:&quot;yes&quot;,&quot;autoplay_speed&quot;:5000,&quot;infinite&quot;:&quot;yes&quot;,&quot;transition&quot;:&quot;slide&quot;,&quot;transition_speed&quot;:500}\" data-widget_type=\"slides.default\">\n\t\t\t\t<div class=\"elementor-widget-container\">\n\t\t\t\t\t\t\t\t\t<div class=\"elementor-swiper\">\n\t\t\t\t\t<div class=\"elementor-slides-wrapper elementor-main-swiper swiper\" role=\"region\" aria-roledescription=\"carousel\" aria-label=\"Diapositives\" dir=\"ltr\" data-animation=\"fadeInUp\">\n\t\t\t\t<div class=\"swiper-wrapper elementor-slides\">\n\t\t\t\t\t\t\t\t\t\t<div class=\"elementor-repeater-item-956804d swiper-slide\" role=\"group\" aria-roledescription=\"slide\"><div class=\"swiper-slide-bg\" role=\"img\" aria-label=\"ChatGPT Image 22 mars 2026, 18_05_17\"><\/div><div class=\"swiper-slide-inner\" ><div class=\"swiper-slide-contents\"><\/div><\/div><\/div>\t\t\t\t<\/div>\n\t\t\t\t\t\t\t<\/div>\n\t\t\t\t<\/div>\n\t\t\t\t\t\t\t\t<\/div>\n\t\t\t\t<\/div>\n\t\t\t\t<div class=\"elementor-element elementor-element-1e80c64e elementor-widget elementor-widget-text-editor\" data-id=\"1e80c64e\" data-element_type=\"widget\" data-e-type=\"widget\" data-widget_type=\"text-editor.default\">\n\t\t\t\t<div class=\"elementor-widget-container\">\n\t\t\t\t\t\t\t\t\t<p style=\"text-align: center;\">\u00ab\u00a0Que D. console les familles \u00e9plor\u00e9es comme il consolera les Exil\u00e9s de Sion.<\/p>\n<p class=\"has-drop-cap\">La toilette mor\u00adtuaire, \u201cTahara\u201d (purification), est emprunte d&rsquo;une grande d\u00e9cence. Le corps est recouvert d&rsquo;un drap blanc et as\u00adperg\u00e9 d&rsquo;eau ti\u00e8de ; puis il est nettoy\u00e9 en entier, en commen\u00e7ant par la t\u00eate, et essuy\u00e9. On verse ensuite de l&rsquo;eau sur le corps en pronon\u00e7ant les ver\u00adsets rituels \u201d Et je verserai sur vous de l&rsquo;eau pure et vous serez purifi\u00e9s de toutes vos impuret\u00e9s et de toutes vos souillures ; Je vous purifierai \u00ab\u00a0.<br \/>Le mort est alors rev\u00eatu de ses \u201cTakhrikhine\u201d &#8211; v\u00eatement mortuaire de toile blanche identique pour tous &#8211; puis d\u00e9pos\u00e9 dans le cercueil, le visage tourn\u00e9 vers le haut, la t\u00eate pos\u00e9e sur un peu de terre d&rsquo;Isra\u00ebl. Si c&rsquo;est un homme, il est envelopp\u00e9 dans un \u201cTallith\u201d (ch\u00e2le de pri\u00e8re garni aux quatre coins de \u201cTsitsith\u201d : des franges rituelles rappelant les commandements de Dieu, que tout juif fid\u00e8le doit porter). Cependant, l&rsquo;un des quatre coins du \u201cTalith\u201d aura pr\u00e9alablement \u00e9t\u00e9 coup\u00e9.<\/p>\n<!-- \/wp:paragraph --><!-- wp:paragraph -->\n<p>Le corps du d\u00e9funt doit \u00eatre veill\u00e9. Jusqu&rsquo;\u00e0 l&rsquo;inhumation, les personnes qui prennent le deuil sont dispens\u00e9es de certaines obligations religieuses (pri\u00e8res, t\u00e9filines). Elles ne comptent pas pour le minyan, pais peuvent et doivent se pr\u00e9occuper de r\u00e9gler tous les probl\u00e8mes relatifs \u00e0 l&rsquo;enterrement.<br \/>Une veilleuse pourra \u00eatre allum\u00e9e \u00e0 la m\u00e9moire du d\u00e9funt. L&rsquo;usage et la tradition juive ont conserv\u00e9 certains rites tels que celui de la lumi\u00e8re plac\u00e9e pr\u00e8s de la t\u00eate du d\u00e9funt, lumi\u00e8re symbolisant l&rsquo;\u00e2me immortelle. Le disparu sera veill\u00e9 sans interruption jusqu&rsquo;\u00e0 son ensevelissement. On r\u00e9citera des Tehilim tout au long de la veill\u00e9e.<\/p>\n<!-- \/wp:paragraph -->\t\t\t\t\t\t\t\t<\/div>\n\t\t\t\t<\/div>\n\t\t\t\t\t<\/div>\n\t\t\t\t<\/div>\n\t\t\t\t<\/div>\n\t\t","protected":false},"excerpt":{"rendered":"<p>\u00ab\u00a0Que D. console les familles \u00e9plor\u00e9es comme il consolera les Exil\u00e9s de Sion. La toilette mor\u00adtuaire, \u201cTahara\u201d (purification), est emprunte d&rsquo;une grande d\u00e9cence. Le corps est recouvert d&rsquo;un drap blanc [&hellip;]<\/p>\n","protected":false},"author":2,"featured_media":0,"parent":0,"menu_order":0,"comment_status":"closed","ping_status":"closed","template":"templates\/template-full-width.php","meta":{"_acf_changed":false,"_eb_attr":"","h5ap_radio_sources":[],"footnotes":""},"class_list":["post-716","page","type-page","status-publish","hentry"],"acf":[],"_links":{"self":[{"href":"https:\/\/www.consistoirenice.org\/wordpress\/wp-json\/wp\/v2\/pages\/716","targetHints":{"allow":["GET"]}}],"collection":[{"href":"https:\/\/www.consistoirenice.org\/wordpress\/wp-json\/wp\/v2\/pages"}],"about":[{"href":"https:\/\/www.consistoirenice.org\/wordpress\/wp-json\/wp\/v2\/types\/page"}],"author":[{"embeddable":true,"href":"https:\/\/www.consistoirenice.org\/wordpress\/wp-json\/wp\/v2\/users\/2"}],"replies":[{"embeddable":true,"href":"https:\/\/www.consistoirenice.org\/wordpress\/wp-json\/wp\/v2\/comments?post=716"}],"version-history":[{"count":0,"href":"https:\/\/www.consistoirenice.org\/wordpress\/wp-json\/wp\/v2\/pages\/716\/revisions"}],"wp:attachment":[{"href":"https:\/\/www.consistoirenice.org\/wordpress\/wp-json\/wp\/v2\/media?parent=716"}],"curies":[{"name":"wp","href":"https:\/\/api.w.org\/{rel}","templated":true}]}}