{"id":711,"date":"2020-12-03T18:58:24","date_gmt":"2020-12-03T17:58:24","guid":{"rendered":"https:\/\/www.consistoirenice.org\/wordpress\/?page_id=711"},"modified":"2026-03-22T18:30:17","modified_gmt":"2026-03-22T17:30:17","slug":"dernier-devoir-la-periode-des-7-jours","status":"publish","type":"page","link":"https:\/\/www.consistoirenice.org\/wordpress\/dernier-devoir-la-periode-des-7-jours\/","title":{"rendered":"Dernier Devoir : Les 7 jours"},"content":{"rendered":"\t\t<div data-elementor-type=\"wp-page\" data-elementor-id=\"711\" class=\"elementor elementor-711\" data-elementor-post-type=\"page\">\n\t\t\t\t<div class=\"elementor-element elementor-element-2505e6a0 e-flex e-con-boxed e-con e-parent\" data-id=\"2505e6a0\" data-element_type=\"container\" data-e-type=\"container\">\n\t\t\t\t\t<div class=\"e-con-inner\">\n\t\t\t\t<div class=\"elementor-element elementor-element-1eaa11c elementor--h-position-center elementor--v-position-middle elementor-arrows-position-inside elementor-pagination-position-inside elementor-widget elementor-widget-slides\" data-id=\"1eaa11c\" data-element_type=\"widget\" data-e-type=\"widget\" data-settings=\"{&quot;navigation&quot;:&quot;both&quot;,&quot;autoplay&quot;:&quot;yes&quot;,&quot;pause_on_hover&quot;:&quot;yes&quot;,&quot;pause_on_interaction&quot;:&quot;yes&quot;,&quot;autoplay_speed&quot;:5000,&quot;infinite&quot;:&quot;yes&quot;,&quot;transition&quot;:&quot;slide&quot;,&quot;transition_speed&quot;:500}\" data-widget_type=\"slides.default\">\n\t\t\t\t<div class=\"elementor-widget-container\">\n\t\t\t\t\t\t\t\t\t<div class=\"elementor-swiper\">\n\t\t\t\t\t<div class=\"elementor-slides-wrapper elementor-main-swiper swiper\" role=\"region\" aria-roledescription=\"carousel\" aria-label=\"Diapositives\" dir=\"ltr\" data-animation=\"fadeInUp\">\n\t\t\t\t<div class=\"swiper-wrapper elementor-slides\">\n\t\t\t\t\t\t\t\t\t\t<div class=\"elementor-repeater-item-38f2bbf swiper-slide\" role=\"group\" aria-roledescription=\"slide\"><div class=\"swiper-slide-bg\" role=\"img\" aria-label=\"7 jours\"><\/div><div class=\"swiper-slide-inner\" ><div class=\"swiper-slide-contents\"><\/div><\/div><\/div>\t\t\t\t<\/div>\n\t\t\t\t\t\t\t<\/div>\n\t\t\t\t<\/div>\n\t\t\t\t\t\t\t\t<\/div>\n\t\t\t\t<\/div>\n\t\t\t\t<div class=\"elementor-element elementor-element-1dccaecf elementor-widget elementor-widget-text-editor\" data-id=\"1dccaecf\" data-element_type=\"widget\" data-e-type=\"widget\" data-widget_type=\"text-editor.default\">\n\t\t\t\t<div class=\"elementor-widget-container\">\n\t\t\t\t\t\t\t\t\t\n<p class=\"has-drop-cap\">Apr\u00e8s l&rsquo;inhumation, les \u201cOnenim\u201d (Afflig\u00e9s) deviennent \u201cAvelim\u201d (Endeuill\u00e9s). Seuls sont appel\u00e9s ainsi l&rsquo;\u00e9poux ou l&rsquo;\u00e9pouse, les enfants, les parents (p\u00e8re et m\u00e8re) et les fr\u00e8res et s\u0153urs du d\u00e9funt.<\/p>\n\n<p>Pendant les sept jours qui suivent l&rsquo;enterrement (Chiva), les \u201cAvelim\u201d demeurent dans la maison mortuaire. Chaque jour, les offices quotidiens y seront c\u00e9l\u00e9br\u00e9s en pr\u00e9sence du \u201cMiniane\u00a0\u00bb, soit une assembl\u00e9e de dix hommes, quorum n\u00e9cessaire pour la pri\u00e8re publique et pour dire le Kadish.<\/p>\n\n<p>Les Endeuill\u00e9s cessent toute activit\u00e9 pendant la p\u00e9riode de \u201cChiva\u201d ; ils re\u00e7oivent les visites d&rsquo;amis qui viennent leur apporter des t\u00e9moignages de sympathie. Les femmes sont autoris\u00e9es \u00e0 s&rsquo;occuper du foyer et des enfants. Seuls, un Chabbat ou des f\u00eates religieuses survenant dans les jours suivant un deuil peuvent en modifier les rites.<\/p>\n\n<p><strong>Il existe neuf interdits pendant la p\u00e9riode des sept jours :<\/strong><\/p>\n\n<ol class=\"wp-block-list\">\n<li>Travailler<\/li>\n<li>Se laver et se frictionner<\/li>\n<li>Porter des chaussures de cuir<\/li>\n<li>Avoir des relations conjugales<\/li>\n<li>Etudier la Torah<\/li>\n<li>Saluer ou r\u00e9pondre \u00e0 un salut<\/li>\n<li>S&rsquo;asseoir sur un si\u00e8ge haut<\/li>\n<li>Laver et repasser des v\u00eatements<\/li>\n<li>Sortir de la maison (sauf, pour les hommes, aller r\u00e9citer le kaddish \u00e0 la synagogue si on n&rsquo;a pu r\u00e9unir le \u00ab\u00a0Miniane\u00a0\u00bb \u00e0 la maison)<\/li>\n<\/ol>\n\n<p>Bien entendu, si, pour des raisons professionnelles, une personne ne peut s&rsquo;absenter les 7 jours complets, elle fera de son mieux, et la Torah pardonne en cas de force majeure.<\/p>\n\t\t\t\t\t\t\t\t<\/div>\n\t\t\t\t<\/div>\n\t\t\t\t\t<\/div>\n\t\t\t\t<\/div>\n\t\t<div class=\"elementor-element elementor-element-f7a154c e-flex e-con-boxed e-con e-parent\" data-id=\"f7a154c\" data-element_type=\"container\" data-e-type=\"container\">\n\t\t\t\t\t<div class=\"e-con-inner\">\n\t\t\t\t\t<\/div>\n\t\t\t\t<\/div>\n\t\t\t\t<\/div>\n\t\t","protected":false},"excerpt":{"rendered":"<p>Apr\u00e8s l&rsquo;inhumation, les \u201cOnenim\u201d (Afflig\u00e9s) deviennent \u201cAvelim\u201d (Endeuill\u00e9s). Seuls sont appel\u00e9s ainsi l&rsquo;\u00e9poux ou l&rsquo;\u00e9pouse, les enfants, les parents (p\u00e8re et m\u00e8re) et les fr\u00e8res et s\u0153urs du d\u00e9funt. Pendant [&hellip;]<\/p>\n","protected":false},"author":2,"featured_media":0,"parent":0,"menu_order":0,"comment_status":"closed","ping_status":"closed","template":"templates\/template-full-width.php","meta":{"_acf_changed":false,"_eb_attr":"","h5ap_radio_sources":[],"footnotes":""},"class_list":["post-711","page","type-page","status-publish","hentry"],"acf":[],"_links":{"self":[{"href":"https:\/\/www.consistoirenice.org\/wordpress\/wp-json\/wp\/v2\/pages\/711","targetHints":{"allow":["GET"]}}],"collection":[{"href":"https:\/\/www.consistoirenice.org\/wordpress\/wp-json\/wp\/v2\/pages"}],"about":[{"href":"https:\/\/www.consistoirenice.org\/wordpress\/wp-json\/wp\/v2\/types\/page"}],"author":[{"embeddable":true,"href":"https:\/\/www.consistoirenice.org\/wordpress\/wp-json\/wp\/v2\/users\/2"}],"replies":[{"embeddable":true,"href":"https:\/\/www.consistoirenice.org\/wordpress\/wp-json\/wp\/v2\/comments?post=711"}],"version-history":[{"count":0,"href":"https:\/\/www.consistoirenice.org\/wordpress\/wp-json\/wp\/v2\/pages\/711\/revisions"}],"wp:attachment":[{"href":"https:\/\/www.consistoirenice.org\/wordpress\/wp-json\/wp\/v2\/media?parent=711"}],"curies":[{"name":"wp","href":"https:\/\/api.w.org\/{rel}","templated":true}]}}