{"id":709,"date":"2020-12-03T18:57:43","date_gmt":"2020-12-03T17:57:43","guid":{"rendered":"https:\/\/www.consistoirenice.org\/wordpress\/?page_id=709"},"modified":"2026-03-22T18:32:42","modified_gmt":"2026-03-22T17:32:42","slug":"dernier-devoir-la-periode-de-lannee-la-hazkara","status":"publish","type":"page","link":"https:\/\/www.consistoirenice.org\/wordpress\/dernier-devoir-la-periode-de-lannee-la-hazkara\/","title":{"rendered":"Dernier Devoir : La Hazkara"},"content":{"rendered":"\t\t<div data-elementor-type=\"wp-page\" data-elementor-id=\"709\" class=\"elementor elementor-709\" data-elementor-post-type=\"page\">\n\t\t\t\t<div class=\"elementor-element elementor-element-7c6ad9a1 e-flex e-con-boxed e-con e-parent\" data-id=\"7c6ad9a1\" data-element_type=\"container\" data-e-type=\"container\">\n\t\t\t\t\t<div class=\"e-con-inner\">\n\t\t\t\t<div class=\"elementor-element elementor-element-506a3b6 elementor--h-position-center elementor--v-position-middle elementor-arrows-position-inside elementor-pagination-position-inside elementor-widget elementor-widget-slides\" data-id=\"506a3b6\" data-element_type=\"widget\" data-e-type=\"widget\" data-settings=\"{&quot;navigation&quot;:&quot;both&quot;,&quot;autoplay&quot;:&quot;yes&quot;,&quot;pause_on_hover&quot;:&quot;yes&quot;,&quot;pause_on_interaction&quot;:&quot;yes&quot;,&quot;autoplay_speed&quot;:5000,&quot;infinite&quot;:&quot;yes&quot;,&quot;transition&quot;:&quot;slide&quot;,&quot;transition_speed&quot;:500}\" data-widget_type=\"slides.default\">\n\t\t\t\t<div class=\"elementor-widget-container\">\n\t\t\t\t\t\t\t\t\t<div class=\"elementor-swiper\">\n\t\t\t\t\t<div class=\"elementor-slides-wrapper elementor-main-swiper swiper\" role=\"region\" aria-roledescription=\"carousel\" aria-label=\"Diapositives\" dir=\"ltr\" data-animation=\"fadeInUp\">\n\t\t\t\t<div class=\"swiper-wrapper elementor-slides\">\n\t\t\t\t\t\t\t\t\t\t<div class=\"elementor-repeater-item-8beb996 swiper-slide\" role=\"group\" aria-roledescription=\"slide\"><div class=\"swiper-slide-bg\" role=\"img\" aria-label=\"Hazkara\"><\/div><div class=\"swiper-slide-inner\" ><div class=\"swiper-slide-contents\"><\/div><\/div><\/div>\t\t\t\t<\/div>\n\t\t\t\t\t\t\t<\/div>\n\t\t\t\t<\/div>\n\t\t\t\t\t\t\t\t<\/div>\n\t\t\t\t<\/div>\n\t\t\t\t<div class=\"elementor-element elementor-element-2ab8e3f0 elementor-widget elementor-widget-text-editor\" data-id=\"2ab8e3f0\" data-element_type=\"widget\" data-e-type=\"widget\" data-widget_type=\"text-editor.default\">\n\t\t\t\t<div class=\"elementor-widget-container\">\n\t\t\t\t\t\t\t\t\t<p>\u00a0<\/p>\n<p class=\"has-drop-cap\">Pour son p\u00e8re ou sa m\u00e8re, les cinq interdits du mois sont \u00e0 respecter durant toute la premi\u00e8re ann\u00e9e du d\u00e9c\u00e8s, ainsi que le fait de r\u00e9citer le Kadish quotidiennement, pendant onze mois et une semaine.<\/p>\n<!-- \/wp:paragraph --><!-- wp:paragraph -->\n<p>Chaque ann\u00e9e, \u00e0 la date h\u00e9bra\u00efque anniversaire du d\u00e9c\u00e8s (et non de l&rsquo;enterrement) , on participera \u00e0 un office o\u00f9 sera rappel\u00e9e la m\u00e9moire du d\u00e9funt. Cette c\u00e9r\u00e9monie se nomme Hazkara (souvenir) en h\u00e9breu ou jahrzeit en yiddish. Il est de coutume de je\u00fbner pour ses parents ce jour anniversaire (sauf Chabbat et f\u00eates). Il est de coutume de se rendre \u00e0 la synagogue le Chabbat qui pr\u00e9c\u00e8de la Hazkara et d&rsquo;y r\u00e9citer le Kadish \u00e0 la m\u00e9moire du d\u00e9funt.<\/p>\n<!-- \/wp:paragraph --><!-- wp:paragraph -->\n<p>La lumi\u00e8re mortuaire est allum\u00e9e pour vingt-quatre heures le jour de cet anniversaire.<\/p>\n<!-- \/wp:paragraph -->\t\t\t\t\t\t\t\t<\/div>\n\t\t\t\t<\/div>\n\t\t\t\t\t<\/div>\n\t\t\t\t<\/div>\n\t\t\t\t<\/div>\n\t\t","protected":false},"excerpt":{"rendered":"<p>\u00a0 Pour son p\u00e8re ou sa m\u00e8re, les cinq interdits du mois sont \u00e0 respecter durant toute la premi\u00e8re ann\u00e9e du d\u00e9c\u00e8s, ainsi que le fait de r\u00e9citer le Kadish [&hellip;]<\/p>\n","protected":false},"author":2,"featured_media":0,"parent":0,"menu_order":0,"comment_status":"closed","ping_status":"closed","template":"templates\/template-full-width.php","meta":{"_acf_changed":false,"_eb_attr":"","h5ap_radio_sources":[],"footnotes":""},"class_list":["post-709","page","type-page","status-publish","hentry"],"acf":[],"_links":{"self":[{"href":"https:\/\/www.consistoirenice.org\/wordpress\/wp-json\/wp\/v2\/pages\/709","targetHints":{"allow":["GET"]}}],"collection":[{"href":"https:\/\/www.consistoirenice.org\/wordpress\/wp-json\/wp\/v2\/pages"}],"about":[{"href":"https:\/\/www.consistoirenice.org\/wordpress\/wp-json\/wp\/v2\/types\/page"}],"author":[{"embeddable":true,"href":"https:\/\/www.consistoirenice.org\/wordpress\/wp-json\/wp\/v2\/users\/2"}],"replies":[{"embeddable":true,"href":"https:\/\/www.consistoirenice.org\/wordpress\/wp-json\/wp\/v2\/comments?post=709"}],"version-history":[{"count":0,"href":"https:\/\/www.consistoirenice.org\/wordpress\/wp-json\/wp\/v2\/pages\/709\/revisions"}],"wp:attachment":[{"href":"https:\/\/www.consistoirenice.org\/wordpress\/wp-json\/wp\/v2\/media?parent=709"}],"curies":[{"name":"wp","href":"https:\/\/api.w.org\/{rel}","templated":true}]}}