{"id":707,"date":"2020-12-03T18:57:05","date_gmt":"2020-12-03T17:57:05","guid":{"rendered":"https:\/\/www.consistoirenice.org\/wordpress\/?page_id=707"},"modified":"2026-03-22T18:34:47","modified_gmt":"2026-03-22T17:34:47","slug":"dernier-devoir-lenterrement-la-levaya","status":"publish","type":"page","link":"https:\/\/www.consistoirenice.org\/wordpress\/dernier-devoir-lenterrement-la-levaya\/","title":{"rendered":"Dernier Devoir : L&rsquo;enterrement"},"content":{"rendered":"\t\t<div data-elementor-type=\"wp-page\" data-elementor-id=\"707\" class=\"elementor elementor-707\" data-elementor-post-type=\"page\">\n\t\t\t\t<div class=\"elementor-element elementor-element-7d458f37 e-flex e-con-boxed e-con e-parent\" data-id=\"7d458f37\" data-element_type=\"container\" data-e-type=\"container\">\n\t\t\t\t\t<div class=\"e-con-inner\">\n\t\t\t\t<div class=\"elementor-element elementor-element-e100f77 elementor--h-position-center elementor--v-position-middle elementor-arrows-position-inside elementor-pagination-position-inside elementor-widget elementor-widget-slides\" data-id=\"e100f77\" data-element_type=\"widget\" data-e-type=\"widget\" data-settings=\"{&quot;navigation&quot;:&quot;both&quot;,&quot;autoplay&quot;:&quot;yes&quot;,&quot;pause_on_hover&quot;:&quot;yes&quot;,&quot;pause_on_interaction&quot;:&quot;yes&quot;,&quot;autoplay_speed&quot;:5000,&quot;infinite&quot;:&quot;yes&quot;,&quot;transition&quot;:&quot;slide&quot;,&quot;transition_speed&quot;:500}\" data-widget_type=\"slides.default\">\n\t\t\t\t<div class=\"elementor-widget-container\">\n\t\t\t\t\t\t\t\t\t<div class=\"elementor-swiper\">\n\t\t\t\t\t<div class=\"elementor-slides-wrapper elementor-main-swiper swiper\" role=\"region\" aria-roledescription=\"carousel\" aria-label=\"Diapositives\" dir=\"ltr\" data-animation=\"fadeInUp\">\n\t\t\t\t<div class=\"swiper-wrapper elementor-slides\">\n\t\t\t\t\t\t\t\t\t\t<div class=\"elementor-repeater-item-988d8a6 swiper-slide\" role=\"group\" aria-roledescription=\"slide\"><div class=\"swiper-slide-bg\" role=\"img\" aria-label=\"enterement\"><\/div><div class=\"swiper-slide-inner\" ><div class=\"swiper-slide-contents\"><\/div><\/div><\/div>\t\t\t\t<\/div>\n\t\t\t\t\t\t\t<\/div>\n\t\t\t\t<\/div>\n\t\t\t\t\t\t\t\t<\/div>\n\t\t\t\t<\/div>\n\t\t\t\t<div class=\"elementor-element elementor-element-3636be88 elementor-widget elementor-widget-text-editor\" data-id=\"3636be88\" data-element_type=\"widget\" data-e-type=\"widget\" data-widget_type=\"text-editor.default\">\n\t\t\t\t<div class=\"elementor-widget-container\">\n\t\t\t\t\t\t\t\t\t<p>\u00a0<\/p>\n<p class=\"has-drop-cap\">Les proches parents du d\u00e9funt, d\u00e9sign\u00e9s par le terme de \u201cOnenim\u201d (Afflig\u00e9s), ne doivent consommer ni viande ni vin (sauf pour le Chabbat) entre le moment du d\u00e9c\u00e8s et l&rsquo;enterrement. Les aliments de deuil sont g\u00e9n\u00e9ralement des l\u00e9gumes secs cuits et sal\u00e9s. Les \u201cOnenim\u201d s&rsquo;occupent des d\u00e9marches aff\u00e9rentes \u00e0 l&rsquo;inhumation et ont l&rsquo;autorisation de vaquer \u00e0 leurs occupations. Ils sont dispens\u00e9s de r\u00e9citer les pri\u00e8res et de porter les \u201cTefilines\u201d (bo\u00eetes cubiques noires renfermant quatre textes de la Torah \u00e9crits sur parchemin, que les fid\u00e8les attachent sur leur t\u00eate et sur leur bras gauche pendant la pri\u00e8re).<\/p>\n<!-- \/wp:paragraph --><!-- wp:paragraph -->\n<p>L&rsquo;accompagnement du d\u00e9funt au cimeti\u00e8re est un commandement \u00e0 honorer par \u00e9gard pour lui et pour ses proches.<\/p>\n<!-- \/wp:paragraph --><!-- wp:paragraph -->\n<p>L&rsquo;inhumation est toujours tr\u00e8s simple. Sans fleurs ni couronnes. Apr\u00e8s l&rsquo;oraison fun\u00e8bre, le cercueil est descendu dans la tombe. Puis, le Rabbin et les assistants lancent chacun trois pellet\u00e9es de terre en pronon\u00e7ant les paroles rituelles \u201cTu viens de la poussi\u00e8re et \u00e0 la poussi\u00e8re tu retournes ; la poussi\u00e8re retourne \u00e0 la terre d&rsquo;o\u00f9 elle est venue et l&rsquo;\u00e2me retourne vers Dieu qui l&rsquo;a donn\u00e9e\u00a0\u00bb.<\/p>\n<!-- \/wp:paragraph --><!-- wp:paragraph -->\n<p>Avant que la fosse ne soit combl\u00e9e, les parents du d\u00e9funt pratiquent la \u201cQeria\u201d, d\u00e9chirure rituelle d&rsquo;un v\u00eatement en signe de deuil. Puis ils passent parmi les assistants, lesquels prodiguent aux Afflig\u00e9s les traditionnelles paroles de consolation \u00ab\u00a0Que le Seigneur vous console, vous et tous les afflig\u00e9s de Sion et de J\u00e9rusalem\u00a0\u00bb. En Orient et en Afrique du Nord, l&rsquo;ensevelissement se faisait tr\u00e8s souvent \u00e0 m\u00eame la terre.<\/p>\n<!-- \/wp:paragraph --><!-- wp:paragraph -->\n<p>La pierre tombale est toujours sobre et ne comporte g\u00e9n\u00e9ralement que la mention h\u00e9bra\u00efque de l&rsquo;identit\u00e9 du d\u00e9funt. Toute repr\u00e9sentation telle que statue ou image est rigoureusement interdite.<\/p>\n<!-- \/wp:paragraph --><!-- wp:paragraph -->\n<p>Le cimeti\u00e8re est tant\u00f4t d\u00e9sign\u00e9 comme \u201cMaison de vie\u201d ( Beth Ha&rsquo;Hayim), tant\u00f4t comme \u201cLa Maison d&rsquo;\u00e9ternit\u00e9(\u201d Beth&rsquo;Olam). Le juda\u00efsme n&rsquo;incite pas les fid\u00e8les \u00e0 entretenir le culte des morts par des marques ext\u00e9rieures ou par des visites r\u00e9p\u00e9t\u00e9es au cimeti\u00e8re. Toutefois, il \u00e9tait coutume nagu\u00e8re, surtout en Afrique du Nord, de visiter et d&rsquo;honorer les st\u00e8les fun\u00e9raires.<\/p>\n<!-- \/wp:paragraph -->\t\t\t\t\t\t\t\t<\/div>\n\t\t\t\t<\/div>\n\t\t\t\t\t<\/div>\n\t\t\t\t<\/div>\n\t\t\t\t<\/div>\n\t\t","protected":false},"excerpt":{"rendered":"<p>\u00a0 Les proches parents du d\u00e9funt, d\u00e9sign\u00e9s par le terme de \u201cOnenim\u201d (Afflig\u00e9s), ne doivent consommer ni viande ni vin (sauf pour le Chabbat) entre le moment du d\u00e9c\u00e8s et [&hellip;]<\/p>\n","protected":false},"author":2,"featured_media":0,"parent":0,"menu_order":0,"comment_status":"closed","ping_status":"closed","template":"templates\/template-full-width.php","meta":{"_acf_changed":false,"_eb_attr":"","h5ap_radio_sources":[],"footnotes":""},"class_list":["post-707","page","type-page","status-publish","hentry"],"acf":[],"_links":{"self":[{"href":"https:\/\/www.consistoirenice.org\/wordpress\/wp-json\/wp\/v2\/pages\/707","targetHints":{"allow":["GET"]}}],"collection":[{"href":"https:\/\/www.consistoirenice.org\/wordpress\/wp-json\/wp\/v2\/pages"}],"about":[{"href":"https:\/\/www.consistoirenice.org\/wordpress\/wp-json\/wp\/v2\/types\/page"}],"author":[{"embeddable":true,"href":"https:\/\/www.consistoirenice.org\/wordpress\/wp-json\/wp\/v2\/users\/2"}],"replies":[{"embeddable":true,"href":"https:\/\/www.consistoirenice.org\/wordpress\/wp-json\/wp\/v2\/comments?post=707"}],"version-history":[{"count":0,"href":"https:\/\/www.consistoirenice.org\/wordpress\/wp-json\/wp\/v2\/pages\/707\/revisions"}],"wp:attachment":[{"href":"https:\/\/www.consistoirenice.org\/wordpress\/wp-json\/wp\/v2\/media?parent=707"}],"curies":[{"name":"wp","href":"https:\/\/api.w.org\/{rel}","templated":true}]}}