{"id":699,"date":"2020-12-03T18:51:50","date_gmt":"2020-12-03T17:51:50","guid":{"rendered":"https:\/\/www.consistoirenice.org\/wordpress\/?page_id=699"},"modified":"2026-04-01T17:53:59","modified_gmt":"2026-04-01T15:53:59","slug":"les-dirigeants","status":"publish","type":"page","link":"https:\/\/www.consistoirenice.org\/wordpress\/les-dirigeants\/","title":{"rendered":"Les Dirigeants"},"content":{"rendered":"\t\t<div data-elementor-type=\"wp-page\" data-elementor-id=\"699\" class=\"elementor elementor-699\" data-elementor-post-type=\"page\">\n\t\t\t\t<div class=\"elementor-element elementor-element-60ec82d e-flex e-con-boxed e-con e-parent\" data-id=\"60ec82d\" data-element_type=\"container\" data-e-type=\"container\">\n\t\t\t\t\t<div class=\"e-con-inner\">\n\t\t\t\t<div class=\"elementor-element elementor-element-43fc3c3 elementor-headline--style-highlight elementor-widget elementor-widget-animated-headline\" data-id=\"43fc3c3\" data-element_type=\"widget\" data-e-type=\"widget\" data-settings=\"{&quot;marker&quot;:&quot;underline&quot;,&quot;highlighted_text&quot;:&quot;Le Conseil&quot;,&quot;headline_style&quot;:&quot;highlight&quot;,&quot;loop&quot;:&quot;yes&quot;,&quot;highlight_animation_duration&quot;:1200,&quot;highlight_iteration_delay&quot;:8000}\" data-widget_type=\"animated-headline.default\">\n\t\t\t\t<div class=\"elementor-widget-container\">\n\t\t\t\t\t\t\t<h3 class=\"elementor-headline\">\n\t\t\t\t<span class=\"elementor-headline-dynamic-wrapper elementor-headline-text-wrapper\">\n\t\t\t\t\t<span class=\"elementor-headline-dynamic-text elementor-headline-text-active\">Le Conseil<\/span>\n\t\t\t\t<\/span>\n\t\t\t\t<\/h3>\n\t\t\t\t\t\t<\/div>\n\t\t\t\t<\/div>\n\t\t\t\t\t<\/div>\n\t\t\t\t<\/div>\n\t\t\t\t<section class=\"elementor-section elementor-top-section elementor-element elementor-element-02244d2 elementor-section-boxed elementor-section-height-default elementor-section-height-default\" data-id=\"02244d2\" data-element_type=\"section\" data-e-type=\"section\">\n\t\t\t\t\t\t<div class=\"elementor-container elementor-column-gap-default\">\n\t\t\t\t\t<div class=\"elementor-column elementor-col-100 elementor-top-column elementor-element elementor-element-f7ef968\" data-id=\"f7ef968\" data-element_type=\"column\" data-e-type=\"column\">\n\t\t\t<div class=\"elementor-widget-wrap elementor-element-populated\">\n\t\t\t\t<div class=\"elementor-element elementor-element-a41ba64 e-grid e-con-boxed e-con e-parent\" data-id=\"a41ba64\" data-element_type=\"container\" data-e-type=\"container\">\n\t\t\t\t\t<div class=\"e-con-inner\">\n\t\t\t\t<div class=\"elementor-element elementor-element-c79250b elementor-widget elementor-widget-text-editor\" data-id=\"c79250b\" data-element_type=\"widget\" data-e-type=\"widget\" data-widget_type=\"text-editor.default\">\n\t\t\t\t<div class=\"elementor-widget-container\">\n\t\t\t\t\t\t\t\t\t<p style=\"text-align: center;\"><span style=\"color: #2a4990;\"><strong>ADMINISTRATEURS<\/strong><\/span><\/p><p style=\"text-align: center;\"><span style=\"color: #000000;\">M. Serge ABIHSSIRA<\/span><\/p><p style=\"text-align: center;\"><span style=\"color: #000000;\">M. Ruben ASSARAF<\/span><\/p><p style=\"text-align: center;\"><span style=\"color: #000000;\">M. Jo\u00ebl ATLAN<\/span><\/p><p style=\"text-align: center;\"><span style=\"color: #000000;\">M. Eric BEDDOUK<\/span><\/p><p style=\"text-align: center;\"><span style=\"color: #000000;\">M. Richard ELKAIM<\/span><\/p><p style=\"text-align: center;\"><span style=\"color: #000000;\">M. Gilbert HALFON<\/span><\/p><p style=\"text-align: center;\"><span style=\"color: #000000;\">M. St\u00e9phane HASSOUN<\/span><\/p><p style=\"text-align: center;\"><span style=\"color: #000000;\">Mme Delphine KARCENTY<\/span><\/p><p style=\"text-align: center;\"><span style=\"color: #000000;\">M. Jean-Pierre LELLOUCHE<\/span><\/p><p style=\"text-align: center;\"><span style=\"color: #000000;\">Mme Ya\u00ebl MAZIGH<\/span><\/p><p style=\"text-align: center;\"><span style=\"color: #000000;\">M. Ari NIDDAM<\/span><\/p><p style=\"text-align: center;\"><span style=\"color: #000000;\">M. Yohan NIDDAM<\/span><\/p><p style=\"text-align: center;\"><span style=\"color: #000000;\">M. Samuel OBADIA<\/span><\/p><p style=\"text-align: center;\"><span style=\"color: #000000;\">M. Daniel ORVIETO<\/span><\/p><p style=\"text-align: center;\"><span style=\"color: #000000;\">M. Jacques RUSO<\/span><\/p><p style=\"text-align: center;\"><span style=\"color: #000000;\">M. Dan SEBBAN<\/span><\/p><p style=\"text-align: center;\"><span style=\"color: #000000;\">M. Patrick ZARKA<strong>\u00a0<\/strong><\/span><\/p><p style=\"text-align: center;\"><span style=\"color: #2a4990;\"><strong>ADMINISTRATEUR HONORAIRE<\/strong><\/span><\/p><p style=\"text-align: center;\"><span style=\"color: #2a4990;\"><span style=\"color: #000000;\">Yvan LELLOUCHE <strong>\u05d6\u00a0\u00bb\u05dc<\/strong><\/span><br \/><\/span><\/p>\t\t\t\t\t\t\t\t<\/div>\n\t\t\t\t<\/div>\n\t\t\t\t<div class=\"elementor-element elementor-element-90c424b elementor-widget elementor-widget-text-editor\" data-id=\"90c424b\" data-element_type=\"widget\" data-e-type=\"widget\" data-widget_type=\"text-editor.default\">\n\t\t\t\t<div class=\"elementor-widget-container\">\n\t\t\t\t\t\t\t\t\t<p style=\"text-align: center;\"><span style=\"color: #2a4990;\"><strong>PR\u00c9SIDENT DU CONSISTOIRE<\/strong><\/span><\/p><p style=\"text-align: center;\">M. Maurice NIDDAM<strong>\u00a0<\/strong><\/p><p style=\"text-align: center;\"><span style=\"color: #2a4990;\"><strong>PR\u00c9SIDENT HONORAIRES<\/strong><\/span><\/p><p style=\"text-align: center;\">G\u00e9rard ELBAZ <strong>\u05d6\u00a0\u00bb\u05dc<\/strong><\/p><p style=\"text-align: center;\">M. Rapha\u00ebl CHOKRON<\/p><p style=\"text-align: center;\">M. Guy TOUBIANA<\/p><p style=\"text-align: center;\">Dr J BENICHOU<\/p><p style=\"text-align: center;\">Dr Lucien SAMAK<\/p><p style=\"text-align: center;\">M. Guy SELLAM <strong>\u05d6\u00a0\u00bb\u05dc<\/strong><span style=\"color: #2a4990;\"><br \/><\/span><\/p><p style=\"text-align: center;\"><span style=\"color: #2a4990;\"><strong>VICE-PR\u00c9SIDENTS HONORAIRES<\/strong><\/span><\/p><p style=\"text-align: center;\">Harry LEVY <strong>\u05d6\u00a0\u00bb\u05dc<\/strong><\/p><p style=\"text-align: center;\">M. Jos\u00e9 KUZINER<\/p><p style=\"text-align: center;\"><span style=\"color: #2a4990;\"><strong>CONSEILLERS AUPR\u00c8S DU PR\u00c9SIDENT<\/strong><\/span><\/p><p style=\"text-align: center;\">M. J\u00e9rome CULIOLI<\/p><p style=\"text-align: center;\">M. Bension <\/p><p style=\"text-align: center;\">M. Jeremy GUEDJ<\/p><p style=\"text-align: center;\"><span style=\"color: #2a4990;\"><strong>TR\u00c9SORIER G\u00c9N\u00c9RAL<\/strong> <\/span><br \/>M. Jacques RUSO<strong>\u00a0<\/strong><\/p><p style=\"text-align: center;\"><span style=\"color: #2a4990;\"><strong>SECR\u00c9TAIRE G\u00c9N\u00c9RAL<\/strong> <\/span><br \/>M. Yohan NIDDAM<strong>\u00a0<\/strong><\/p><p style=\"text-align: center;\"><span style=\"color: #2a4990;\"><strong>RESPONSABLE ADMINISTRATIVE<\/strong> <\/span><br \/>Mme. Kareen ISRAEL 04 93 92 11 38<strong>\u00a0<\/strong><\/p><p style=\"text-align: center;\"><a href=\"https:\/\/www.consistoirenice.org\/wordpress\/contacter-le-service-administratif-du-consistoire-de-nice\/\">(\u00e9crire au service administratif)<\/a><\/p>\t\t\t\t\t\t\t\t<\/div>\n\t\t\t\t<\/div>\n\t\t\t\t<div class=\"elementor-element elementor-element-ce5264b elementor-widget elementor-widget-text-editor\" data-id=\"ce5264b\" data-element_type=\"widget\" data-e-type=\"widget\" data-widget_type=\"text-editor.default\">\n\t\t\t\t<div class=\"elementor-widget-container\">\n\t\t\t\t\t\t\t\t\t<p style=\"text-align: center;\"><span style=\"color: #2a4990;\"><strong>PERSONNALIT\u00c9S COOPT\u00c9ES<\/strong><\/span><\/p><p style=\"text-align: center;\">Marc BENVENISTE<\/p><p style=\"text-align: center;\">Mme Karine CULIOLI<\/p><p style=\"text-align: center;\">Mrs Jacques BENIZRY<\/p><p style=\"text-align: center;\">Claude BOUGANIM<\/p><p style=\"text-align: center;\">Robert BOUSQUET<\/p><p style=\"text-align: center;\">Jean-Jacques SAYAG<strong>\u00a0<\/strong><\/p><p style=\"text-align: center;\"><span style=\"color: #2a4990;\"><strong>PERSONNALIT\u00c9S EXT\u00c9RIEURES<\/strong><\/span><\/p><p style=\"text-align: center;\">M. Daniel PREZDBORSKI<\/p><p style=\"text-align: center;\">M. Isaac BODOKH<\/p><p style=\"text-align: center;\">M. Yossi\u00a0BENAVRAHAM<\/p><p style=\"text-align: center;\">M. Bernard BENKEMOUN<strong>\u00a0<\/strong><\/p>\t\t\t\t\t\t\t\t<\/div>\n\t\t\t\t<\/div>\n\t\t\t\t<div class=\"elementor-element elementor-element-1bcc30e elementor-widget elementor-widget-text-editor\" data-id=\"1bcc30e\" data-element_type=\"widget\" data-e-type=\"widget\" data-widget_type=\"text-editor.default\">\n\t\t\t\t<div class=\"elementor-widget-container\">\n\t\t\t\t\t\t\t\t\t<p style=\"text-align: center;\"><span style=\"color: #2a4990;\"><strong>TALMUD TORAH<\/strong><\/span><\/p><p style=\"text-align: center;\">Rabbin J\u00e9r\u00e9my ZAOUI<\/p><p style=\"text-align: center;\">Rabbin Joseph ZERDOUN<strong>\u00a0<\/strong><\/p><p style=\"text-align: center;\"><span style=\"color: #2a4990;\"><strong>HEVRA KADICHA<\/strong> <\/span><br \/>M. Marc KABALO<strong>\u00a0<\/strong><\/p><p style=\"text-align: center;\"><span style=\"color: #2a4990;\"><strong>SYNAGOGUE BLACAS<\/strong> <\/span><br \/>M. Emile COHEN<strong>\u00a0<\/strong><\/p><p style=\"text-align: center;\"><span style=\"color: #2a4990;\"><strong>CORNICHE FLEURIE<\/strong> <\/span><br \/>Mrs Eric BEDDOUK 06.16.02.01.09<\/p><p style=\"text-align: center;\">Jean-Jacques SAYAG<strong>\u00a0<\/strong><\/p><p style=\"text-align: center;\"><span style=\"color: #2a4990;\"><strong>SYNAGOGUE DELOYE<\/strong> <\/span><br \/>M. Dan SEBBAN<\/p><p style=\"text-align: center;\">M. Ruben ASSARAF<\/p><p style=\"text-align: center;\"><span style=\"color: #2a4990;\"><strong>SYNAGOGUE LA FRATERNELLE<\/strong><\/span><\/p><p style=\"text-align: center;\">Mrs Robert BOUSQUET<\/p><p style=\"text-align: center;\">Gilles ZAKINI<strong>\u00a0<\/strong><\/p><p style=\"text-align: center;\"><span style=\"color: #2a4990;\"><strong>CENTRE VITERBO &amp; MERKAZ<\/strong> <\/span><br \/>Mrs Jo\u00ebl ATLAN<\/p><p style=\"text-align: center;\">Jacques BENIZRY<strong>\u00a0<\/strong><\/p><p style=\"text-align: center;\"><span style=\"color: #2a4990;\"><strong>CENTRE MICHELET<\/strong> <\/span><br \/>Mrs Gilbert HALFON<\/p><p style=\"text-align: center;\">Samuel OBADIA<\/p><p style=\"text-align: center;\">Daniel ORVIETO<\/p>\t\t\t\t\t\t\t\t<\/div>\n\t\t\t\t<\/div>\n\t\t\t\t<div class=\"elementor-element elementor-element-20a0a9f elementor-widget elementor-widget-spacer\" data-id=\"20a0a9f\" data-element_type=\"widget\" data-e-type=\"widget\" data-widget_type=\"spacer.default\">\n\t\t\t\t<div class=\"elementor-widget-container\">\n\t\t\t\t\t\t\t<div class=\"elementor-spacer\">\n\t\t\t<div class=\"elementor-spacer-inner\"><\/div>\n\t\t<\/div>\n\t\t\t\t\t\t<\/div>\n\t\t\t\t<\/div>\n\t\t\t\t<div class=\"elementor-element elementor-element-c3e3bf8 elementor-widget elementor-widget-text-editor\" data-id=\"c3e3bf8\" data-element_type=\"widget\" data-e-type=\"widget\" data-widget_type=\"text-editor.default\">\n\t\t\t\t<div class=\"elementor-widget-container\">\n\t\t\t\t\t\t\t\t\t<p style=\"text-align: center;\"><span style=\"color: #2a4990;\"><strong>CONSISTOIRE<\/strong><\/span><br \/>Mme Sharon BENIZRI 04 93 92 11 38<\/p><p style=\"text-align: center;\">Mme Simone DARMON 07 43 66 21 64<\/p><p style=\"text-align: center;\"><a href=\"https:\/\/www.consistoirenice.org\/wordpress\/contacter-le-secretariat-du-consistoire-de-nice\/\">(\u00e9crire au Secr\u00e9tariat)<\/a><\/p><p style=\"text-align: center;\"><span style=\"color: #2a4990;\"><strong>RABBINAT<\/strong><\/span><br \/>Mme Gina SAFAR 06 25 75 82 47<\/p><p style=\"text-align: center;\"><a href=\"https:\/\/www.consistoirenice.org\/wordpress\/contacter-le-rabbinat-du-consistoire-de-nice\/\">(\u00e9crire au Rabbinat)<\/a><\/p><p style=\"text-align: center;\"><span style=\"color: #2a4990;\"><strong>CHAMACH DELOYE<\/strong> <\/span><br \/>M. Marc KABALO 07 69 80 52 17<strong>\u00a0<\/strong><\/p><p style=\"text-align: center;\"><span style=\"color: #2a4990;\"><strong>CHAMACH MICHELET<\/strong> <\/span><br \/>M. Chalom YAICHE 06 03 22 73 95<strong>\u00a0<\/strong><\/p><p style=\"text-align: center;\"><span style=\"color: #2a4990;\"><strong>PROTOCOLE \/ COMMUNICATION<\/strong> <\/span><br \/>M. Yossi BENAVRAHAM<\/p><p style=\"text-align: center;\"><a href=\"https:\/\/www.consistoirenice.org\/wordpress\/contacter-le-service-de-communication-du-consistoire-de-nice\/\">(\u00e9crire au Protocole \/ Communication)<\/a><\/p><p style=\"text-align: center;\"><span style=\"color: #2a4990;\"><strong>MIKVE\u00a0<\/strong><\/span><\/p><p style=\"text-align: center;\"><a href=\"http:\/\/mikve-nice.org\" target=\"_blank\" rel=\"noopener\">http:\/\/mikve-nice.org<\/a><\/p><p style=\"text-align: center;\">22 rue Michelet Nice<br \/>Mme Yael TEBOUL<br \/>(Femme) 06 23 25 68 20<\/p><p style=\"text-align: center;\">M. Chalom YA\u00cfCH<br \/>(Homme) 06 03 22 73 95<strong>\u00a0<\/strong><\/p>\t\t\t\t\t\t\t\t<\/div>\n\t\t\t\t<\/div>\n\t\t\t\t\t<\/div>\n\t\t\t\t<\/div>\n\t\t\t\t\t<\/div>\n\t\t<\/div>\n\t\t\t\t\t<\/div>\n\t\t<\/section>\n\t\t\t\t<\/div>\n\t\t","protected":false},"excerpt":{"rendered":"<p>Le Conseil ADMINISTRATEURS M. Serge ABIHSSIRA M. Ruben ASSARAF M. Jo\u00ebl ATLAN M. Eric BEDDOUK M. Richard ELKAIM M. Gilbert HALFON M. St\u00e9phane HASSOUN Mme Delphine KARCENTY M. Jean-Pierre LELLOUCHE [&hellip;]<\/p>\n","protected":false},"author":2,"featured_media":0,"parent":0,"menu_order":0,"comment_status":"closed","ping_status":"closed","template":"elementor_header_footer","meta":{"_acf_changed":false,"_eb_attr":"","h5ap_radio_sources":[],"footnotes":""},"class_list":["post-699","page","type-page","status-publish","hentry"],"acf":[],"_links":{"self":[{"href":"https:\/\/www.consistoirenice.org\/wordpress\/wp-json\/wp\/v2\/pages\/699","targetHints":{"allow":["GET"]}}],"collection":[{"href":"https:\/\/www.consistoirenice.org\/wordpress\/wp-json\/wp\/v2\/pages"}],"about":[{"href":"https:\/\/www.consistoirenice.org\/wordpress\/wp-json\/wp\/v2\/types\/page"}],"author":[{"embeddable":true,"href":"https:\/\/www.consistoirenice.org\/wordpress\/wp-json\/wp\/v2\/users\/2"}],"replies":[{"embeddable":true,"href":"https:\/\/www.consistoirenice.org\/wordpress\/wp-json\/wp\/v2\/comments?post=699"}],"version-history":[{"count":3,"href":"https:\/\/www.consistoirenice.org\/wordpress\/wp-json\/wp\/v2\/pages\/699\/revisions"}],"predecessor-version":[{"id":17936,"href":"https:\/\/www.consistoirenice.org\/wordpress\/wp-json\/wp\/v2\/pages\/699\/revisions\/17936"}],"wp:attachment":[{"href":"https:\/\/www.consistoirenice.org\/wordpress\/wp-json\/wp\/v2\/media?parent=699"}],"curies":[{"name":"wp","href":"https:\/\/api.w.org\/{rel}","templated":true}]}}