{"id":693,"date":"2020-12-03T18:43:52","date_gmt":"2020-12-03T17:43:52","guid":{"rendered":"https:\/\/www.consistoirenice.org\/wordpress\/?page_id=693"},"modified":"2026-03-29T10:34:51","modified_gmt":"2026-03-29T08:34:51","slug":"les-commandements-et-prieres","status":"publish","type":"page","link":"https:\/\/www.consistoirenice.org\/wordpress\/les-commandements-et-prieres\/","title":{"rendered":"Les Commandements et Pri\u00e8res"},"content":{"rendered":"\t\t<div data-elementor-type=\"wp-page\" data-elementor-id=\"693\" class=\"elementor elementor-693\" data-elementor-post-type=\"page\">\n\t\t\t\t<div class=\"elementor-element elementor-element-2e282022 e-flex e-con-boxed e-con e-parent\" data-id=\"2e282022\" data-element_type=\"container\" data-e-type=\"container\">\n\t\t\t\t\t<div class=\"e-con-inner\">\n\t\t\t\t<div class=\"elementor-element elementor-element-72113b2 elementor-headline--style-highlight elementor-widget elementor-widget-animated-headline\" data-id=\"72113b2\" data-element_type=\"widget\" data-e-type=\"widget\" data-settings=\"{&quot;marker&quot;:&quot;underline&quot;,&quot;highlighted_text&quot;:&quot;Les commandements et pri\\u00e8res&quot;,&quot;headline_style&quot;:&quot;highlight&quot;,&quot;loop&quot;:&quot;yes&quot;,&quot;highlight_animation_duration&quot;:1200,&quot;highlight_iteration_delay&quot;:8000}\" data-widget_type=\"animated-headline.default\">\n\t\t\t\t<div class=\"elementor-widget-container\">\n\t\t\t\t\t\t\t<h3 class=\"elementor-headline\">\n\t\t\t\t<span class=\"elementor-headline-dynamic-wrapper elementor-headline-text-wrapper\">\n\t\t\t\t\t<span class=\"elementor-headline-dynamic-text elementor-headline-text-active\">Les commandements et pri\u00e8res<\/span>\n\t\t\t\t<\/span>\n\t\t\t\t<\/h3>\n\t\t\t\t\t\t<\/div>\n\t\t\t\t<\/div>\n\t\t\t\t<div class=\"elementor-element elementor-element-377fdb32 elementor-widget elementor-widget-text-editor\" data-id=\"377fdb32\" data-element_type=\"widget\" data-e-type=\"widget\" data-widget_type=\"text-editor.default\">\n\t\t\t\t<div class=\"elementor-widget-container\">\n\t\t\t\t\t\t\t\t\t<p><span style=\"color: #000000;\"><\/span><\/p>\n<p><span style=\"color: #000000;\"><strong>\u2022\u00a0L&rsquo;HEBREU<\/strong><\/span><\/p>\n<p><span style=\"color: #000000;\"><\/span><\/p>\n<p><span style=\"color: #000000;\">L&rsquo;h\u00e9breu est consid\u00e9r\u00e9 comme la langue sacr\u00e9e par laquelle le Verbe divin a cr\u00e9\u00e9 le monde et que parlaient Adam et Eve au jardin d&rsquo;Eden. L&rsquo;h\u00e9breu est surtout la langue de la Torah et celle de la plupart des pri\u00e8res. L&rsquo;h\u00e9breu parl\u00e9 aujourd&rsquo;hui en Isra\u00ebl est une v\u00e9ritable r\u00e9surrection de l&rsquo;h\u00e9breu biblique, dont le linguiste Eliezer Ben Yehouda (1858-1922) a modernis\u00e9 la grammaire, enrichi le vocabulaire et supprim\u00e9 les archa\u00efsmes pour en faire une langue d&rsquo;utilisation quotidienne.<\/span><\/p>\n<p><span style=\"color: #000000;\"><\/span><\/p>\n<p><span style=\"color: #000000;\"><strong>\u2022\u00a0LES COMMANDEMENTS<\/strong><\/span><\/p>\n<p><span style=\"color: #000000;\"><\/span><\/p>\n<p><span style=\"color: #000000;\">Il existe 613 commandements, auquel chaque Juif essaie de s&rsquo;astreindre. Il y a 365 commandements positifs (par exemple, respecter le Chabbat), et 248 n\u00e9gatifs (par exemple, ne pas manger d&rsquo;aliments interdits par la cacherout).<\/span><\/p>\n<p><span style=\"color: #000000;\"><\/span><\/p>\n<p><span style=\"color: #000000;\">L&rsquo;accomplissement de nombre de commandements positifs est pr\u00e9c\u00e9d\u00e9 d&rsquo;une b\u00e9n\u00e9diction appropri\u00e9e, qui commence g\u00e9n\u00e9ralement en ces termes : \u00ab B\u00e9ni sois-Tu Eternel notre Dieu, Roi de l&rsquo;univers, qui nous as sanctifi\u00e9s par Tes commandements et nous as enjoints de\u2026 \u00bb.<\/span><\/p>\n<p><span style=\"color: #000000;\"><\/span><\/p>\n<p><span style=\"color: #000000;\">Il existe des centaines d&rsquo;autres b\u00e9n\u00e9dictions, certaines li\u00e9es \u00e0 un rituel (mettre le tallit, allumer les bougies du Chabbat), d&rsquo;autres r\u00e9serv\u00e9es \u00e0 des ph\u00e9nom\u00e8nes naturels (foudre, arc-en-ciel), d&rsquo;autres encore pour des occasions exceptionnelles (visite d&rsquo;un monarque ou d&rsquo;un savant) et d&rsquo;autres pour des moments parfaitement ordinaires (consommation de nourriture, d\u00e9part en voyage).<\/span><\/p>\n<p><span style=\"color: #000000;\"><\/span><\/p>\n<p><span style=\"color: #000000;\"><strong>\u2022\u00a0LES PRIERES<\/strong><\/span><\/p>\n<p><span style=\"color: #000000;\"><\/span><\/p>\n<p><span style=\"color: #000000;\"><strong>\u2022\u00a0Les pri\u00e8res quotidiennes<\/strong><\/span><\/p>\n<p><span style=\"color: #000000;\"><\/span><\/p>\n<p><span style=\"color: #000000;\">Le rituel a fix\u00e9 trois pri\u00e8res quotidiennes (matin, apr\u00e8s-midi, soir).<\/span><\/p>\n<p><span style=\"color: #000000;\"><\/span><\/p>\n<p><span style=\"color: #000000;\">La pri\u00e8re juive est essentiellement en h\u00e9breu, avec certaines pri\u00e8res en aram\u00e9en, mais elle peut s&rsquo;exprimer en toute langue. Elle n&rsquo;est pas seulement verbale, elle est aussi physique : la tradition indique les moments o\u00f9 l&rsquo;on est assis, debout ou prostern\u00e9 ; les moments o\u00f9 l&rsquo;on doit avancer, reculer ou se tourner. Certaines personnes aiment se balancer d&rsquo;avant en arri\u00e8re ou de droite \u00e0 gauche pour augmenter leur concentration totale dans la pri\u00e8re.<\/span><\/p>\n<p><span style=\"color: #000000;\"><\/span><\/p>\n<p><span style=\"color: #000000;\">On prie dans la direction de J\u00e9rusalem en souvenir du Temple. La pri\u00e8re juive ne requiert ni Temple, ni synagogue, ni rabbin et peut \u00eatre r\u00e9cit\u00e9e en tout lieu. N\u00e9anmoins, certaines pri\u00e8res (comme le Kaddich ou la lecture de la Torah) ne peuvent \u00eatre r\u00e9cit\u00e9es qu&rsquo;en communaut\u00e9, c&rsquo;est-\u00e0-dire en pr\u00e9sence de dix hommes au minimum (ce quorum est appel\u00e9 \u00ab minian \u00bb).<\/span><\/p>\n<p><span style=\"color: #000000;\"><\/span><\/p>\n<p><span style=\"color: #000000;\">La liturgie comporte des louanges, des actions de gr\u00e2ce, des supplications, des manifestations de repentir. Elle recherche un \u00e9quilibre entre les normes fix\u00e9es par le rituel et une ouverture vers la spontan\u00e9it\u00e9 et la fra\u00eecheur. Les pri\u00e8res sont soit des reprises de textes de la Torah (Chema, psaumes, etc.), soit des cr\u00e9ations originales post\u00e9rieures. La diversit\u00e9 g\u00e9ographique des communaut\u00e9s juives se refl\u00e8te \u00e9galement dans la vari\u00e9t\u00e9 des m\u00e9lodies qui accompagnent les pri\u00e8res, souvent influenc\u00e9es par l&rsquo;environnement imm\u00e9diat.<\/span><\/p>\n<p><span style=\"color: #000000;\"><\/span><\/p>\n<p><span style=\"color: #000000;\"><strong>\u2022\u00a0LE CHEMA<\/strong><\/span><\/p>\n<p><span style=\"color: #000000;\"><\/span><\/p>\n<p><span style=\"color: #000000;\">Profession de foi du juda\u00efsme, tir\u00e9 du Deut. 6 :4 : \u00ab Ecoute, Isra\u00ebl, l&rsquo;Eternel est notre Dieu, l&rsquo;Eternel est Un ! \u00bb. \u00ab Chema \u00bb est le premier mot de la pri\u00e8re en h\u00e9breu et signifie \u00ab \u00e9coute ! \u00bb. Le Chema est compos\u00e9 de trois paragraphes qui sont r\u00e9cit\u00e9s \u00e0 deux des trois pri\u00e8res quotidiennes\u00a0:<\/span><\/p>\n<p><span style=\"color: #000000;\"><\/span><\/p>\n<p><span style=\"color: #000000;\">\u2022\u00a0Le premier extrait vient du Deut. 6 :4-9 et affirme l&rsquo;Unit\u00e9 divine ainsi que divers Commandements au peuple d&rsquo;Isra\u00ebl (amour de Dieu, mezouza, teffiline).<\/span><\/p>\n<p><span style=\"color: #000000;\"><\/span><\/p>\n<p><span style=\"color: #000000;\">\u2022\u00a0Le deuxi\u00e8me extrait vient du Deut. 11 :13-21 (principe de la r\u00e9tribution),<\/span><\/p>\n<p><span style=\"color: #000000;\"><\/span><\/p>\n<p><span style=\"color: #000000;\">\u2022\u00a0le troisi\u00e8me de Nombres 15 :37-41 (commandement du talit et rappel de la sortie d&rsquo;Egypte).<\/span><\/p>\n<p><span style=\"color: #000000;\"><\/span><\/p>\n<p><span style=\"color: #000000;\">Le Chema est \u00e9galement r\u00e9cit\u00e9 avant de se coucher et au seuil de la mort. Il appara\u00eet aussi sous une forme abr\u00e9g\u00e9e \u00e0 diff\u00e9rents moments de l&rsquo;office.<\/span><\/p>\n<p><span style=\"color: #000000;\"><\/span><\/p>\n<p><span style=\"color: #000000;\"><strong>\u2022\u00a0LA AMIDA<\/strong><\/span><\/p>\n<p><span style=\"color: #000000;\"><\/span><\/p>\n<p><span style=\"color: #000000;\">La Amida (\u00ab situation debout \u00bb, en h\u00e9breu) est une des pri\u00e8res centrales du juda\u00efsme, r\u00e9cit\u00e9e \u00e0 chaque office quotidien, d&rsquo;abord silencieusement puis r\u00e9p\u00e9t\u00e9e \u00e0 haute voix en communaut\u00e9. Elle est r\u00e9cit\u00e9e debout, les pieds joints, face \u00e0 J\u00e9rusalem.<\/span><\/p>\n<p><span style=\"color: #000000;\"><\/span><\/p>\n<p><span style=\"color: #000000;\">Elle se compose de trois b\u00e9n\u00e9dictions pr\u00e9liminaires de louange \u00e0 Dieu, suivies de treize b\u00e9n\u00e9dictions centrales sur les th\u00e8mes suivants : capacit\u00e9 de discernement, repentir, pardon, d\u00e9livrance de l&rsquo;oppression, gu\u00e9rison des malades, r\u00e9colte abondante, rassemblement des exil\u00e9s, justice, contre les ennemis d&rsquo;Isra\u00ebl, pour les justes, pour J\u00e9rusalem, la d\u00e9livrance messianique et l&rsquo;acceptation de la pri\u00e8re. Elle se termine par trois b\u00e9n\u00e9dictions finales sur le culte du Temple, la bont\u00e9 divine et la paix.<\/span><\/p>\n<p><span style=\"color: #000000;\"><\/span><\/p>\n<p><span style=\"color: #000000;\"><strong>\u2022\u00a0LE KIDDOUCH<\/strong><\/span><\/p>\n<p><span style=\"color: #000000;\"><\/span><\/p>\n<p><span style=\"color: #000000;\">B\u00e9n\u00e9diction sur le vin prononc\u00e9e le Chabbat et les jours de f\u00eates, avant le repas : \u00ab B\u00e9ni sois-Tu, Eternel notre Dieu, Roi de l&rsquo;univers, qui a cr\u00e9\u00e9 le fruit de la vigne. \u00bb<\/span><\/p>\n<p><span style=\"color: #000000;\"><\/span><\/p>\n<p><span style=\"color: #000000;\"><strong>\u2022\u00a0LE KADDICH<\/strong><\/span><\/p>\n<p><span style=\"color: #000000;\"><\/span><\/p>\n<p><span style=\"color: #000000;\">Le Kaddich (\u00ab saint \u00bb en h\u00e9breu) est un hymne \u00e0 la gloire divine et un appel \u00e0 l&rsquo;\u00e9tablissement de Son royaume sur la terre. Le Kaddich est en aram\u00e9en. Il se r\u00e9cite debout, tourn\u00e9 vers J\u00e9rusalem, en communaut\u00e9. Le Kaddich est dit au cimeti\u00e8re et \u00e0 plusieurs reprises pendant l&rsquo;office, notamment \u00e0 la fin, par les orphelins et les personnes en deuil pendant onze mois apr\u00e8s un d\u00e9c\u00e8s (et \u00e0 chaque jour anniversaire du d\u00e9c\u00e8s).<\/span><\/p>\n<p><span style=\"color: #000000;\"><\/span><\/p>\n<p><span style=\"color: #000000;\">Cette pri\u00e8re ne contient aucune allusion particuli\u00e8re \u00e0 la mort, mais elle est n\u00e9anmoins r\u00e9cit\u00e9e dans ce contexte depuis le XIIe si\u00e8cle. Le Kaddich a ainsi \u00e9t\u00e9 d\u00e9nomm\u00e9 \u00e0 tort \u00ab\u00a0Pri\u00e8re des Morts\u201d alors qu&rsquo;il s&rsquo;agit d&rsquo;une pri\u00e8re de sanctification.<\/span><\/p>\n<p><span style=\"color: #000000;\"><\/span><\/p>\n<p><span style=\"color: #000000;\"><strong>\u2022\u00a0AMEN<\/strong><\/span><\/p>\n<p><span style=\"color: #000000;\"><\/span><\/p>\n<p><span style=\"color: #000000;\">Ce mot h\u00e9bra\u00efque appara\u00eet une trentaine de fois dans la Bible. Comme substantif, il signifie \u00ab foi \u00bb. Comme adverbe, il \u00e9quivaut \u00e0 une formule d&rsquo;assentiment et d&rsquo;un v\u0153u : \u00ab Qu&rsquo;il en soit ainsi ! \u00bb.<\/span><\/p>\n<p><span style=\"color: #000000;\"><\/span><\/p>\n<p><span style=\"color: #000000;\">\u00ab Amen \u00bb est couramment utilis\u00e9 dans la liturgie comme r\u00e9ponse : on r\u00e9pond \u00ab amen \u00bb aux b\u00e9n\u00e9dictions obligatoires prononc\u00e9es par quelqu&rsquo;un d&rsquo;autre , apr\u00e8s chaque phrase du Kaddich, et entre autres occasions.<\/span><\/p>\n<p><span style=\"color: #000000;\"><\/span><\/p>\t\t\t\t\t\t\t\t<\/div>\n\t\t\t\t<\/div>\n\t\t\t\t\t<\/div>\n\t\t\t\t<\/div>\n\t\t\t\t<\/div>\n\t\t","protected":false},"excerpt":{"rendered":"<p>Les commandements et pri\u00e8res \u2022\u00a0L&rsquo;HEBREU L&rsquo;h\u00e9breu est consid\u00e9r\u00e9 comme la langue sacr\u00e9e par laquelle le Verbe divin a cr\u00e9\u00e9 le monde et que parlaient Adam et Eve au jardin d&rsquo;Eden. [&hellip;]<\/p>\n","protected":false},"author":2,"featured_media":0,"parent":0,"menu_order":0,"comment_status":"closed","ping_status":"closed","template":"elementor_header_footer","meta":{"_acf_changed":false,"_eb_attr":"","h5ap_radio_sources":[],"footnotes":""},"class_list":["post-693","page","type-page","status-publish","hentry"],"acf":[],"_links":{"self":[{"href":"https:\/\/www.consistoirenice.org\/wordpress\/wp-json\/wp\/v2\/pages\/693","targetHints":{"allow":["GET"]}}],"collection":[{"href":"https:\/\/www.consistoirenice.org\/wordpress\/wp-json\/wp\/v2\/pages"}],"about":[{"href":"https:\/\/www.consistoirenice.org\/wordpress\/wp-json\/wp\/v2\/types\/page"}],"author":[{"embeddable":true,"href":"https:\/\/www.consistoirenice.org\/wordpress\/wp-json\/wp\/v2\/users\/2"}],"replies":[{"embeddable":true,"href":"https:\/\/www.consistoirenice.org\/wordpress\/wp-json\/wp\/v2\/comments?post=693"}],"version-history":[{"count":0,"href":"https:\/\/www.consistoirenice.org\/wordpress\/wp-json\/wp\/v2\/pages\/693\/revisions"}],"wp:attachment":[{"href":"https:\/\/www.consistoirenice.org\/wordpress\/wp-json\/wp\/v2\/media?parent=693"}],"curies":[{"name":"wp","href":"https:\/\/api.w.org\/{rel}","templated":true}]}}