{"id":689,"date":"2020-12-03T18:41:01","date_gmt":"2020-12-03T17:41:01","guid":{"rendered":"https:\/\/www.consistoirenice.org\/wordpress\/?page_id=689"},"modified":"2026-04-02T18:05:52","modified_gmt":"2026-04-02T16:05:52","slug":"les-principes-fondateurs-du-judaisme","status":"publish","type":"page","link":"https:\/\/www.consistoirenice.org\/wordpress\/les-principes-fondateurs-du-judaisme\/","title":{"rendered":"Les Principes Fondateurs du Judaisme"},"content":{"rendered":"\t\t<div data-elementor-type=\"wp-page\" data-elementor-id=\"689\" class=\"elementor elementor-689\" data-elementor-post-type=\"page\">\n\t\t\t\t<div class=\"elementor-element elementor-element-40a5fd9f e-flex e-con-boxed e-con e-parent\" data-id=\"40a5fd9f\" data-element_type=\"container\" data-e-type=\"container\">\n\t\t\t\t\t<div class=\"e-con-inner\">\n\t\t\t\t<div class=\"elementor-element elementor-element-aa592fd elementor-headline--style-highlight elementor-widget elementor-widget-animated-headline\" data-id=\"aa592fd\" data-element_type=\"widget\" data-e-type=\"widget\" data-settings=\"{&quot;marker&quot;:&quot;underline&quot;,&quot;highlighted_text&quot;:&quot;Les principes fondateurs du juda\\u00efsme&quot;,&quot;headline_style&quot;:&quot;highlight&quot;,&quot;loop&quot;:&quot;yes&quot;,&quot;highlight_animation_duration&quot;:1200,&quot;highlight_iteration_delay&quot;:8000}\" data-widget_type=\"animated-headline.default\">\n\t\t\t\t<div class=\"elementor-widget-container\">\n\t\t\t\t\t\t\t<h3 class=\"elementor-headline\">\n\t\t\t\t<span class=\"elementor-headline-dynamic-wrapper elementor-headline-text-wrapper\">\n\t\t\t\t\t<span class=\"elementor-headline-dynamic-text elementor-headline-text-active\">Les principes fondateurs du juda\u00efsme<\/span>\n\t\t\t\t<\/span>\n\t\t\t\t<\/h3>\n\t\t\t\t\t\t<\/div>\n\t\t\t\t<\/div>\n\t\t\t\t<div class=\"elementor-element elementor-element-0cbe545 elementor-widget elementor-widget-html\" data-id=\"0cbe545\" data-element_type=\"widget\" data-e-type=\"widget\" data-widget_type=\"html.default\">\n\t\t\t\t<div class=\"elementor-widget-container\">\n\t\t\t\t\t<style>\n.principes-section {\n    background: #ffffff;\n    padding: 60px 20px;\n    font-family: 'Montserrat', sans-serif;\n    color: #132F4F;\n}\n\n.principes-container {\n    max-width: 900px;\n    margin: auto;\n}\n\n.principes-title {\n    text-align: center;\n    font-family: 'Cinzel', serif;\n    font-size: 32px;\n    margin-bottom: 40px;\n}\n\n\/* BLOCS *\/\n.block {\n    background: #163A77;\n    padding: 25px;\n    border-radius: 14px;\n    margin-bottom: 25px;\n    color: white;\n}\n\n.block-title {\n    color: #FFCC00;\n    font-weight: 600;\n    margin-bottom: 10px;\n}\n\n.block-text {\n    font-size: 16px;\n    line-height: 1.7;\n}\n<\/style>\n\n<div class=\"principes-section\">\n<div class=\"principes-container\">\n\n\n<!-- UNITE DIVINE -->\n<div class=\"block\">\n<div class=\"block-title\">L\u2019unit\u00e9 divine<\/div>\n<div class=\"block-text\">\nLe monoth\u00e9isme est le principe fondateur du juda\u00efsme. Il s\u2019exprime dans le Chema Isra\u00ebl :\n<br><br>\n<strong>\u00ab \u00c9coute Isra\u00ebl, l\u2019\u00c9ternel est notre Dieu, l\u2019\u00c9ternel est Un \u00bb<\/strong> (Deut. 6:4).\n<br><br>\nIl affirme l\u2019existence d\u2019un Dieu unique, cr\u00e9ateur du monde, garant de la morale, r\u00e9v\u00e9lant la Torah et intervenant dans l\u2019Histoire.\n<br><br>\nDieu maintient le monde en existence tout en accordant \u00e0 l\u2019homme le libre arbitre. Cette foi repose sur l\u2019alliance avec Abraham, confirm\u00e9e au Sina\u00ef avec le peuple d\u2019Isra\u00ebl.\n<\/div>\n<\/div>\n\n<!-- ALLIANCE -->\n<div class=\"block\">\n<div class=\"block-title\">L\u2019Alliance<\/div>\n<div class=\"block-text\">\nLa Torah \u00e9voque trois alliances fondamentales :\n<br><br>\n<strong>No\u00e9 :<\/strong> engagement universel symbolis\u00e9 par l\u2019arc-en-ciel et les lois \u00e9thiques.<br>\n<strong>Abraham :<\/strong> promesse d\u2019une descendance et de la Terre d\u2019Isra\u00ebl, avec la Brit Mila.<br>\n<strong>Isra\u00ebl :<\/strong> alliance collective au Sina\u00ef fond\u00e9e sur la Torah et les Dix Commandements.\n<br><br>\nCes alliances structurent les relations entre Dieu, l\u2019humanit\u00e9 et le peuple juif.\n<\/div>\n<\/div>\n\n<!-- TERRE ISRAEL -->\n<div class=\"block\">\n<div class=\"block-title\">L\u2019attachement \u00e0 la Terre d\u2019Isra\u00ebl<\/div>\n<div class=\"block-text\">\nLe peuple juif est li\u00e9 \u00e0 la Terre d\u2019Isra\u00ebl depuis l\u2019alliance avec Abraham.\n<br><br>\nCette terre devient le centre spirituel et historique du peuple juif, notamment avec J\u00e9rusalem et le Temple.\n<br><br>\nLes pri\u00e8res, les f\u00eates et les rites rappellent constamment ce lien, pr\u00e9sent \u00e0 toutes les \u00e9tapes de la vie juive.\n<\/div>\n<\/div>\n\n<!-- ELECTION -->\n<div class=\"block\">\n<div class=\"block-title\">L\u2019\u00e9lection<\/div>\n<div class=\"block-text\">\nL\u2019\u00e9lection d\u2019Isra\u00ebl traduit une responsabilit\u00e9 plus qu\u2019un privil\u00e8ge.\n<br><br>\nLe peuple juif s\u2019engage \u00e0 appliquer les commandements divins. Cette mission implique devoirs, fid\u00e9lit\u00e9 et responsabilit\u00e9 morale.\n<br><br>\nLa conversion permet \u00e0 toute personne de rejoindre ce peuple et ses engagements.\n<\/div>\n<\/div>\n\n<!-- LIBRE ARBITRE -->\n<div class=\"block\">\n<div class=\"block-title\">Le libre arbitre<\/div>\n<div class=\"block-text\">\nL\u2019homme est libre de ses choix, condition essentielle de la justice divine.\n<br><br>\nSelon Rabbi Akiva : <strong>\u00ab Tout est pr\u00e9vu, mais la libert\u00e9 est donn\u00e9e \u00bb<\/strong>.\n<br><br>\nCette libert\u00e9 implique responsabilit\u00e9, morale et engagement dans les actes.\n<\/div>\n<\/div>\n\n<!-- AMOUR -->\n<div class=\"block\">\n<div class=\"block-title\">L\u2019amour du prochain<\/div>\n<div class=\"block-text\">\n\u00ab Tu aimeras ton prochain comme toi-m\u00eame \u00bb (L\u00e9vitique).\n<br><br>\nCe principe inclut solidarit\u00e9, charit\u00e9, visite aux malades et soutien aux endeuill\u00e9s.\n<br><br>\nChaque \u00eatre humain \u00e9tant cr\u00e9\u00e9 \u00e0 l\u2019image de Dieu, amour du prochain et amour de Dieu sont indissociables.\n<\/div>\n<\/div>\n\n<!-- JUSTICE -->\n<div class=\"block\">\n<div class=\"block-title\">La justice sociale<\/div>\n<div class=\"block-text\">\nLa justice est au c\u0153ur du juda\u00efsme.\n<br><br>\nElle repose sur un \u00e9quilibre entre rigueur et compassion, \u00e0 l\u2019image de Dieu.\n<br><br>\nUne justice sans mis\u00e9ricorde ne correspond pas \u00e0 l\u2019id\u00e9al juif.\n<\/div>\n<\/div>\n\n<!-- VIE -->\n<div class=\"block\">\n<div class=\"block-title\">Le respect de la vie<\/div>\n<div class=\"block-text\">\nLa vie est une valeur supr\u00eame car elle est un don divin.\n<br><br>\nSauver une vie \u00e9quivaut \u00e0 sauver l\u2019univers.\n<br><br>\nM\u00eame le Chabbat peut \u00eatre transgress\u00e9 pour sauver une vie.\n<\/div>\n<\/div>\n\n<!-- CREATION -->\n<div class=\"block\">\n<div class=\"block-title\">La participation \u00e0 la cr\u00e9ation<\/div>\n<div class=\"block-text\">\nL\u2019homme est responsable du monde.\n<br><br>\nIl doit contribuer \u00e0 r\u00e9parer et am\u00e9liorer la cr\u00e9ation, pour lui-m\u00eame, les autres et l\u2019environnement.\n<\/div>\n<\/div>\n\n<!-- MESSIE -->\n<div class=\"block\">\n<div class=\"block-title\">Le Messie (\u00ab MASHIAH \u00bb)<\/div>\n<div class=\"block-text\">\nLe juda\u00efsme porte une esp\u00e9rance messianique : un monde de paix, justice et unit\u00e9.\n<br><br>\nL\u2019attente du Messie implique une responsabilit\u00e9 active : agir pour am\u00e9liorer le monde d\u00e8s aujourd\u2019hui.\n<\/div>\n<\/div>\n\n<\/div>\n<\/div>\t\t\t\t<\/div>\n\t\t\t\t<\/div>\n\t\t\t\t\t<\/div>\n\t\t\t\t<\/div>\n\t\t\t\t<\/div>\n\t\t","protected":false},"excerpt":{"rendered":"<p>Les principes fondateurs du juda\u00efsme L\u2019unit\u00e9 divine Le monoth\u00e9isme est le principe fondateur du juda\u00efsme. Il s\u2019exprime dans le Chema Isra\u00ebl : \u00ab \u00c9coute Isra\u00ebl, l\u2019\u00c9ternel est notre Dieu, l\u2019\u00c9ternel [&hellip;]<\/p>\n","protected":false},"author":2,"featured_media":0,"parent":0,"menu_order":0,"comment_status":"closed","ping_status":"closed","template":"elementor_header_footer","meta":{"_acf_changed":false,"_eb_attr":"","h5ap_radio_sources":[],"footnotes":""},"class_list":["post-689","page","type-page","status-publish","hentry"],"acf":[],"_links":{"self":[{"href":"https:\/\/www.consistoirenice.org\/wordpress\/wp-json\/wp\/v2\/pages\/689","targetHints":{"allow":["GET"]}}],"collection":[{"href":"https:\/\/www.consistoirenice.org\/wordpress\/wp-json\/wp\/v2\/pages"}],"about":[{"href":"https:\/\/www.consistoirenice.org\/wordpress\/wp-json\/wp\/v2\/types\/page"}],"author":[{"embeddable":true,"href":"https:\/\/www.consistoirenice.org\/wordpress\/wp-json\/wp\/v2\/users\/2"}],"replies":[{"embeddable":true,"href":"https:\/\/www.consistoirenice.org\/wordpress\/wp-json\/wp\/v2\/comments?post=689"}],"version-history":[{"count":9,"href":"https:\/\/www.consistoirenice.org\/wordpress\/wp-json\/wp\/v2\/pages\/689\/revisions"}],"predecessor-version":[{"id":18096,"href":"https:\/\/www.consistoirenice.org\/wordpress\/wp-json\/wp\/v2\/pages\/689\/revisions\/18096"}],"wp:attachment":[{"href":"https:\/\/www.consistoirenice.org\/wordpress\/wp-json\/wp\/v2\/media?parent=689"}],"curies":[{"name":"wp","href":"https:\/\/api.w.org\/{rel}","templated":true}]}}