{"id":687,"date":"2020-12-03T18:37:40","date_gmt":"2020-12-03T17:37:40","guid":{"rendered":"https:\/\/www.consistoirenice.org\/wordpress\/?page_id=687"},"modified":"2026-03-30T10:40:12","modified_gmt":"2026-03-30T08:40:12","slug":"le-mikveh","status":"publish","type":"page","link":"https:\/\/www.consistoirenice.org\/wordpress\/le-mikveh\/","title":{"rendered":"Le Mikv\u00e9"},"content":{"rendered":"\t\t<div data-elementor-type=\"wp-page\" data-elementor-id=\"687\" class=\"elementor elementor-687\" data-elementor-post-type=\"page\">\n\t\t\t\t<div class=\"elementor-element elementor-element-6fd19350 e-flex e-con-boxed e-con e-parent\" data-id=\"6fd19350\" data-element_type=\"container\" data-e-type=\"container\">\n\t\t\t\t\t<div class=\"e-con-inner\">\n\t\t\t\t<div class=\"elementor-element elementor-element-f76037e elementor-widget elementor-widget-spacer\" data-id=\"f76037e\" data-element_type=\"widget\" data-e-type=\"widget\" data-widget_type=\"spacer.default\">\n\t\t\t\t<div class=\"elementor-widget-container\">\n\t\t\t\t\t\t\t<div class=\"elementor-spacer\">\n\t\t\t<div class=\"elementor-spacer-inner\"><\/div>\n\t\t<\/div>\n\t\t\t\t\t\t<\/div>\n\t\t\t\t<\/div>\n\t\t\t\t<div class=\"elementor-element elementor-element-7be5e4c elementor-headline--style-highlight elementor-widget elementor-widget-animated-headline\" data-id=\"7be5e4c\" data-element_type=\"widget\" data-e-type=\"widget\" data-settings=\"{&quot;marker&quot;:&quot;underline&quot;,&quot;highlighted_text&quot;:&quot;Le Mikv\\u00e9&quot;,&quot;headline_style&quot;:&quot;highlight&quot;,&quot;loop&quot;:&quot;yes&quot;,&quot;highlight_animation_duration&quot;:1200,&quot;highlight_iteration_delay&quot;:8000}\" data-widget_type=\"animated-headline.default\">\n\t\t\t\t<div class=\"elementor-widget-container\">\n\t\t\t\t\t\t\t<h3 class=\"elementor-headline\">\n\t\t\t\t<span class=\"elementor-headline-dynamic-wrapper elementor-headline-text-wrapper\">\n\t\t\t\t\t<span class=\"elementor-headline-dynamic-text elementor-headline-text-active\">Le Mikv\u00e9<\/span>\n\t\t\t\t<\/span>\n\t\t\t\t<\/h3>\n\t\t\t\t\t\t<\/div>\n\t\t\t\t<\/div>\n\t\t\t\t<div class=\"elementor-element elementor-element-15aef306 elementor-widget elementor-widget-text-editor\" data-id=\"15aef306\" data-element_type=\"widget\" data-e-type=\"widget\" data-widget_type=\"text-editor.default\">\n\t\t\t\t<div class=\"elementor-widget-container\">\n\t\t\t\t\t\t\t\t\t\n<p class=\"has-drop-cap\">La puret\u00e9 conjugale est l&rsquo;un des principes fondamentaux sur lequel est bas\u00e9e la vie du foyer juif. Ces r\u00e8gles tr\u00e8s pr\u00e9cises n\u00e9cessitent une connaissance parfaite acquise notamment lors des cours pr\u00e9nuptiaux organis\u00e9s par le Rabbinat de Nice. Pratiquer ces r\u00e8gles, c&rsquo;est assurer la puret\u00e9, la p\u00e9rennit\u00e9 et la spiritualit\u00e9 de votre foyer.<\/p>\n\n<p><a href=\"http:\/\/mikve-nice.org\/\" target=\"_blank\" rel=\"noreferrer noopener\">Toutes les infos sur le site officiel du Mikve de Nice en cliquant ICI<\/a><\/p>\n\n<p><strong>Centre Consistorial MICHELET :<\/strong><\/p>\n\n<p>22, rue Michelet, 06100 NICE &#8211; T\u00e9l\u00e9phone : 06.13.97.63.22<\/p>\n\n<p>Responsable : Mme Sara ALLIA<\/p>\n\n<p><strong>Centre Consistorial CANNES :<\/strong><\/p>\n\n<p>16, Bd d&rsquo;Alsace, 06400 CANNES &#8211; T\u00e9l\u00e9phone : 04.93.38.16.54<\/p>\n\n<p>Responsable : Mme Eva MOYAL<\/p>\n\t\t\t\t\t\t\t\t<\/div>\n\t\t\t\t<\/div>\n\t\t\t\t\t<\/div>\n\t\t\t\t<\/div>\n\t\t\t\t<\/div>\n\t\t","protected":false},"excerpt":{"rendered":"<p>Le Mikv\u00e9 La puret\u00e9 conjugale est l&rsquo;un des principes fondamentaux sur lequel est bas\u00e9e la vie du foyer juif. Ces r\u00e8gles tr\u00e8s pr\u00e9cises n\u00e9cessitent une connaissance parfaite acquise notamment lors [&hellip;]<\/p>\n","protected":false},"author":2,"featured_media":0,"parent":0,"menu_order":0,"comment_status":"closed","ping_status":"closed","template":"templates\/template-full-width.php","meta":{"_acf_changed":false,"_eb_attr":"","h5ap_radio_sources":[],"footnotes":""},"class_list":["post-687","page","type-page","status-publish","hentry"],"acf":[],"_links":{"self":[{"href":"https:\/\/www.consistoirenice.org\/wordpress\/wp-json\/wp\/v2\/pages\/687","targetHints":{"allow":["GET"]}}],"collection":[{"href":"https:\/\/www.consistoirenice.org\/wordpress\/wp-json\/wp\/v2\/pages"}],"about":[{"href":"https:\/\/www.consistoirenice.org\/wordpress\/wp-json\/wp\/v2\/types\/page"}],"author":[{"embeddable":true,"href":"https:\/\/www.consistoirenice.org\/wordpress\/wp-json\/wp\/v2\/users\/2"}],"replies":[{"embeddable":true,"href":"https:\/\/www.consistoirenice.org\/wordpress\/wp-json\/wp\/v2\/comments?post=687"}],"version-history":[{"count":0,"href":"https:\/\/www.consistoirenice.org\/wordpress\/wp-json\/wp\/v2\/pages\/687\/revisions"}],"wp:attachment":[{"href":"https:\/\/www.consistoirenice.org\/wordpress\/wp-json\/wp\/v2\/media?parent=687"}],"curies":[{"name":"wp","href":"https:\/\/api.w.org\/{rel}","templated":true}]}}