{"id":682,"date":"2020-12-03T18:33:57","date_gmt":"2020-12-03T17:33:57","guid":{"rendered":"https:\/\/www.consistoirenice.org\/wordpress\/?page_id=682"},"modified":"2026-03-27T15:11:39","modified_gmt":"2026-03-27T14:11:39","slug":"la-bat-mitsva","status":"publish","type":"page","link":"https:\/\/www.consistoirenice.org\/wordpress\/la-bat-mitsva\/","title":{"rendered":"La Bat Mitzva"},"content":{"rendered":"\t\t<div data-elementor-type=\"wp-page\" data-elementor-id=\"682\" class=\"elementor elementor-682\" data-elementor-post-type=\"page\">\n\t\t\t\t<div class=\"elementor-element elementor-element-16a535db e-flex e-con-boxed e-con e-parent\" data-id=\"16a535db\" data-element_type=\"container\" data-e-type=\"container\">\n\t\t\t\t\t<div class=\"e-con-inner\">\n\t\t\t\t<div class=\"elementor-element elementor-element-d39579e elementor-headline--style-highlight elementor-widget elementor-widget-animated-headline\" data-id=\"d39579e\" data-element_type=\"widget\" data-e-type=\"widget\" data-settings=\"{&quot;marker&quot;:&quot;underline&quot;,&quot;highlighted_text&quot;:&quot;La Bat Mitsvah&quot;,&quot;headline_style&quot;:&quot;highlight&quot;,&quot;loop&quot;:&quot;yes&quot;,&quot;highlight_animation_duration&quot;:1200,&quot;highlight_iteration_delay&quot;:8000}\" data-widget_type=\"animated-headline.default\">\n\t\t\t\t<div class=\"elementor-widget-container\">\n\t\t\t\t\t\t\t<h3 class=\"elementor-headline\">\n\t\t\t\t<span class=\"elementor-headline-dynamic-wrapper elementor-headline-text-wrapper\">\n\t\t\t\t\t<span class=\"elementor-headline-dynamic-text elementor-headline-text-active\">La Bat Mitsvah<\/span>\n\t\t\t\t<\/span>\n\t\t\t\t<\/h3>\n\t\t\t\t\t\t<\/div>\n\t\t\t\t<\/div>\n\t\t\t\t<div class=\"elementor-element elementor-element-580ad7d5 elementor-widget elementor-widget-text-editor\" data-id=\"580ad7d5\" data-element_type=\"widget\" data-e-type=\"widget\" data-widget_type=\"text-editor.default\">\n\t\t\t\t<div class=\"elementor-widget-container\">\n\t\t\t\t\t\t\t\t\t\n<p class=\"has-drop-cap\"><span style=\"color: #000000;\">A partir de 12 ans, les jeunes filles peuvent c\u00e9l\u00e9brer leur Bat-Mitsva. Cette c\u00e9r\u00e9monie religieuse est c\u00e9l\u00e9br\u00e9e \u00e0 partir de 12 ans r\u00e9volus et marque la majorit\u00e9 religieuse de la jeune fille. Elle sera pr\u00e9c\u00e9d\u00e9e d&rsquo;une pr\u00e9paration avec les cours du Talmud Thora.<\/span><\/p>\n\n<p><span style=\"color: #000000;\">La c\u00e9r\u00e9monie consistera essentiellement en un discours que la jeune fille prononcera devant la Communaut\u00e9 et la famille \u00e0 la synagogue de son choix.<\/span><br \/><span style=\"color: #000000;\">Pour la d\u00e9termination de la date de la Bat-Mitsva et pour tout renseignement, adressez-vous au Rabbinat (04 93 85 82 06) ou au service administratif du Consistoire (04 93 92 11 38).<\/span><\/p>\n\n<p><span style=\"color: #000000;\"><strong>Pour toute demande de r\u00e9servation de salle, synagogue, pour votre \u00e9v\u00e8nement, contactez-nous via le formulaire ci-dessous ou appelez directement le Consistoire de Nice au : 04 93 92 11 38<\/strong><\/span><\/p>\n\n<div class=\"wp-block-contact-form-7-contact-form-selector\">\n<div class=\"wpcf7 no-js\" id=\"wpcf7-f9627-o1\" lang=\"fr-FR\" dir=\"ltr\" data-wpcf7-id=\"9627\">\n<div class=\"screen-reader-response\"><p role=\"status\" aria-live=\"polite\" aria-atomic=\"true\"><\/p> <ul><\/ul><\/div>\n<form action=\"\/wordpress\/wp-json\/wp\/v2\/pages\/682#wpcf7-f9627-o1\" method=\"post\" class=\"wpcf7-form init\" aria-label=\"Formulaire de contact\" enctype=\"multipart\/form-data\" novalidate=\"novalidate\" data-status=\"init\">\n<fieldset class=\"hidden-fields-container\"><input type=\"hidden\" name=\"_wpcf7\" value=\"9627\" \/><input type=\"hidden\" name=\"_wpcf7_version\" value=\"6.1.5\" \/><input type=\"hidden\" name=\"_wpcf7_locale\" value=\"fr_FR\" \/><input type=\"hidden\" name=\"_wpcf7_unit_tag\" value=\"wpcf7-f9627-o1\" \/><input type=\"hidden\" name=\"_wpcf7_container_post\" value=\"0\" \/><input type=\"hidden\" name=\"_wpcf7_posted_data_hash\" value=\"\" \/>\n<\/fieldset>\n<p><span class=\"wpcf7-form-control-wrap\" data-name=\"select-424\"><select class=\"wpcf7-form-control wpcf7-select\" aria-invalid=\"false\" name=\"select-424\"><option value=\"Espace souhait\u00e9\">Espace souhait\u00e9<\/option><option value=\"Centre Jean Kling\">Centre Jean Kling<\/option><option value=\"Centre Michelet\">Centre Michelet<\/option><option value=\"Centre Merkaz Viterbo\">Centre Merkaz Viterbo<\/option><option value=\"Centre Corniche Fleurie\">Centre Corniche Fleurie<\/option><option value=\"Centre La Fraternelle\">Centre La Fraternelle<\/option><\/select><\/span>\n<\/p>\n<p><label> Votre nom<br \/>\n<span class=\"wpcf7-form-control-wrap\" data-name=\"your-name\"><input size=\"40\" maxlength=\"400\" class=\"wpcf7-form-control wpcf7-text wpcf7-validates-as-required\" autocomplete=\"name\" aria-required=\"true\" aria-invalid=\"false\" value=\"\" type=\"text\" name=\"your-name\" \/><\/span> <\/label>\n<\/p>\n<p><label> Votre e-mail<br \/>\n<span class=\"wpcf7-form-control-wrap\" data-name=\"your-email\"><input size=\"40\" maxlength=\"400\" class=\"wpcf7-form-control wpcf7-email wpcf7-validates-as-required wpcf7-text wpcf7-validates-as-email\" autocomplete=\"email\" aria-required=\"true\" aria-invalid=\"false\" value=\"\" type=\"email\" name=\"your-email\" \/><\/span> <\/label>\n<\/p>\n<p><label> Votre telephone<br \/>\n<span class=\"wpcf7-form-control-wrap\" data-name=\"tel-453\"><input size=\"40\" maxlength=\"400\" class=\"wpcf7-form-control wpcf7-tel wpcf7-validates-as-required wpcf7-text wpcf7-validates-as-tel\" aria-required=\"true\" aria-invalid=\"false\" value=\"\" type=\"tel\" name=\"tel-453\" \/><\/span> <\/label>\n<\/p>\n<p><label> Ev\u00e8nement<br \/>\n<span class=\"wpcf7-form-control-wrap\" data-name=\"your-subject\"><input size=\"40\" maxlength=\"400\" class=\"wpcf7-form-control wpcf7-text wpcf7-validates-as-required\" aria-required=\"true\" aria-invalid=\"false\" value=\"\" type=\"text\" name=\"your-subject\" \/><\/span> <\/label>\n<\/p>\n<p><label> Votre demande<br \/>\n<span class=\"wpcf7-form-control-wrap\" data-name=\"your-message\"><textarea cols=\"40\" rows=\"10\" maxlength=\"2000\" class=\"wpcf7-form-control wpcf7-textarea wpcf7-validates-as-required\" aria-required=\"true\" aria-invalid=\"false\" name=\"your-message\"><\/textarea><\/span> <\/label>\n<\/p>\n<p><label> Envoyez vos documents au format PDF ou WORD<br \/>\n<span class=\"wpcf7-form-control-wrap\" data-name=\"file-490\"><input size=\"40\" class=\"wpcf7-form-control wpcf7-file\" accept=\".txt,application\/pdf,.doc,.docx\" aria-invalid=\"false\" type=\"file\" name=\"file-490\" \/><\/span><\/label>\n<\/p>\n<p><label> Date de votre \u00e9v\u00e8nement<br \/>\n<span class=\"wpcf7-form-control-wrap\" data-name=\"date-308\"><input class=\"wpcf7-form-control wpcf7-date wpcf7-validates-as-date\" aria-invalid=\"false\" value=\"\" type=\"date\" name=\"date-308\" \/><\/span> <\/label>\n<\/p>\n<p><input class=\"wpcf7-form-control wpcf7-submit has-spinner\" type=\"submit\" value=\"Envoyer\" \/>\n<\/p><div class=\"wpcf7-response-output\" aria-hidden=\"true\"><\/div>\n<\/form>\n<\/div>\n<\/div>\n\n<figure class=\"wp-block-image size-large\"><img fetchpriority=\"high\" decoding=\"async\" class=\"alignnone wp-image-7242 size-large\" src=\"https:\/\/www.consistoirenice.org\/wordpress\/wp-content\/uploads\/2024\/01\/2-1024x1024.png\" alt=\"\" width=\"580\" height=\"580\" srcset=\"https:\/\/www.consistoirenice.org\/wordpress\/wp-content\/uploads\/2024\/01\/2-1024x1024.png 1024w, https:\/\/www.consistoirenice.org\/wordpress\/wp-content\/uploads\/2024\/01\/2-300x300.png 300w, https:\/\/www.consistoirenice.org\/wordpress\/wp-content\/uploads\/2024\/01\/2-150x150.png 150w, https:\/\/www.consistoirenice.org\/wordpress\/wp-content\/uploads\/2024\/01\/2-768x768.png 768w, https:\/\/www.consistoirenice.org\/wordpress\/wp-content\/uploads\/2024\/01\/2.png 1080w\" sizes=\"(max-width: 580px) 100vw, 580px\" \/><\/figure>\n\t\t\t\t\t\t\t\t<\/div>\n\t\t\t\t<\/div>\n\t\t\t\t\t<\/div>\n\t\t\t\t<\/div>\n\t\t\t\t<\/div>\n\t\t","protected":false},"excerpt":{"rendered":"<p>La Bat Mitsvah A partir de 12 ans, les jeunes filles peuvent c\u00e9l\u00e9brer leur Bat-Mitsva. Cette c\u00e9r\u00e9monie religieuse est c\u00e9l\u00e9br\u00e9e \u00e0 partir de 12 ans r\u00e9volus et marque la majorit\u00e9 [&hellip;]<\/p>\n","protected":false},"author":2,"featured_media":0,"parent":0,"menu_order":0,"comment_status":"closed","ping_status":"closed","template":"templates\/template-full-width.php","meta":{"_acf_changed":false,"_eb_attr":"","h5ap_radio_sources":[],"footnotes":""},"class_list":["post-682","page","type-page","status-publish","hentry"],"acf":[],"_links":{"self":[{"href":"https:\/\/www.consistoirenice.org\/wordpress\/wp-json\/wp\/v2\/pages\/682","targetHints":{"allow":["GET"]}}],"collection":[{"href":"https:\/\/www.consistoirenice.org\/wordpress\/wp-json\/wp\/v2\/pages"}],"about":[{"href":"https:\/\/www.consistoirenice.org\/wordpress\/wp-json\/wp\/v2\/types\/page"}],"author":[{"embeddable":true,"href":"https:\/\/www.consistoirenice.org\/wordpress\/wp-json\/wp\/v2\/users\/2"}],"replies":[{"embeddable":true,"href":"https:\/\/www.consistoirenice.org\/wordpress\/wp-json\/wp\/v2\/comments?post=682"}],"version-history":[{"count":0,"href":"https:\/\/www.consistoirenice.org\/wordpress\/wp-json\/wp\/v2\/pages\/682\/revisions"}],"wp:attachment":[{"href":"https:\/\/www.consistoirenice.org\/wordpress\/wp-json\/wp\/v2\/media?parent=682"}],"curies":[{"name":"wp","href":"https:\/\/api.w.org\/{rel}","templated":true}]}}