{"id":672,"date":"2020-12-03T18:27:55","date_gmt":"2020-12-03T17:27:55","guid":{"rendered":"https:\/\/www.consistoirenice.org\/wordpress\/?page_id=672"},"modified":"2026-04-17T16:55:26","modified_gmt":"2026-04-17T14:55:26","slug":"brith-mila","status":"publish","type":"page","link":"https:\/\/www.consistoirenice.org\/wordpress\/brith-mila\/","title":{"rendered":"La Brith Mila"},"content":{"rendered":"\t\t<div data-elementor-type=\"wp-page\" data-elementor-id=\"672\" class=\"elementor elementor-672\" data-elementor-post-type=\"page\">\n\t\t\t\t<div class=\"elementor-element elementor-element-31be4f9c e-ecs-flex e-flex e-con-boxed e-con e-parent\" data-id=\"31be4f9c\" data-element_type=\"container\" data-e-type=\"container\" data-settings=\"{&quot;ecs_container_type&quot;:&quot;flex&quot;}\">\n\t\t\t\t\t<div class=\"e-con-inner\">\n\t\t\t\t<div class=\"elementor-element elementor-element-bcf3e74 elementor-headline--style-highlight elementor-widget elementor-widget-animated-headline\" data-id=\"bcf3e74\" data-element_type=\"widget\" data-e-type=\"widget\" data-settings=\"{&quot;marker&quot;:&quot;underline&quot;,&quot;highlighted_text&quot;:&quot;La Brit Milah&quot;,&quot;headline_style&quot;:&quot;highlight&quot;,&quot;loop&quot;:&quot;yes&quot;,&quot;highlight_animation_duration&quot;:1200,&quot;highlight_iteration_delay&quot;:8000}\" data-widget_type=\"animated-headline.default\">\n\t\t\t\t<div class=\"elementor-widget-container\">\n\t\t\t\t\t\t\t<h3 class=\"elementor-headline\">\n\t\t\t\t<span class=\"elementor-headline-dynamic-wrapper elementor-headline-text-wrapper\">\n\t\t\t\t\t<span class=\"elementor-headline-dynamic-text elementor-headline-text-active\">La Brit Milah<\/span>\n\t\t\t\t<\/span>\n\t\t\t\t<\/h3>\n\t\t\t\t\t\t<\/div>\n\t\t\t\t<\/div>\n\t\t\t\t<div class=\"elementor-element elementor-element-53e72742 elementor-widget elementor-widget-text-editor\" data-id=\"53e72742\" data-element_type=\"widget\" data-e-type=\"widget\" data-widget_type=\"text-editor.default\">\n\t\t\t\t<div class=\"elementor-widget-container\">\n\t\t\t\t\t\t\t\t\t\n<p class=\"has-drop-cap\"><span style=\"color: #000000;\">L&rsquo;entr\u00e9e de l&rsquo;enfant dans le peuple d&rsquo;Isra\u00ebl par l&rsquo;Alliance d&rsquo;Abraham<\/span><\/p>\n<p><span style=\"color: #000000;\"><\/span><\/p>\n<p><span style=\"color: #000000;\">\u00ab\u00a0Voici le signe de l&rsquo;Alliance entre Moi et vous et vos descendants apr\u00e8s vous : la circoncision de tout gar\u00e7on\u00a0\u00bb (Gen\u00e8se, 17, 10)<\/span><\/p>\n<p><span style=\"color: #000000;\"><\/span><\/p>\n<p><span style=\"color: #000000;\">La circoncision se pratique obligatoirement le 8\u00e8me jour apr\u00e8s la naissance (sauf raisons m\u00e9dicales), m\u00eame le Chabbat, m\u00eame \u00e0 Kippour. Cet important commandement doit \u00eatre ex\u00e9cut\u00e9 par un Mohel qualifi\u00e9.<\/span><\/p>\n<p><span style=\"color: #000000;\"><\/span><\/p>\n<p><span style=\"color: #000000;\">Un chirurgien est incomp\u00e9tent car il s&rsquo;agit d&rsquo;un acte religieux.<\/span><\/p>\n<p><span style=\"color: #000000;\"><\/span><\/p>\n<p><span style=\"color: #000000;\">La Milah est l&rsquo;acte qui permet \u00e0 l&rsquo;enfant d&rsquo;entrer dans le peuple juif. Elle ne lui donne pas son identit\u00e9 juive. C&rsquo;est par filiation, sa maman qui lui transmet son identit\u00e9 juive irr\u00e9versible. Ensuite, la pratique des Mitsvot fera du gar\u00e7on un juif \u00e0 part enti\u00e8re et conscient de l&rsquo;\u00eatre.<\/span><\/p>\n<p><span style=\"color: #000000;\"><\/span><\/p>\n<p><span style=\"color: #000000;\">Un certificat de circoncision peut \u00eatre \u00e9tabli \u00e0 la demande des parents ainsi qu&rsquo;un livret d&rsquo;identit\u00e9 juive.<\/span><\/p>\n<p><span style=\"color: #000000;\"><\/span><\/p>\n<p><span style=\"color: #000000;\"><strong>Mohalim :<\/strong><\/span><\/p>\n<p><span style=\"color: #000000;\"><\/span><\/p>\n<p><span style=\"color: #000000;\">Rav Shimon BENAGOU : 06 27 99 07 30<\/span><\/p>\n<p><span style=\"color: #000000;\"><\/span><\/p>\n<p><span style=\"color: #000000;\">Rav Ari\u00e9 ELFASSY : 06 63 62 84 75<\/span><\/p>\n<p><span style=\"color: #000000;\"><\/span><\/p>\n<p><span style=\"color: #000000;\">Docteur Samuel SIMHA : 06 49 89 15 59<\/span><\/p>\n<p><a href=\"https:\/\/mohalim.fr\/\" target=\"_blank\" rel=\"noopener\">Association Fran\u00e7aise des Mohalim<\/a><\/p>\n<p><span style=\"color: #000000;\"><\/span><\/p>\n<p><span style=\"color: #000000;\"><strong>Pour toute demande de r\u00e9servation de salle, synagogue, pour votre \u00e9v\u00e8nement, contactez-nous via le formulaire ci-dessous ou appelez directement le Consistoire de Nice au : 04 93 92 11 38<\/strong><\/span><\/p>\n\n<div class=\"wp-block-contact-form-7-contact-form-selector\">\n<div class=\"wpcf7 no-js\" id=\"wpcf7-f9627-o1\" lang=\"fr-FR\" dir=\"ltr\" data-wpcf7-id=\"9627\">\n<div class=\"screen-reader-response\"><p role=\"status\" aria-live=\"polite\" aria-atomic=\"true\"><\/p> <ul><\/ul><\/div>\n<form action=\"\/wordpress\/wp-json\/wp\/v2\/pages\/672#wpcf7-f9627-o1\" method=\"post\" class=\"wpcf7-form init\" aria-label=\"Formulaire de contact\" enctype=\"multipart\/form-data\" novalidate=\"novalidate\" data-status=\"init\">\n<fieldset class=\"hidden-fields-container\"><input type=\"hidden\" name=\"_wpcf7\" value=\"9627\" \/><input type=\"hidden\" name=\"_wpcf7_version\" value=\"6.1.5\" \/><input type=\"hidden\" name=\"_wpcf7_locale\" value=\"fr_FR\" \/><input type=\"hidden\" name=\"_wpcf7_unit_tag\" value=\"wpcf7-f9627-o1\" \/><input type=\"hidden\" name=\"_wpcf7_container_post\" value=\"0\" \/><input type=\"hidden\" name=\"_wpcf7_posted_data_hash\" value=\"\" \/>\n<\/fieldset>\n<p><span class=\"wpcf7-form-control-wrap\" data-name=\"select-424\"><select class=\"wpcf7-form-control wpcf7-select\" aria-invalid=\"false\" name=\"select-424\"><option value=\"Espace souhait\u00e9\">Espace souhait\u00e9<\/option><option value=\"Centre Jean Kling\">Centre Jean Kling<\/option><option value=\"Centre Michelet\">Centre Michelet<\/option><option value=\"Centre Merkaz Viterbo\">Centre Merkaz Viterbo<\/option><option value=\"Centre Corniche Fleurie\">Centre Corniche Fleurie<\/option><option value=\"Centre La Fraternelle\">Centre La Fraternelle<\/option><\/select><\/span>\n<\/p>\n<p><label> Votre nom<br \/>\n<span class=\"wpcf7-form-control-wrap\" data-name=\"your-name\"><input size=\"40\" maxlength=\"400\" class=\"wpcf7-form-control wpcf7-text wpcf7-validates-as-required\" autocomplete=\"name\" aria-required=\"true\" aria-invalid=\"false\" value=\"\" type=\"text\" name=\"your-name\" \/><\/span> <\/label>\n<\/p>\n<p><label> Votre e-mail<br \/>\n<span class=\"wpcf7-form-control-wrap\" data-name=\"your-email\"><input size=\"40\" maxlength=\"400\" class=\"wpcf7-form-control wpcf7-email wpcf7-validates-as-required wpcf7-text wpcf7-validates-as-email\" autocomplete=\"email\" aria-required=\"true\" aria-invalid=\"false\" value=\"\" type=\"email\" name=\"your-email\" \/><\/span> <\/label>\n<\/p>\n<p><label> Votre telephone<br \/>\n<span class=\"wpcf7-form-control-wrap\" data-name=\"tel-453\"><input size=\"40\" maxlength=\"400\" class=\"wpcf7-form-control wpcf7-tel wpcf7-validates-as-required wpcf7-text wpcf7-validates-as-tel\" aria-required=\"true\" aria-invalid=\"false\" value=\"\" type=\"tel\" name=\"tel-453\" \/><\/span> <\/label>\n<\/p>\n<p><label> Ev\u00e8nement<br \/>\n<span class=\"wpcf7-form-control-wrap\" data-name=\"your-subject\"><input size=\"40\" maxlength=\"400\" class=\"wpcf7-form-control wpcf7-text wpcf7-validates-as-required\" aria-required=\"true\" aria-invalid=\"false\" value=\"\" type=\"text\" name=\"your-subject\" \/><\/span> <\/label>\n<\/p>\n<p><label> Votre demande<br \/>\n<span class=\"wpcf7-form-control-wrap\" data-name=\"your-message\"><textarea cols=\"40\" rows=\"10\" maxlength=\"2000\" class=\"wpcf7-form-control wpcf7-textarea wpcf7-validates-as-required\" aria-required=\"true\" aria-invalid=\"false\" name=\"your-message\"><\/textarea><\/span> <\/label>\n<\/p>\n<p><label> Envoyez vos documents au format PDF ou WORD<br \/>\n<span class=\"wpcf7-form-control-wrap\" data-name=\"file-490\"><input size=\"40\" class=\"wpcf7-form-control wpcf7-file\" accept=\".txt,application\/pdf,.doc,.docx\" aria-invalid=\"false\" type=\"file\" name=\"file-490\" \/><\/span><\/label>\n<\/p>\n<p><label> Date de votre \u00e9v\u00e8nement<br \/>\n<span class=\"wpcf7-form-control-wrap\" data-name=\"date-308\"><input class=\"wpcf7-form-control wpcf7-date wpcf7-validates-as-date\" aria-invalid=\"false\" value=\"\" type=\"date\" name=\"date-308\" \/><\/span> <\/label>\n<\/p>\n<p><input class=\"wpcf7-form-control wpcf7-submit has-spinner\" type=\"submit\" value=\"Envoyer\" \/>\n<\/p><div class=\"wpcf7-response-output\" aria-hidden=\"true\"><\/div>\n<\/form>\n<\/div>\n<\/div>\n\t\t\t\t\t\t\t\t<\/div>\n\t\t\t\t<\/div>\n\t\t\t\t\t<\/div>\n\t\t\t\t<\/div>\n\t\t\t\t<\/div>\n\t\t","protected":false},"excerpt":{"rendered":"<p>La Brit Milah L&rsquo;entr\u00e9e de l&rsquo;enfant dans le peuple d&rsquo;Isra\u00ebl par l&rsquo;Alliance d&rsquo;Abraham \u00ab\u00a0Voici le signe de l&rsquo;Alliance entre Moi et vous et vos descendants apr\u00e8s vous : la circoncision [&hellip;]<\/p>\n","protected":false},"author":2,"featured_media":0,"parent":0,"menu_order":0,"comment_status":"closed","ping_status":"closed","template":"templates\/template-full-width.php","meta":{"_acf_changed":false,"_eb_attr":"","h5ap_radio_sources":[],"footnotes":""},"class_list":["post-672","page","type-page","status-publish","hentry"],"acf":[],"_links":{"self":[{"href":"https:\/\/www.consistoirenice.org\/wordpress\/wp-json\/wp\/v2\/pages\/672","targetHints":{"allow":["GET"]}}],"collection":[{"href":"https:\/\/www.consistoirenice.org\/wordpress\/wp-json\/wp\/v2\/pages"}],"about":[{"href":"https:\/\/www.consistoirenice.org\/wordpress\/wp-json\/wp\/v2\/types\/page"}],"author":[{"embeddable":true,"href":"https:\/\/www.consistoirenice.org\/wordpress\/wp-json\/wp\/v2\/users\/2"}],"replies":[{"embeddable":true,"href":"https:\/\/www.consistoirenice.org\/wordpress\/wp-json\/wp\/v2\/comments?post=672"}],"version-history":[{"count":3,"href":"https:\/\/www.consistoirenice.org\/wordpress\/wp-json\/wp\/v2\/pages\/672\/revisions"}],"predecessor-version":[{"id":18844,"href":"https:\/\/www.consistoirenice.org\/wordpress\/wp-json\/wp\/v2\/pages\/672\/revisions\/18844"}],"wp:attachment":[{"href":"https:\/\/www.consistoirenice.org\/wordpress\/wp-json\/wp\/v2\/media?parent=672"}],"curies":[{"name":"wp","href":"https:\/\/api.w.org\/{rel}","templated":true}]}}