{"id":661,"date":"2020-12-03T18:16:50","date_gmt":"2020-12-03T17:16:50","guid":{"rendered":"https:\/\/www.consistoirenice.org\/wordpress\/?page_id=661"},"modified":"2026-04-02T17:34:04","modified_gmt":"2026-04-02T15:34:04","slug":"le-talmud-torah","status":"publish","type":"page","link":"https:\/\/www.consistoirenice.org\/wordpress\/le-talmud-torah\/","title":{"rendered":"Le Talmud Torah"},"content":{"rendered":"\t\t<div data-elementor-type=\"wp-page\" data-elementor-id=\"661\" class=\"elementor elementor-661\" data-elementor-post-type=\"page\">\n\t\t\t\t<div class=\"elementor-element elementor-element-257137a2 e-flex e-con-boxed e-con e-parent\" data-id=\"257137a2\" data-element_type=\"container\" data-e-type=\"container\">\n\t\t\t\t\t<div class=\"e-con-inner\">\n\t\t\t\t<div class=\"elementor-element elementor-element-443c0c9 elementor-widget elementor-widget-spacer\" data-id=\"443c0c9\" data-element_type=\"widget\" data-e-type=\"widget\" data-widget_type=\"spacer.default\">\n\t\t\t\t<div class=\"elementor-widget-container\">\n\t\t\t\t\t\t\t<div class=\"elementor-spacer\">\n\t\t\t<div class=\"elementor-spacer-inner\"><\/div>\n\t\t<\/div>\n\t\t\t\t\t\t<\/div>\n\t\t\t\t<\/div>\n\t\t\t\t<div class=\"elementor-element elementor-element-71b149f elementor-headline--style-highlight elementor-widget elementor-widget-animated-headline\" data-id=\"71b149f\" data-element_type=\"widget\" data-e-type=\"widget\" data-settings=\"{&quot;marker&quot;:&quot;underline&quot;,&quot;highlighted_text&quot;:&quot;Le Talmud Torah&quot;,&quot;headline_style&quot;:&quot;highlight&quot;,&quot;loop&quot;:&quot;yes&quot;,&quot;highlight_animation_duration&quot;:1200,&quot;highlight_iteration_delay&quot;:8000}\" data-widget_type=\"animated-headline.default\">\n\t\t\t\t<div class=\"elementor-widget-container\">\n\t\t\t\t\t\t\t<h3 class=\"elementor-headline\">\n\t\t\t\t<span class=\"elementor-headline-dynamic-wrapper elementor-headline-text-wrapper\">\n\t\t\t\t\t<span class=\"elementor-headline-dynamic-text elementor-headline-text-active\">Le Talmud Torah<\/span>\n\t\t\t\t<\/span>\n\t\t\t\t<\/h3>\n\t\t\t\t\t\t<\/div>\n\t\t\t\t<\/div>\n\t\t\t\t<div class=\"elementor-element elementor-element-26bd074f elementor-widget elementor-widget-text-editor\" data-id=\"26bd074f\" data-element_type=\"widget\" data-e-type=\"widget\" data-widget_type=\"text-editor.default\">\n\t\t\t\t<div class=\"elementor-widget-container\">\n\t\t\t\t\t\t\t\t\t\n<p>\u00ab Est juif celui dont les enfants restent juifs\u2026 \u00bb<\/p>\n<div class=\"wp-block-image\">\n<figure class=\"aligncenter size-full is-resized\"><img fetchpriority=\"high\" decoding=\"async\" width=\"250\" height=\"250\" class=\"wp-image-3097\" style=\"width: 297px; height: 297px;\" src=\"https:\/\/www.consistoirenice.org\/wordpress\/wp-content\/uploads\/2022\/05\/nDTv690247.jpg\" alt=\"\" srcset=\"https:\/\/www.consistoirenice.org\/wordpress\/wp-content\/uploads\/2022\/05\/nDTv690247.jpg 250w, https:\/\/www.consistoirenice.org\/wordpress\/wp-content\/uploads\/2022\/05\/nDTv690247-150x150.jpg 150w\" sizes=\"(max-width: 250px) 100vw, 250px\" \/><\/figure>\n<\/div>\n<p class=\"has-drop-cap\">Si le juda\u00efsme a travers\u00e9 les si\u00e8cles, c&rsquo;est gr\u00e2ce \u00e0 la transmission (massorah), de ses valeurs, de g\u00e9n\u00e9ration en g\u00e9n\u00e9ration.<\/p>\n\n<p><strong>En quoi consiste cette transmission ?<\/strong><\/p>\n\n<p>La Torah a \u00e9lev\u00e9 au rang de commandement (mitsva) l&rsquo;\u00e9ducation des enfants, qui se construit autour des vertus religieuses et morales (d\u00e9rekh \u00e9rets). En transmettant l&rsquo;histoire du peuple juif et le respect des mitsvot, les parents sont les premiers \u00e9ducateurs. Les rabbins peuvent les accompagner et servir de relais.<\/p>\n\n<p><strong>Comment s&rsquo;\u00e9tablit-elle ?<\/strong><\/p>\n\n<p>Le Consistoire de Paris a d\u00e9velopp\u00e9 un r\u00e9seau efficace de Talmud Torah, \u00e0 Paris et en r\u00e9gion parisienne, dirig\u00e9 et anim\u00e9 par des rabbins et des enseignants comp\u00e9tents. Le livre des Proverbes, du roi Salomon, pr\u00e9sente l&rsquo;enseignement d&rsquo;un p\u00e8re \u00e0 son fils, lui apprenant \u00e0 \u00e9viter le pi\u00e8ge des illusions \u00e9ph\u00e9m\u00e8res.<\/p>\n\n<p>Dans ce livre se trouve \u00e9nonc\u00e9 un grand principe p\u00e9dagogique : \u00ab Instruis l&rsquo;enfant selon son caract\u00e8re. Lorsqu&rsquo;il sera vieux, il ne s&rsquo;en d\u00e9tournera pas. \u00bb (XXII, 6).<\/p>\n\n<p><strong>Pour l&rsquo;instruction religieuse, le Talmud Torah propose une progression de savoir :<\/strong><\/p>\n\n<p>5 ans : Initiation<\/p>\n\n<p>10 ans : Michna<\/p>\n\n<p>13 ans : Bar-mitsva (majorit\u00e9 religieuse)<\/p>\n\n<p>15 ans : Talmud<\/p>\n\n<p>A partir de 18 ans : Mariage (Pirkei Avot 5, 21)<\/p>\n\n<p><strong>Pourquoi la transmission est-elle si importante ?<\/strong><\/p>\n\n<p>Pour r\u00e9sumer l&rsquo;essence de la transmission, L\u00e9on Ashk\u00e9nazi usait souvent de cette formule toujours d&rsquo;actualit\u00e9 : \u00ab Est juif celui dont les enfants restent juifs. \u00bb L&rsquo;\u00e9tape importante dans l&rsquo;\u00e9ducation juive demeure dans l&rsquo;esprit des parents t des enfants, la majorit\u00e9 religieuse : la Bat-Mitsva et la Bar- Mitsva. Celle-ci correspond \u00e0 la pubert\u00e9, ce moment o\u00f9 le corps est suffisamment form\u00e9 pour donner la vie. Les filles de douze ans et les gar\u00e7ons de treize ans sont alors responsabilis\u00e9s officiellement par une c\u00e9r\u00e9monie religieuse. Ils s&rsquo;engagent, devant D.ieu et devant les hommes, \u00e0 assumer leurs responsabilit\u00e9s.<\/p>\n\n<p><strong>Quel passage repr\u00e9sente la bar-mitsva et la bat-Mitsva ?<\/strong><\/p>\n\n<p>Cela signifie qu&rsquo;ils sont dor\u00e9navant invit\u00e9s \u00e0 accomplir les commandements divins, de leur plein chef. La Bat-Mitsva et la Bar-mitsva sont des \u00e9tapes majeures o\u00f9 la conscience prend le pas sur l&rsquo;insouciance. Tous les travaux de p\u00e9dopsychiatrie d\u00e9montrent que l&rsquo;enfant sait recevoir, mais ne sait pas donner. De plus, au sortir du sein maternel, l&rsquo;enfant ne se distingue pas de sa m\u00e8re. Il \u00ab est \u00bb sa m\u00e8re. Le d\u00e9tachement, qui traduit la naissance du discernement (binah), apparait plus tard. L&rsquo;\u00e9ducation juive vise \u00e0 transformer l&rsquo;\u00e9gocentrisme naturel en altruisme.<\/p>\n\n<p><strong>Pourquoi une c\u00e9r\u00e9monie ?<\/strong><\/p>\n\n<p>Jusqu&rsquo;au Moyen \u00e2ge, la majorit\u00e9 religieuse n&rsquo;\u00e9tait pas c\u00e9l\u00e9br\u00e9e \u00e0 la synagogue. Avec le temps, cette c\u00e9r\u00e9monie s&rsquo;est \u00e9toff\u00e9e, jusqu&rsquo;\u00e0 ce que l&rsquo;enfant soit distingu\u00e9 lors d&rsquo;un office o\u00f9 il joue un r\u00f4le central (mise du talit et des t\u00e9filines, lecture de la Torah, r\u00e9citation de pri\u00e8res, pr\u00e9paration d&rsquo;un commentaire biblique).<\/p>\n\t\t\t\t\t\t\t\t<\/div>\n\t\t\t\t<\/div>\n\t\t\t\t<div class=\"elementor-element elementor-element-1514e78 elementor-widget elementor-widget-html\" data-id=\"1514e78\" data-element_type=\"widget\" data-e-type=\"widget\" data-widget_type=\"html.default\">\n\t\t\t\t<div class=\"elementor-widget-container\">\n\t\t\t\t\t<style>\n.centres-section {\n    background: #ffffff;\n    padding: 60px 20px;\n    font-family: 'Montserrat', sans-serif;\n    color: #132F4F;\n}\n\n.centres-container {\n    max-width: 1100px;\n    margin: auto;\n    text-align: center;\n}\n\n.centres-title {\n    font-family: 'Cinzel', serif;\n    font-size: 30px;\n    letter-spacing: 2px;\n    margin-bottom: 40px;\n    color: #FFCC00;\n}\n\n\/* GRID *\/\n.grid {\n    display: grid;\n    grid-template-columns: repeat(auto-fit, minmax(250px, 1fr));\n    gap: 20px;\n}\n\n\/* CARD *\/\n.card {\n    background: #163A77;\n    padding: 20px;\n    border-radius: 14px;\n    color: white;\n    text-align: left;\n    transition: 0.3s;\n}\n\n.card:hover {\n    background: #122f5e;\n    transform: translateY(-4px);\n}\n\n.name {\n    font-weight: 600;\n    color: #ffffff !important;\n    margin-bottom: 10px;\n}\n\n.role {\n    color: #FFCC00 !important;\n    font-size: 13px;\n    line-height: 1.6;\n}\n\n.small {\n    font-size: 13px;\n    margin-top: 5px;\n}\n<\/style>\n\n<div class=\"centres-section\">\n<div class=\"centres-container\">\n\n\n<div class=\"grid\">\n\n<!-- MICHELET -->\n<div class=\"card\">\n<div class=\"name\">Centre Consistorial Michelet<\/div>\n<div class=\"role\">\n22, rue Michelet \u2013 06100 NICE<br>\n<span class=\"small\">07 56 97 08 18<\/span><br>\nResponsable : Rabbin ZERDOUN\n<\/div>\n<\/div>\n\n<!-- CORNICHE -->\n<div class=\"card\">\n<div class=\"name\">Centre Culturel Corniche Fleurie<\/div>\n<div class=\"role\">\n61 bis Corniche Fleurie \u2013 06200 NICE<br>\n<span class=\"small\">06 62 92 62 18<\/span><br>\nResponsable : Rabbin ZAOUI\n<\/div>\n<\/div>\n\n<!-- FRATERNELLE -->\n<div class=\"card\">\n<div class=\"name\">La Fraternelle<\/div>\n<div class=\"role\">\n9 rue A. Theuriet \u2013 06000 NICE<br>\n<span class=\"small\">04 93 98 47 89<\/span>\n<\/div>\n<\/div>\n\n<\/div>\n\n<\/div>\n<\/div>\t\t\t\t<\/div>\n\t\t\t\t<\/div>\n\t\t\t\t\t<\/div>\n\t\t\t\t<\/div>\n\t\t\t\t<\/div>\n\t\t","protected":false},"excerpt":{"rendered":"<p>Le Talmud Torah \u00ab Est juif celui dont les enfants restent juifs\u2026 \u00bb Si le juda\u00efsme a travers\u00e9 les si\u00e8cles, c&rsquo;est gr\u00e2ce \u00e0 la transmission (massorah), de ses valeurs, de [&hellip;]<\/p>\n","protected":false},"author":2,"featured_media":0,"parent":0,"menu_order":0,"comment_status":"closed","ping_status":"closed","template":"elementor_header_footer","meta":{"_acf_changed":false,"_eb_attr":"","h5ap_radio_sources":[],"footnotes":""},"class_list":["post-661","page","type-page","status-publish","hentry"],"acf":[],"_links":{"self":[{"href":"https:\/\/www.consistoirenice.org\/wordpress\/wp-json\/wp\/v2\/pages\/661","targetHints":{"allow":["GET"]}}],"collection":[{"href":"https:\/\/www.consistoirenice.org\/wordpress\/wp-json\/wp\/v2\/pages"}],"about":[{"href":"https:\/\/www.consistoirenice.org\/wordpress\/wp-json\/wp\/v2\/types\/page"}],"author":[{"embeddable":true,"href":"https:\/\/www.consistoirenice.org\/wordpress\/wp-json\/wp\/v2\/users\/2"}],"replies":[{"embeddable":true,"href":"https:\/\/www.consistoirenice.org\/wordpress\/wp-json\/wp\/v2\/comments?post=661"}],"version-history":[{"count":3,"href":"https:\/\/www.consistoirenice.org\/wordpress\/wp-json\/wp\/v2\/pages\/661\/revisions"}],"predecessor-version":[{"id":18034,"href":"https:\/\/www.consistoirenice.org\/wordpress\/wp-json\/wp\/v2\/pages\/661\/revisions\/18034"}],"wp:attachment":[{"href":"https:\/\/www.consistoirenice.org\/wordpress\/wp-json\/wp\/v2\/media?parent=661"}],"curies":[{"name":"wp","href":"https:\/\/api.w.org\/{rel}","templated":true}]}}