{"id":652,"date":"2020-12-03T18:05:42","date_gmt":"2020-12-03T17:05:42","guid":{"rendered":"https:\/\/www.consistoirenice.org\/wordpress\/?page_id=652"},"modified":"2026-03-27T15:00:10","modified_gmt":"2026-03-27T14:00:10","slug":"le-corps-rabbinique","status":"publish","type":"page","link":"https:\/\/www.consistoirenice.org\/wordpress\/le-corps-rabbinique\/","title":{"rendered":"Le Corps Rabbinique"},"content":{"rendered":"\t\t<div data-elementor-type=\"wp-page\" data-elementor-id=\"652\" class=\"elementor elementor-652\" data-elementor-post-type=\"page\">\n\t\t\t\t<div class=\"elementor-element elementor-element-d00dc97 e-flex e-con-boxed e-con e-parent\" data-id=\"d00dc97\" data-element_type=\"container\" data-e-type=\"container\">\n\t\t\t\t\t<div class=\"e-con-inner\">\n\t\t\t\t<div class=\"elementor-element elementor-element-8c91445 elementor-headline--style-highlight elementor-widget elementor-widget-animated-headline\" data-id=\"8c91445\" data-element_type=\"widget\" data-e-type=\"widget\" data-settings=\"{&quot;marker&quot;:&quot;underline&quot;,&quot;highlighted_text&quot;:&quot;Les Corps Rabbinique&quot;,&quot;headline_style&quot;:&quot;highlight&quot;,&quot;loop&quot;:&quot;yes&quot;,&quot;highlight_animation_duration&quot;:1200,&quot;highlight_iteration_delay&quot;:8000}\" data-widget_type=\"animated-headline.default\">\n\t\t\t\t<div class=\"elementor-widget-container\">\n\t\t\t\t\t\t\t<h3 class=\"elementor-headline\">\n\t\t\t\t<span class=\"elementor-headline-dynamic-wrapper elementor-headline-text-wrapper\">\n\t\t\t\t\t<span class=\"elementor-headline-dynamic-text elementor-headline-text-active\">Les Corps Rabbinique<\/span>\n\t\t\t\t<\/span>\n\t\t\t\t<\/h3>\n\t\t\t\t\t\t<\/div>\n\t\t\t\t<\/div>\n\t\t\t\t\t<\/div>\n\t\t\t\t<\/div>\n\t\t\t\t<section class=\"elementor-section elementor-top-section elementor-element elementor-element-939bc01 elementor-section-height-min-height elementor-section-boxed elementor-section-height-default elementor-section-items-middle\" data-id=\"939bc01\" data-element_type=\"section\" data-e-type=\"section\">\n\t\t\t\t\t\t<div class=\"elementor-container elementor-column-gap-default\">\n\t\t\t\t\t<div class=\"elementor-column elementor-col-100 elementor-top-column elementor-element elementor-element-2f5b6fb\" data-id=\"2f5b6fb\" data-element_type=\"column\" data-e-type=\"column\">\n\t\t\t<div class=\"elementor-widget-wrap elementor-element-populated\">\n\t\t\t\t<div class=\"elementor-element elementor-element-5c3679f e-grid e-con-boxed e-con e-parent\" data-id=\"5c3679f\" data-element_type=\"container\" data-e-type=\"container\">\n\t\t\t\t\t<div class=\"e-con-inner\">\n\t\t\t\t<div class=\"elementor-element elementor-element-d078ae7 elementor-widget elementor-widget-text-editor\" data-id=\"d078ae7\" data-element_type=\"widget\" data-e-type=\"widget\" data-widget_type=\"text-editor.default\">\n\t\t\t\t<div class=\"elementor-widget-container\">\n\t\t\t\t\t\t\t\t\t<p>\u00a0<\/p><p style=\"text-align: center;\"><span style=\"color: #2a4990;\"><strong>Monsieur le Rabbin Elie MARTIANO \u05d6\u00a0\u00bb\u05dc<\/strong><\/span><\/p><p style=\"text-align: center;\"><span style=\"color: #000000;\">Rabbin Honoraire<\/span><\/p>\t\t\t\t\t\t\t\t<\/div>\n\t\t\t\t<\/div>\n\t\t\t\t<div class=\"elementor-element elementor-element-75e9399 elementor-widget elementor-widget-text-editor\" data-id=\"75e9399\" data-element_type=\"widget\" data-e-type=\"widget\" data-widget_type=\"text-editor.default\">\n\t\t\t\t<div class=\"elementor-widget-container\">\n\t\t\t\t\t\t\t\t\t<p style=\"text-align: center;\"><span style=\"color: #2a4990;\"><strong>Monsieur le Rav Franck TEBOUL<\/strong><\/span><\/p><p style=\"text-align: center;\"><span style=\"color: #000000;\">Grand Rabbin R\u00e9gional<\/span><\/p><p style=\"text-align: center;\"><span style=\"color: #000000;\">Rabbin de la Grande Synagogue DELOYE<\/span><\/p><p style=\"text-align: center;\"><span style=\"color: #000000;\">Aum\u00f4nier des Prisons<\/span><\/p><p style=\"text-align: center;\"><span style=\"color: #000000;\">Charg\u00e9 des dossiers Bar-Mitsvot<\/span><\/p><p style=\"text-align: center;\"><span style=\"color: #000000;\">Inhumations et Statut personnel<\/span><\/p><p style=\"text-align: center;\"><span style=\"color: #000000;\">Certificat de Juda\u00eft\u00e9<\/span><\/p><p style=\"text-align: center;\"><span style=\"color: #000000;\">T\u00e9l\u00e9phone : 07 69 26 24 17<\/span><\/p>\t\t\t\t\t\t\t\t<\/div>\n\t\t\t\t<\/div>\n\t\t\t\t<div class=\"elementor-element elementor-element-672ddc2 elementor-widget elementor-widget-text-editor\" data-id=\"672ddc2\" data-element_type=\"widget\" data-e-type=\"widget\" data-widget_type=\"text-editor.default\">\n\t\t\t\t<div class=\"elementor-widget-container\">\n\t\t\t\t\t\t\t\t\t<p style=\"text-align: center;\"><span style=\"color: #2a4990;\"><strong>Monsieur le Rav Shimon BENAGOU<\/strong><\/span><\/p><p style=\"text-align: center;\">Beth Din R\u00e9gional<\/p><p style=\"text-align: center;\">Chohet Oubodek<\/p><p style=\"text-align: center;\">Mohel \u2013 Soffer<\/p><p style=\"text-align: center;\">Certificats de Judait\u00e9<\/p><p style=\"text-align: center;\">T\u00e9l\u00e9phone : 06 27 99 07 30<\/p>\t\t\t\t\t\t\t\t<\/div>\n\t\t\t\t<\/div>\n\t\t\t\t<div class=\"elementor-element elementor-element-c21bd4d elementor-widget elementor-widget-text-editor\" data-id=\"c21bd4d\" data-element_type=\"widget\" data-e-type=\"widget\" data-widget_type=\"text-editor.default\">\n\t\t\t\t<div class=\"elementor-widget-container\">\n\t\t\t\t\t\t\t\t\t<p style=\"text-align: center;\"><span style=\"color: #2a4990;\"><strong>Monsieur le Rabbin J\u00e9r\u00e9my ZAOUI<\/strong><\/span><\/p><p style=\"text-align: center;\">Rabbin de l\u2019Oratoire YEHOUDA HALEVY<\/p><p style=\"text-align: center;\">(Corniche Fleurie)<\/p><p style=\"text-align: center;\">T\u00e9l\u00e9phone : 06 62 92 62 18<\/p>\t\t\t\t\t\t\t\t<\/div>\n\t\t\t\t<\/div>\n\t\t\t\t<div class=\"elementor-element elementor-element-c5c7698 elementor-widget elementor-widget-text-editor\" data-id=\"c5c7698\" data-element_type=\"widget\" data-e-type=\"widget\" data-widget_type=\"text-editor.default\">\n\t\t\t\t<div class=\"elementor-widget-container\">\n\t\t\t\t\t\t\t\t\t<p style=\"text-align: center;\"><span style=\"color: #2a4990;\"><strong>Monsieur le Rabbin Shmouel SENANES<\/strong><\/span><\/p><p style=\"text-align: center;\">Rabbin de la Colline<\/p><p style=\"text-align: center;\">Inhumations<\/p><p style=\"text-align: center;\">Charg\u00e9 des hopitaux<\/p><p style=\"text-align: center;\">Cours Bar Mitzvah<\/p><p style=\"text-align: center;\">(Centre d\u2019Etudes Talmudiques Michelet)<\/p><p style=\"text-align: center;\">T\u00e9l\u00e9phone : 06 16 48 32 23<\/p>\t\t\t\t\t\t\t\t<\/div>\n\t\t\t\t<\/div>\n\t\t\t\t<div class=\"elementor-element elementor-element-9c299ff elementor-widget elementor-widget-text-editor\" data-id=\"9c299ff\" data-element_type=\"widget\" data-e-type=\"widget\" data-widget_type=\"text-editor.default\">\n\t\t\t\t<div class=\"elementor-widget-container\">\n\t\t\t\t\t\t\t\t\t<p style=\"text-align: center;\"><span style=\"color: #2a4990;\"><strong>Monsieur le Rabbin Joseph ZERDOUN<\/strong><\/span><\/p><p style=\"text-align: center;\">Centre Communautaire MICHELET<\/p><p style=\"text-align: center;\">Talmud Torah, Statut personnel et mariages<\/p><p style=\"text-align: center;\"><span style=\"color: #2a4990;\"><strong>Monsieur le Rabbin Ilan DRAI<\/strong><\/span><\/p><p style=\"text-align: center;\">Rabbin de l\u2019Oratoire MERKAZ VITERBO<\/p><p style=\"text-align: center;\">T\u00e9l\u00e9phone : 06 35 15 10 07<\/p>\t\t\t\t\t\t\t\t<\/div>\n\t\t\t\t<\/div>\n\t\t\t\t\t<\/div>\n\t\t\t\t<\/div>\n\t\t\t\t<div class=\"elementor-element elementor-element-1bc41d2 elementor-widget elementor-widget-heading\" data-id=\"1bc41d2\" data-element_type=\"widget\" data-e-type=\"widget\" data-widget_type=\"heading.default\">\n\t\t\t\t<div class=\"elementor-widget-container\">\n\t\t\t\t\t<h2 class=\"elementor-heading-title elementor-size-default\">Rabbinat R\u00e9gion<\/h2>\t\t\t\t<\/div>\n\t\t\t\t<\/div>\n\t\t\t\t<div class=\"elementor-element elementor-element-7c43071 elementor-widget elementor-widget-heading\" data-id=\"7c43071\" data-element_type=\"widget\" data-e-type=\"widget\" data-widget_type=\"heading.default\">\n\t\t\t\t<div class=\"elementor-widget-container\">\n\t\t\t\t\t<h2 class=\"elementor-heading-title elementor-size-default\">PR\u00c9SIDENT R\u00c9GIONAL\n\nM. Franck ISRAEL\n\n5, Place Mass\u00e9na 06000 Nice\n\nT\u00e9l\u00e9phone : 04 93 92 11 38<\/h2>\t\t\t\t<\/div>\n\t\t\t\t<\/div>\n\t\t<div class=\"elementor-element elementor-element-b62a96d e-grid e-con-boxed e-con e-parent\" data-id=\"b62a96d\" data-element_type=\"container\" data-e-type=\"container\">\n\t\t\t\t\t<div class=\"e-con-inner\">\n\t\t\t\t<div class=\"elementor-element elementor-element-23bc562 elementor-widget elementor-widget-text-editor\" data-id=\"23bc562\" data-element_type=\"widget\" data-e-type=\"widget\" data-widget_type=\"text-editor.default\">\n\t\t\t\t<div class=\"elementor-widget-container\">\n\t\t\t\t\t\t\t\t\t<p style=\"text-align: center;\"><span style=\"color: #2a4990;\"><strong>CANNES<\/strong><\/span><\/p><p style=\"text-align: center;\"><span style=\"color: #2a4990;\"><strong>Monsieur le Rabbin David MOYAL<\/strong><\/span><\/p><p style=\"text-align: center;\">T\u00e9l\u00e9phone : 04 93 38 16 54<\/p>\t\t\t\t\t\t\t\t<\/div>\n\t\t\t\t<\/div>\n\t\t\t\t<div class=\"elementor-element elementor-element-dcf796d elementor-widget elementor-widget-text-editor\" data-id=\"dcf796d\" data-element_type=\"widget\" data-e-type=\"widget\" data-widget_type=\"text-editor.default\">\n\t\t\t\t<div class=\"elementor-widget-container\">\n\t\t\t\t\t\t\t\t\t<p style=\"text-align: center;\"><span style=\"color: #2a4990;\"><strong>MENTON<\/strong><\/span><\/p><p style=\"text-align: center;\"><span style=\"color: #2a4990;\"><strong>Monsieur le Rabbin Chalom BETITO<\/strong><\/span><\/p><p style=\"text-align: center;\">T\u00e9l\u00e9phone : 04 92 41 07 02<\/p>\t\t\t\t\t\t\t\t<\/div>\n\t\t\t\t<\/div>\n\t\t\t\t<div class=\"elementor-element elementor-element-e22828d elementor-widget elementor-widget-text-editor\" data-id=\"e22828d\" data-element_type=\"widget\" data-e-type=\"widget\" data-widget_type=\"text-editor.default\">\n\t\t\t\t<div class=\"elementor-widget-container\">\n\t\t\t\t\t\t\t\t\t<p style=\"text-align: center;\"><span style=\"color: #2a4990;\"><strong>ST LAURENT DU VAR<\/strong><\/span><\/p><p style=\"text-align: center;\"><span style=\"color: #2a4990;\"><strong>Monsieur le Rabbin Ari\u00e9 ELFASSI<\/strong><\/span><\/p><p style=\"text-align: center;\">T\u00e9l\u00e9phone : 04 93 31 34 43<\/p>\t\t\t\t\t\t\t\t<\/div>\n\t\t\t\t<\/div>\n\t\t\t\t<div class=\"elementor-element elementor-element-5d7d04c elementor-widget elementor-widget-text-editor\" data-id=\"5d7d04c\" data-element_type=\"widget\" data-e-type=\"widget\" data-widget_type=\"text-editor.default\">\n\t\t\t\t<div class=\"elementor-widget-container\">\n\t\t\t\t\t\t\t\t\t<p style=\"text-align: center;\"><span style=\"color: #2a4990;\"><strong>MONACO<\/strong><\/span><\/p><p style=\"text-align: center;\"><span style=\"color: #2a4990;\"><strong>Monsieur le Rabbin Daniel TORGMANT<\/strong><\/span><\/p><p style=\"text-align: center;\">T\u00e9l\u00e9phones :<\/p><p style=\"text-align: center;\">00 377 93 30 16 46<\/p><p style=\"text-align: center;\">06 32 57 15 05<\/p>\t\t\t\t\t\t\t\t<\/div>\n\t\t\t\t<\/div>\n\t\t\t\t<div class=\"elementor-element elementor-element-e285f20 elementor-widget elementor-widget-text-editor\" data-id=\"e285f20\" data-element_type=\"widget\" data-e-type=\"widget\" data-widget_type=\"text-editor.default\">\n\t\t\t\t<div class=\"elementor-widget-container\">\n\t\t\t\t\t\t\t\t\t<p style=\"text-align: center;\"><span style=\"color: #2a4990;\"><strong>VALBONNE<\/strong><\/span><\/p><p style=\"text-align: center;\"><strong><span style=\"color: #2a4990;\">Pr\u00e9sident : M. Steve CHOKRON<\/span><\/strong><\/p><p style=\"text-align: center;\">T\u00e9l\u00e9phone : 06 68 23 61 24<\/p>\t\t\t\t\t\t\t\t<\/div>\n\t\t\t\t<\/div>\n\t\t\t\t<div class=\"elementor-element elementor-element-e7e3d45 elementor-widget elementor-widget-text-editor\" data-id=\"e7e3d45\" data-element_type=\"widget\" data-e-type=\"widget\" data-widget_type=\"text-editor.default\">\n\t\t\t\t<div class=\"elementor-widget-container\">\n\t\t\t\t\t\t\t\t\t<p style=\"text-align: center;\"><span style=\"color: #2a4990;\"><strong>ANTIBES-JUAN-LES-PINS<\/strong><\/span><\/p><p style=\"text-align: center;\"><strong><span style=\"color: #2a4990;\">Pr\u00e9sident : M. Daniel ZAKINE<\/span><\/strong><\/p><p style=\"text-align: center;\">Synagogue :<\/p><p style=\"text-align: center;\">BEIT ELIAHU HANAVI<\/p><p style=\"text-align: center;\">Chemin des Sables 06600 ANTIBES<\/p><p style=\"text-align: center;\">T\u00e9l\u00e9phone : 04 93 61 59 34<\/p>\t\t\t\t\t\t\t\t<\/div>\n\t\t\t\t<\/div>\n\t\t\t\t<div class=\"elementor-element elementor-element-ef1c0b2 elementor-widget elementor-widget-text-editor\" data-id=\"ef1c0b2\" data-element_type=\"widget\" data-e-type=\"widget\" data-widget_type=\"text-editor.default\">\n\t\t\t\t<div class=\"elementor-widget-container\">\n\t\t\t\t\t\t\t\t\t<p style=\"text-align: center;\"><span style=\"color: #2a4990;\"><strong>BASTIA (Corse)<\/strong><\/span><\/p><p style=\"text-align: center;\">Synagogue :<\/p><p style=\"text-align: center;\">3, rue Castagno 20200 BASTIA<\/p>\t\t\t\t\t\t\t\t<\/div>\n\t\t\t\t<\/div>\n\t\t\t\t<div class=\"elementor-element elementor-element-fbce69c elementor-widget elementor-widget-text-editor\" data-id=\"fbce69c\" data-element_type=\"widget\" data-e-type=\"widget\" data-widget_type=\"text-editor.default\">\n\t\t\t\t<div class=\"elementor-widget-container\">\n\t\t\t\t\t\t\t\t\t<p style=\"text-align: center;\"><span style=\"color: #2a4990;\"><strong>CAGNES S\/MER<\/strong><\/span><\/p><p style=\"text-align: center;\"><strong><span style=\"color: #2a4990;\">Pr\u00e9sident : M. Guy TOUITOU<\/span><\/strong><\/p><p style=\"text-align: center;\">Synagogue :<\/p><p style=\"text-align: center;\">Impasse Douce France 06800 Cagnes-sur-Mer<\/p><p style=\"text-align: center;\">T\u00e9l\u00e9phone : 04 93 13 25 44<\/p>\t\t\t\t\t\t\t\t<\/div>\n\t\t\t\t<\/div>\n\t\t\t\t<div class=\"elementor-element elementor-element-84898d8 elementor-widget elementor-widget-text-editor\" data-id=\"84898d8\" data-element_type=\"widget\" data-e-type=\"widget\" data-widget_type=\"text-editor.default\">\n\t\t\t\t<div class=\"elementor-widget-container\">\n\t\t\t\t\t\t\t\t\t<p style=\"text-align: center;\"><span style=\"color: #2a4990;\"><strong>CANNES<\/strong><\/span><\/p><p style=\"text-align: center;\"><strong><span style=\"color: #2a4990;\">Pr\u00e9sident : M. David LUGASSY<\/span><\/strong><\/p><p style=\"text-align: center;\">Synagogue :<\/p><p style=\"text-align: center;\">20, boulevard d\u2019Alsace 06400 CANNES<\/p><p style=\"text-align: center;\">T\u00e9l\u00e9phone : 04 93 38 16 54<\/p><p style=\"text-align: center;\"><strong><span style=\"color: #2a4990;\">Rabbin : Rav David MOYAL<\/span><\/strong><\/p>\t\t\t\t\t\t\t\t<\/div>\n\t\t\t\t<\/div>\n\t\t\t\t<div class=\"elementor-element elementor-element-ac9bf17 elementor-widget elementor-widget-text-editor\" data-id=\"ac9bf17\" data-element_type=\"widget\" data-e-type=\"widget\" data-widget_type=\"text-editor.default\">\n\t\t\t\t<div class=\"elementor-widget-container\">\n\t\t\t\t\t\t\t\t\t<p style=\"text-align: center;\"><span style=\"color: #2a4990;\"><strong>DRAGUIGNAN<\/strong><\/span><\/p><p style=\"text-align: center;\"><strong><span style=\"color: #2a4990;\">Pr\u00e9sident : Dr. Sion SITRUK<\/span><\/strong><\/p><p style=\"text-align: center;\">Synagogue :<\/p><p style=\"text-align: center;\">15, rue de l\u2019Observance 83300 DRAGUIGNAN<\/p><p style=\"text-align: center;\">T\u00e9l\u00e9phone : 06 88 18 52 51<\/p>\t\t\t\t\t\t\t\t<\/div>\n\t\t\t\t<\/div>\n\t\t\t\t<div class=\"elementor-element elementor-element-13a936a elementor-widget elementor-widget-text-editor\" data-id=\"13a936a\" data-element_type=\"widget\" data-e-type=\"widget\" data-widget_type=\"text-editor.default\">\n\t\t\t\t<div class=\"elementor-widget-container\">\n\t\t\t\t\t\t\t\t\t<p style=\"text-align: center;\"><span style=\"color: #2a4990;\"><strong>MENTON<\/strong><\/span><\/p><p style=\"text-align: center;\"><strong><span style=\"color: #2a4990;\">Pr\u00e9sident : M. Daniel BENSOUSSAN<\/span><\/strong><\/p><p style=\"text-align: center;\">Synagogue :<\/p><p style=\"text-align: center;\">106, cours du Centenaire 06500 MENTON<\/p><p style=\"text-align: center;\">T\u00e9l\u00e9phone : 04 92 41 07 02<\/p><p style=\"text-align: center;\"><strong><span style=\"color: #2a4990;\">Rabbin : Rav Chalom BETITO<\/span><\/strong><\/p>\t\t\t\t\t\t\t\t<\/div>\n\t\t\t\t<\/div>\n\t\t\t\t<div class=\"elementor-element elementor-element-aa94a27 elementor-widget elementor-widget-text-editor\" data-id=\"aa94a27\" data-element_type=\"widget\" data-e-type=\"widget\" data-widget_type=\"text-editor.default\">\n\t\t\t\t<div class=\"elementor-widget-container\">\n\t\t\t\t\t\t\t\t\t<p style=\"text-align: center;\"><span style=\"color: #2a4990;\"><strong>FREJUS \u2013 SAINT-RAPHAEL<\/strong><\/span><\/p><p style=\"text-align: center;\"><strong><span style=\"color: #2a4990;\">Pr\u00e9sident : M. Gabriel AYMARD<\/span><\/strong><\/p><p style=\"text-align: center;\">Synagogue :<\/p><p style=\"text-align: center;\">189, rue du Progr\u00e8s 83600 FREJUS<\/p><p style=\"text-align: center;\">T\u00e9l\u00e9phone : 04 94 52 06 87<\/p>\t\t\t\t\t\t\t\t<\/div>\n\t\t\t\t<\/div>\n\t\t\t\t<div class=\"elementor-element elementor-element-6f4b8ae elementor-widget elementor-widget-text-editor\" data-id=\"6f4b8ae\" data-element_type=\"widget\" data-e-type=\"widget\" data-widget_type=\"text-editor.default\">\n\t\t\t\t<div class=\"elementor-widget-container\">\n\t\t\t\t\t\t\t\t\t<p style=\"text-align: center;\"><span style=\"color: #2a4990;\"><strong>GRASSE<\/strong><\/span><\/p><p style=\"text-align: center;\"><strong><span style=\"color: #2a4990;\">Pr\u00e9sident : M. William TUBIANA<\/span><\/strong><\/p><p style=\"text-align: center;\">Synagogue :<\/p><p style=\"text-align: center;\">6 bis, rue Mougins-Roquefort 06130 GRASSE<\/p><p style=\"text-align: center;\">T\u00e9l\u00e9phone : 04 93 09 00 11<\/p>\t\t\t\t\t\t\t\t<\/div>\n\t\t\t\t<\/div>\n\t\t\t\t<div class=\"elementor-element elementor-element-e924c8d elementor-widget elementor-widget-text-editor\" data-id=\"e924c8d\" data-element_type=\"widget\" data-e-type=\"widget\" data-widget_type=\"text-editor.default\">\n\t\t\t\t<div class=\"elementor-widget-container\">\n\t\t\t\t\t\t\t\t\t<p style=\"text-align: center;\"><span style=\"color: #2a4990;\"><strong>MONACO<\/strong><\/span><\/p><p style=\"text-align: center;\"><strong><span style=\"color: #2a4990;\">Pr\u00e9sident : M. Mikhael AMSELLEM<\/span><\/strong><\/p><p style=\"text-align: center;\">Synagogue :<\/p><p style=\"text-align: center;\">106, avenue de la Costa 98000 MONACO<\/p><p style=\"text-align: center;\">T\u00e9l\u00e9phone : 00 377 93 30 16 46<\/p><p style=\"text-align: center;\"><strong><span style=\"color: #2a4990;\">Rabbin : Rav Daniel TORGMANT<\/span><\/strong><\/p>\t\t\t\t\t\t\t\t<\/div>\n\t\t\t\t<\/div>\n\t\t\t\t<div class=\"elementor-element elementor-element-eb17ba0 elementor-widget elementor-widget-text-editor\" data-id=\"eb17ba0\" data-element_type=\"widget\" data-e-type=\"widget\" data-widget_type=\"text-editor.default\">\n\t\t\t\t<div class=\"elementor-widget-container\">\n\t\t\t\t\t\t\t\t\t<p style=\"text-align: center;\"><span style=\"color: #2a4990;\"><strong>ST LAURENT\/VAR<\/strong><\/span><\/p><p style=\"text-align: center;\"><strong><span style=\"color: #2a4990;\">Pr\u00e9sident : M. Joel AZEROUZAL<\/span><\/strong><\/p><p style=\"text-align: center;\">Synagogue :<\/p><p style=\"text-align: center;\">Le Petit Clos \u2013 35, avenue des Oliviers 06700 St LAURENT<\/p><p style=\"text-align: center;\">T\u00e9l\u00e9phone : 04 93 31 34 43<\/p><p style=\"text-align: center;\"><strong><span style=\"color: #2a4990;\">Rabbin : Rav Ari\u00e9 ELFASSI<\/span><\/strong><\/p>\t\t\t\t\t\t\t\t<\/div>\n\t\t\t\t<\/div>\n\t\t\t\t\t<\/div>\n\t\t\t\t<\/div>\n\t\t\t\t\t<\/div>\n\t\t<\/div>\n\t\t\t\t\t<\/div>\n\t\t<\/section>\n\t\t\t\t<\/div>\n\t\t","protected":false},"excerpt":{"rendered":"<p>Les Corps Rabbinique \u00a0 Monsieur le Rabbin Elie MARTIANO \u05d6\u00a0\u00bb\u05dc Rabbin Honoraire Monsieur le Rav Franck TEBOUL Grand Rabbin R\u00e9gional Rabbin de la Grande Synagogue DELOYE Aum\u00f4nier des Prisons Charg\u00e9 [&hellip;]<\/p>\n","protected":false},"author":2,"featured_media":0,"parent":0,"menu_order":0,"comment_status":"closed","ping_status":"closed","template":"elementor_header_footer","meta":{"_acf_changed":false,"_eb_attr":"","h5ap_radio_sources":[],"footnotes":""},"class_list":["post-652","page","type-page","status-publish","hentry"],"acf":[],"_links":{"self":[{"href":"https:\/\/www.consistoirenice.org\/wordpress\/wp-json\/wp\/v2\/pages\/652","targetHints":{"allow":["GET"]}}],"collection":[{"href":"https:\/\/www.consistoirenice.org\/wordpress\/wp-json\/wp\/v2\/pages"}],"about":[{"href":"https:\/\/www.consistoirenice.org\/wordpress\/wp-json\/wp\/v2\/types\/page"}],"author":[{"embeddable":true,"href":"https:\/\/www.consistoirenice.org\/wordpress\/wp-json\/wp\/v2\/users\/2"}],"replies":[{"embeddable":true,"href":"https:\/\/www.consistoirenice.org\/wordpress\/wp-json\/wp\/v2\/comments?post=652"}],"version-history":[{"count":0,"href":"https:\/\/www.consistoirenice.org\/wordpress\/wp-json\/wp\/v2\/pages\/652\/revisions"}],"wp:attachment":[{"href":"https:\/\/www.consistoirenice.org\/wordpress\/wp-json\/wp\/v2\/media?parent=652"}],"curies":[{"name":"wp","href":"https:\/\/api.w.org\/{rel}","templated":true}]}}