{"id":650,"date":"2020-12-03T18:03:52","date_gmt":"2020-12-03T17:03:52","guid":{"rendered":"https:\/\/www.consistoirenice.org\/wordpress\/?page_id=650"},"modified":"2026-03-27T14:58:34","modified_gmt":"2026-03-27T13:58:34","slug":"institution","status":"publish","type":"page","link":"https:\/\/www.consistoirenice.org\/wordpress\/institution\/","title":{"rendered":"INSTITUTION"},"content":{"rendered":"\t\t<div data-elementor-type=\"wp-page\" data-elementor-id=\"650\" class=\"elementor elementor-650\" data-elementor-post-type=\"page\">\n\t\t\t\t<div class=\"elementor-element elementor-element-514c540b e-flex e-con-boxed e-con e-parent\" data-id=\"514c540b\" data-element_type=\"container\" data-e-type=\"container\">\n\t\t\t\t\t<div class=\"e-con-inner\">\n\t\t\t\t<div class=\"elementor-element elementor-element-0ccb7ca elementor-headline--style-highlight elementor-widget elementor-widget-animated-headline\" data-id=\"0ccb7ca\" data-element_type=\"widget\" data-e-type=\"widget\" data-settings=\"{&quot;marker&quot;:&quot;underline&quot;,&quot;highlighted_text&quot;:&quot;L&#039;institution&quot;,&quot;headline_style&quot;:&quot;highlight&quot;,&quot;loop&quot;:&quot;yes&quot;,&quot;highlight_animation_duration&quot;:1200,&quot;highlight_iteration_delay&quot;:8000}\" data-widget_type=\"animated-headline.default\">\n\t\t\t\t<div class=\"elementor-widget-container\">\n\t\t\t\t\t\t\t<h3 class=\"elementor-headline\">\n\t\t\t\t<span class=\"elementor-headline-dynamic-wrapper elementor-headline-text-wrapper\">\n\t\t\t\t\t<span class=\"elementor-headline-dynamic-text elementor-headline-text-active\">L'institution<\/span>\n\t\t\t\t<\/span>\n\t\t\t\t<\/h3>\n\t\t\t\t\t\t<\/div>\n\t\t\t\t<\/div>\n\t\t\t\t<div class=\"elementor-element elementor-element-66dd7e4d elementor-widget elementor-widget-text-editor\" data-id=\"66dd7e4d\" data-element_type=\"widget\" data-e-type=\"widget\" data-widget_type=\"text-editor.default\">\n\t\t\t\t<div class=\"elementor-widget-container\">\n\t\t\t\t\t\t\t\t\t<p><span style=\"color: #000000;\"><\/span><\/p>\n<p class=\"has-drop-cap\"><span style=\"color: #000000;\">Les premi\u00e8res r\u00e9f\u00e9rences \u00e0 la pr\u00e9sence juive en Provence remontent au III\u00e8me si\u00e8cle. Il y eut des Juifs \u00e0 Cimiez (le C\u00e9m\u00e9l\u00e9num des Romains). En 1408, la communaut\u00e9 poss\u00e8de une synagogue et un cimeti\u00e8re. Appartenant \u00e0 la maison de Savoie, du XIV\u00e8me si\u00e8cle, la ville de Nice n&rsquo;a jamais chass\u00e9 les Juifs, et, bien qu&rsquo;ils aient \u00e9t\u00e9 oblig\u00e9s de porter un signe distinctif, ils b\u00e9n\u00e9fici\u00e8rent de privil\u00e8ges assez larges, notamment en ce qui concerne la libert\u00e9 du commerce. Nice accueillit avec un exceptionnel lib\u00e9ralisme des Juifs n\u00e9erlandais, flamands, allemands et m\u00eames oranais (1669). En 1687 (Rosh Hodesh 5443) les \u00ab Parnassim \u00bb Joseph RODRIGUE et Alexandre SACERDOTE fondent une Soci\u00e9t\u00e9 de Bienfaisance (S.B.I.N).<\/span><\/p>\n<p><span style=\"color: #000000;\"><\/span><\/p>\n<p><span style=\"color: #000000;\">En 1723, le roi de Sardaigne obligea \u00ab l&rsquo;universit\u00e9 juive \u00bb, comme on appelait la communaut\u00e9, \u00e0 r\u00e9int\u00e9grer l&rsquo;ancien ghetto (giudaria). En revanche, en 1750, on supprima le signe distinctif que les juifs devaient porter. L&rsquo;arriv\u00e9e des troupes fran\u00e7aises r\u00e9publicaines brisa les cha\u00eenes du ghetto.<\/span><br \/><span style=\"color: #000000;\">En 1762, le Rabbin Margalid est nomm\u00e9. Depuis sa mort, en 1774, sa tombe est devenue un lieu de p\u00e8lerinage \u00e0 la p\u00e9riode de Kippour. Le premier conseil municipal a \u00e9t\u00e9 constitu\u00e9 en 1849 avec trois personnalit\u00e9s juives : MM. AVIGDOR, COLON, et POLONAIS.<\/span><\/p>\n<p><span style=\"color: #000000;\"><\/span><\/p>\n<p><span style=\"color: #000000;\">Pendant la derni\u00e8re guerre mondiale, la communaut\u00e9 juive de Nice s&rsquo;accrut consid\u00e9rablement par l&rsquo;arriv\u00e9e des r\u00e9fugi\u00e9s de la zone occup\u00e9e \u2013 communaut\u00e9 aschk\u00e9naze de la rue Blacas.<\/span><br \/><span style=\"color: #000000;\">Quelques ann\u00e9es plus tard, surtout apr\u00e8s 1962, c&rsquo;est l&rsquo;implantation massive des rapatri\u00e9s Nord-Africains qui va n\u00e9cessiter et entra\u00eener un bouleversement des structures, une multiplication des besoins, en hommes et installations. Les r\u00e9alisations sont nombreuses pour satisfaire les communaut\u00e9s nouvelles install\u00e9es dans tous les coins de la ville. Chaque \u00e9quipe consistoriale a apport\u00e9 sa pierre \u00e0 l&rsquo;\u00e9difice \u00ab Juda\u00efsme \u00bb. Les lieux de culte s\u00e9dentaires ou ponctuels \u00e0 l&rsquo;\u00e9poque des f\u00eates de Tichri, sont de plus en plus nombreux, et r\u00e9nov\u00e9s pour la plus grande satisfaction des fid\u00e8les. La grande synagogue de la rue Deloye, est r\u00e9nov\u00e9e et d\u00e9cor\u00e9e des c\u00e9l\u00e8bres vitraux cr\u00e9\u00e9s par le grand Ma\u00eetre Th\u00e9o TOBIASSE. Le Centre Consistorial Michelet conna\u00eet une activit\u00e9 incessante avec l&rsquo;oratoire Tchoukriel, le Talmud-Torah, des conf\u00e9rences, des festivit\u00e9s et de nombreuses animations.<\/span><\/p>\n<p><span style=\"color: #000000;\"><\/span><\/p>\n<p><span style=\"color: #000000;\">L&rsquo;acquisition r\u00e9cente de la \u00ab Villa Cirta \u00bb au 24 rue Michelet, mitoyenne du centre, a permis de pr\u00e9senter son environnement et surtout de pouvoir accueillir mieux encore les mouvements de jeunesse, d&rsquo;y assurer des cours, des offices et d&rsquo;autres manifestations. Le Centre Consistorial Marceau a aussi sa sp\u00e9cificit\u00e9 puisqu&rsquo;il h\u00e9berge l&rsquo;oratoire Viterbo, le Merkaz des jeunes, les mouvements de jeunesse et Radio Chalom Nitsan (89.3 Mhz).La famille consistoriale s&rsquo;est enrichie de la synagogue Blacas, gardienne du rite Ashk\u00e9naze, riche de tant de souvenirs et toujours pr\u00e9sente ; ainsi que par l&rsquo;ouverture d&rsquo;un oratoire \u00e0 Nice ouest au 61 corniche fleurie. L&rsquo;activit\u00e9 sociale du Consistoire est assur\u00e9e enti\u00e8rement par la v\u00e9n\u00e9rable mais toujours jeune et vaillante Soci\u00e9t\u00e9 de Bienfaisance Isra\u00e9lite de Nice : institution unique en France, par ses origines, son histoire et ses actions de Ts\u00e9daka. Elle est, dans la discr\u00e9tion, \u00e0 l&rsquo;\u00e9coute et au service de ses fr\u00e8res dans la g\u00eane.<\/span><\/p>\n<p><span style=\"color: #000000;\"><\/span><\/p>\n<p><span style=\"color: #000000;\">L&rsquo;information consistoriale conna\u00eet un d\u00e9veloppement nouveau avec des \u00e9missions sur Radio Chalom Nitssan sur 89.3 FM, et l&rsquo;\u00e9dition et la diffusion de la \u00ab lettre Communautaire \u00bb dans tous les lieux de culte et de fr\u00e9quentation juive. La revue prestigieuse \u00ab NITSAN \u00bb est publi\u00e9e et distribu\u00e9e lors des quatre grands rendez-vous annuels. Le consistoire investit surtout dans les hommes. Il g\u00e8re le quotidien juif et pr\u00e9pare l&rsquo;avenir de nos enfants. Sur le plan de l&rsquo;\u00e9ducation le Consistoire aide de mani\u00e8res diverses les deux \u00e9coles juives en fonctionnement \u00e0 Nice. La rentr\u00e9e 2001 a vu l&rsquo;installation d&rsquo;un coll\u00e8ge qui fonctionne de la 6\u00e8me \u00e0 la 3\u00e8me, sous l&rsquo;\u00e9gide de l&rsquo;Alliance Isra\u00e9lite Universelle, en partenariat avec le consistoire de Nice.<\/span><\/p>\n<p><span style=\"color: #000000;\"><\/span><\/p>\n<p><span style=\"color: #000000;\">De plus, la d\u00e9cision a \u00e9t\u00e9 prise d&rsquo;ouvrir enfin, \u00e0 la rentr\u00e9e 2002, une classe de 2nde, pr\u00e9lude \u00e0 la cr\u00e9ation (ou recr\u00e9ation) de ce lyc\u00e9e juif si attendu qui recevra, au fur et \u00e0 mesure, les \u00e9l\u00e8ves de la seconde \u00e0 la terminale; et, comme pr\u00e9vu des classes de terminales seront ouvertes pour la rentr\u00e9e 2004-2005. Ainsi la population juive de Nice et r\u00e9gion disposera de structures \u00e9ducatives, depuis le jardin d&rsquo;enfants jusqu&rsquo;en terminale BAC. L&rsquo;enseignement prodigu\u00e9 devra \u00eatre d&rsquo;excellente qualit\u00e9 tant dans les mati\u00e8res non religieuses que religieuses. L&rsquo;autre nouveaut\u00e9, c&rsquo;est la cr\u00e9ation d&rsquo;un grand centre communautaire en plein c\u0153ur de la ville de Nice : l&rsquo;Espace 5 ( au 5, Place Mass\u00e9na), en partenariat entre le Consistoire et le Fonds Social. Sa plurifonctionnalit\u00e9, la qualit\u00e9 de ses installations, les activit\u00e9s pr\u00e9vues et sa situation en feront certainement un haut lieu de rassemblement et d&rsquo;animation culturelle. La r\u00e9novation totale de l&rsquo;oratoire Tchoukriel du Centre Michelet , pour un meilleur confort mat\u00e9riel et spirituel de ses nombreux fid\u00e8les a \u00e9t\u00e9 r\u00e9alis\u00e9e . Le consistoire reste ainsi ouvert \u00e0 tout et \u00e0 tous : fid\u00e8les, associations, autres communaut\u00e9s de la ville ou de la r\u00e9gion.<\/span><\/p>\n<p><span style=\"color: #000000;\"><\/span><\/p>\n<p><span style=\"color: #000000;\">Le consistoire a une responsabilit\u00e9 tr\u00e8s particuli\u00e8re qui le situe de fa\u00e7on pr\u00e9cise dans la communaut\u00e9. En effet, le consistoire est responsable de l&rsquo;organisation de la vie juive, de la naissance \u00e0 l&rsquo;inhumation, en passant par tous les stades de la vie juive, par toutes les solennit\u00e9s du calendrier h\u00e9bra\u00efque. Il a sous sa responsabilit\u00e9 le Talmud Torah, la pr\u00e9paration et r\u00e9alisation des Bar Mitsvoth, conversions, mariages, divorces, cachrouth etc\u2026<\/span><\/p>\n<p><span style=\"color: #000000;\"><\/span><\/p>\n<p><span style=\"color: #000000;\">Le consistoire entretient des relations \u00e9troites avec toutes les autorit\u00e9s civiles et politiques de la r\u00e9gion pour le bon \u00e9panouissement g\u00e9n\u00e9ral de la communaut\u00e9.<\/span><\/p>\n<h5 style=\"text-align: center;\"><span style=\"color: #000000;\"><strong><a style=\"color: #000000;\" href=\"https:\/\/www.consistoirenice.org\/wordpress\/140eme-anniversaire-de-la-grande-synagogue-de-nice-2\/\" target=\"_blank\" rel=\"noopener\"><span style=\"color: #ff0000;\">Voir le livret des 140 ans de la Synagogue de Nice<\/span><\/a><\/strong><\/span><\/h5>\n<p><span style=\"color: #000000;\"><\/span><\/p>\t\t\t\t\t\t\t\t<\/div>\n\t\t\t\t<\/div>\n\t\t\t\t\t<\/div>\n\t\t\t\t<\/div>\n\t\t\t\t<\/div>\n\t\t","protected":false},"excerpt":{"rendered":"<p>L&rsquo;institution Les premi\u00e8res r\u00e9f\u00e9rences \u00e0 la pr\u00e9sence juive en Provence remontent au III\u00e8me si\u00e8cle. Il y eut des Juifs \u00e0 Cimiez (le C\u00e9m\u00e9l\u00e9num des Romains). En 1408, la communaut\u00e9 poss\u00e8de [&hellip;]<\/p>\n","protected":false},"author":2,"featured_media":0,"parent":0,"menu_order":0,"comment_status":"closed","ping_status":"closed","template":"elementor_header_footer","meta":{"_acf_changed":false,"_eb_attr":"","h5ap_radio_sources":[],"footnotes":""},"class_list":["post-650","page","type-page","status-publish","hentry"],"acf":[],"_links":{"self":[{"href":"https:\/\/www.consistoirenice.org\/wordpress\/wp-json\/wp\/v2\/pages\/650","targetHints":{"allow":["GET"]}}],"collection":[{"href":"https:\/\/www.consistoirenice.org\/wordpress\/wp-json\/wp\/v2\/pages"}],"about":[{"href":"https:\/\/www.consistoirenice.org\/wordpress\/wp-json\/wp\/v2\/types\/page"}],"author":[{"embeddable":true,"href":"https:\/\/www.consistoirenice.org\/wordpress\/wp-json\/wp\/v2\/users\/2"}],"replies":[{"embeddable":true,"href":"https:\/\/www.consistoirenice.org\/wordpress\/wp-json\/wp\/v2\/comments?post=650"}],"version-history":[{"count":1,"href":"https:\/\/www.consistoirenice.org\/wordpress\/wp-json\/wp\/v2\/pages\/650\/revisions"}],"predecessor-version":[{"id":18097,"href":"https:\/\/www.consistoirenice.org\/wordpress\/wp-json\/wp\/v2\/pages\/650\/revisions\/18097"}],"wp:attachment":[{"href":"https:\/\/www.consistoirenice.org\/wordpress\/wp-json\/wp\/v2\/media?parent=650"}],"curies":[{"name":"wp","href":"https:\/\/api.w.org\/{rel}","templated":true}]}}