{"id":1058,"date":"2020-12-20T14:54:29","date_gmt":"2020-12-20T13:54:29","guid":{"rendered":"https:\/\/www.consistoirenice.org\/wordpress\/?page_id=1058"},"modified":"2022-06-29T11:39:54","modified_gmt":"2022-06-29T09:39:54","slug":"prieres","status":"publish","type":"page","link":"https:\/\/www.consistoirenice.org\/wordpress\/prieres\/","title":{"rendered":"Pri\u00e8res"},"content":{"rendered":"\t\t<div data-elementor-type=\"wp-page\" data-elementor-id=\"1058\" class=\"elementor elementor-1058\" data-elementor-post-type=\"page\">\n\t\t\t\t\t\t<section class=\"elementor-section elementor-top-section elementor-element elementor-element-be9c593 elementor-section-boxed elementor-section-height-default elementor-section-height-default\" data-id=\"be9c593\" data-element_type=\"section\" data-e-type=\"section\">\n\t\t\t\t\t\t<div class=\"elementor-container elementor-column-gap-default\">\n\t\t\t\t\t<div class=\"elementor-column elementor-col-100 elementor-top-column elementor-element elementor-element-e65889e\" data-id=\"e65889e\" data-element_type=\"column\" data-e-type=\"column\">\n\t\t\t<div class=\"elementor-widget-wrap elementor-element-populated\">\n\t\t\t\t\t\t<div class=\"elementor-element elementor-element-102d6e4 elementor-widget elementor-widget-heading\" data-id=\"102d6e4\" data-element_type=\"widget\" data-e-type=\"widget\" data-widget_type=\"heading.default\">\n\t\t\t\t<div class=\"elementor-widget-container\">\n\t\t\t\t\t<h1 class=\"elementor-heading-title elementor-size-default\">Pri\u00e8res<\/h1>\t\t\t\t<\/div>\n\t\t\t\t<\/div>\n\t\t\t\t<div class=\"elementor-element elementor-element-f0cb175 elementor-posts--thumbnail-none elementor-posts--align-left elementor-grid-2 elementor-grid-tablet-2 elementor-grid-mobile-1 elementor-card-shadow-yes elementor-posts__hover-gradient elementor-widget elementor-widget-posts\" data-id=\"f0cb175\" data-element_type=\"widget\" data-e-type=\"widget\" data-settings=\"{&quot;cards_columns&quot;:&quot;2&quot;,&quot;cards_columns_tablet&quot;:&quot;2&quot;,&quot;cards_columns_mobile&quot;:&quot;1&quot;,&quot;cards_row_gap&quot;:{&quot;unit&quot;:&quot;px&quot;,&quot;size&quot;:35,&quot;sizes&quot;:[]},&quot;cards_row_gap_tablet&quot;:{&quot;unit&quot;:&quot;px&quot;,&quot;size&quot;:&quot;&quot;,&quot;sizes&quot;:[]},&quot;cards_row_gap_mobile&quot;:{&quot;unit&quot;:&quot;px&quot;,&quot;size&quot;:&quot;&quot;,&quot;sizes&quot;:[]}}\" data-widget_type=\"posts.cards\">\n\t\t\t\t<div class=\"elementor-widget-container\">\n\t\t\t\t\t\t\t<div class=\"elementor-posts-container elementor-posts elementor-posts--skin-cards elementor-grid\" role=\"list\">\n\t\t\t\t<article class=\"elementor-post elementor-grid-item post-3580 priere type-priere status-publish hentry\" role=\"listitem\">\n\t\t\t<div class=\"elementor-post__card\">\n\t\t\t\t<div class=\"elementor-post__text\">\n\t\t\t\t<p class=\"elementor-post__title\">\n\t\t\t<a href=\"https:\/\/www.consistoirenice.org\/wordpress\/priere\/havdala\/\" >\n\t\t\t\tHavdala\t\t\t<\/a>\n\t\t<\/p>\n\t\t\n\t\t<a class=\"elementor-post__read-more\" href=\"https:\/\/www.consistoirenice.org\/wordpress\/priere\/havdala\/\" aria-label=\"En savoir plus sur Havdala\" tabindex=\"-1\" >\n\t\t\tLire la pri\u00e8re \u00bb\t\t<\/a>\n\n\t\t\t\t<\/div>\n\t\t\t\t\t<\/div>\n\t\t<\/article>\n\t\t\t\t<article class=\"elementor-post elementor-grid-item post-3575 priere type-priere status-publish hentry\" role=\"listitem\">\n\t\t\t<div class=\"elementor-post__card\">\n\t\t\t\t<div class=\"elementor-post__text\">\n\t\t\t\t<p class=\"elementor-post__title\">\n\t\t\t<a href=\"https:\/\/www.consistoirenice.org\/wordpress\/priere\/kidouch-du-chabbat-midi\/\" >\n\t\t\t\tKidouch du Chabbat midi\t\t\t<\/a>\n\t\t<\/p>\n\t\t\n\t\t<a class=\"elementor-post__read-more\" href=\"https:\/\/www.consistoirenice.org\/wordpress\/priere\/kidouch-du-chabbat-midi\/\" aria-label=\"En savoir plus sur Kidouch du Chabbat midi\" tabindex=\"-1\" >\n\t\t\tLire la pri\u00e8re \u00bb\t\t<\/a>\n\n\t\t\t\t<\/div>\n\t\t\t\t\t<\/div>\n\t\t<\/article>\n\t\t\t\t<article class=\"elementor-post elementor-grid-item post-3573 priere type-priere status-publish hentry\" role=\"listitem\">\n\t\t\t<div class=\"elementor-post__card\">\n\t\t\t\t<div class=\"elementor-post__text\">\n\t\t\t\t<p class=\"elementor-post__title\">\n\t\t\t<a href=\"https:\/\/www.consistoirenice.org\/wordpress\/priere\/kidouch-du-vendredi-soir\/\" >\n\t\t\t\tKidouch du Vendredi soir\t\t\t<\/a>\n\t\t<\/p>\n\t\t\n\t\t<a class=\"elementor-post__read-more\" href=\"https:\/\/www.consistoirenice.org\/wordpress\/priere\/kidouch-du-vendredi-soir\/\" aria-label=\"En savoir plus sur Kidouch du Vendredi soir\" tabindex=\"-1\" >\n\t\t\tLire la pri\u00e8re \u00bb\t\t<\/a>\n\n\t\t\t\t<\/div>\n\t\t\t\t\t<\/div>\n\t\t<\/article>\n\t\t\t\t<article class=\"elementor-post elementor-grid-item post-3564 priere type-priere status-publish hentry\" role=\"listitem\">\n\t\t\t<div class=\"elementor-post__card\">\n\t\t\t\t<div class=\"elementor-post__text\">\n\t\t\t\t<p class=\"elementor-post__title\">\n\t\t\t<a href=\"https:\/\/www.consistoirenice.org\/wordpress\/priere\/tevilat-kelim-immersion-des-ustensiles\/\" >\n\t\t\t\tT\u00e9vilat Kelim (immersion des ustensiles)\t\t\t<\/a>\n\t\t<\/p>\n\t\t\n\t\t<a class=\"elementor-post__read-more\" href=\"https:\/\/www.consistoirenice.org\/wordpress\/priere\/tevilat-kelim-immersion-des-ustensiles\/\" aria-label=\"En savoir plus sur T\u00e9vilat Kelim (immersion des ustensiles)\" tabindex=\"-1\" >\n\t\t\tLire la pri\u00e8re \u00bb\t\t<\/a>\n\n\t\t\t\t<\/div>\n\t\t\t\t\t<\/div>\n\t\t<\/article>\n\t\t\t\t<article class=\"elementor-post elementor-grid-item post-3562 priere type-priere status-publish hentry\" role=\"listitem\">\n\t\t\t<div class=\"elementor-post__card\">\n\t\t\t\t<div class=\"elementor-post__text\">\n\t\t\t\t<p class=\"elementor-post__title\">\n\t\t\t<a href=\"https:\/\/www.consistoirenice.org\/wordpress\/priere\/priere-pour-la-pose-de-la-mezouza\/\" >\n\t\t\t\tPri\u00e8re pour la pose de la M\u00e9zouza\t\t\t<\/a>\n\t\t<\/p>\n\t\t\n\t\t<a class=\"elementor-post__read-more\" href=\"https:\/\/www.consistoirenice.org\/wordpress\/priere\/priere-pour-la-pose-de-la-mezouza\/\" aria-label=\"En savoir plus sur Pri\u00e8re pour la pose de la M\u00e9zouza\" tabindex=\"-1\" >\n\t\t\tLire la pri\u00e8re \u00bb\t\t<\/a>\n\n\t\t\t\t<\/div>\n\t\t\t\t\t<\/div>\n\t\t<\/article>\n\t\t\t\t<article class=\"elementor-post elementor-grid-item post-871 priere type-priere status-publish hentry\" role=\"listitem\">\n\t\t\t<div class=\"elementor-post__card\">\n\t\t\t\t<div class=\"elementor-post__text\">\n\t\t\t\t<p class=\"elementor-post__title\">\n\t\t\t<a href=\"https:\/\/www.consistoirenice.org\/wordpress\/priere\/priere-pour-la-parnassa\/\" >\n\t\t\t\tPri\u00e8re pour la Parnassa\t\t\t<\/a>\n\t\t<\/p>\n\t\t\n\t\t<a class=\"elementor-post__read-more\" href=\"https:\/\/www.consistoirenice.org\/wordpress\/priere\/priere-pour-la-parnassa\/\" aria-label=\"En savoir plus sur Pri\u00e8re pour la Parnassa\" tabindex=\"-1\" >\n\t\t\tLire la pri\u00e8re \u00bb\t\t<\/a>\n\n\t\t\t\t<\/div>\n\t\t\t\t\t<\/div>\n\t\t<\/article>\n\t\t\t\t<article class=\"elementor-post elementor-grid-item post-869 priere type-priere status-publish hentry\" role=\"listitem\">\n\t\t\t<div class=\"elementor-post__card\">\n\t\t\t\t<div class=\"elementor-post__text\">\n\t\t\t\t<p class=\"elementor-post__title\">\n\t\t\t<a href=\"https:\/\/www.consistoirenice.org\/wordpress\/priere\/perek-chira\/\" >\n\t\t\t\tPerek Chira\t\t\t<\/a>\n\t\t<\/p>\n\t\t\n\t\t<a class=\"elementor-post__read-more\" href=\"https:\/\/www.consistoirenice.org\/wordpress\/priere\/perek-chira\/\" aria-label=\"En savoir plus sur Perek Chira\" tabindex=\"-1\" >\n\t\t\tLire la pri\u00e8re \u00bb\t\t<\/a>\n\n\t\t\t\t<\/div>\n\t\t\t\t\t<\/div>\n\t\t<\/article>\n\t\t\t\t<article class=\"elementor-post elementor-grid-item post-867 priere type-priere status-publish hentry\" role=\"listitem\">\n\t\t\t<div class=\"elementor-post__card\">\n\t\t\t\t<div class=\"elementor-post__text\">\n\t\t\t\t<p class=\"elementor-post__title\">\n\t\t\t<a href=\"https:\/\/www.consistoirenice.org\/wordpress\/priere\/pirkei-avot\/\" >\n\t\t\t\tPirkei Avot\t\t\t<\/a>\n\t\t<\/p>\n\t\t\n\t\t<a class=\"elementor-post__read-more\" href=\"https:\/\/www.consistoirenice.org\/wordpress\/priere\/pirkei-avot\/\" aria-label=\"En savoir plus sur Pirkei Avot\" tabindex=\"-1\" >\n\t\t\tLire la pri\u00e8re \u00bb\t\t<\/a>\n\n\t\t\t\t<\/div>\n\t\t\t\t\t<\/div>\n\t\t<\/article>\n\t\t\t\t<article class=\"elementor-post elementor-grid-item post-863 priere type-priere status-publish hentry\" role=\"listitem\">\n\t\t\t<div class=\"elementor-post__card\">\n\t\t\t\t<div class=\"elementor-post__text\">\n\t\t\t\t<p class=\"elementor-post__title\">\n\t\t\t<a href=\"https:\/\/www.consistoirenice.org\/wordpress\/priere\/tehilim\/\" >\n\t\t\t\tT\u00e9hilim\t\t\t<\/a>\n\t\t<\/p>\n\t\t\n\t\t<a class=\"elementor-post__read-more\" href=\"https:\/\/www.consistoirenice.org\/wordpress\/priere\/tehilim\/\" aria-label=\"En savoir plus sur T\u00e9hilim\" tabindex=\"-1\" >\n\t\t\tLire la pri\u00e8re \u00bb\t\t<\/a>\n\n\t\t\t\t<\/div>\n\t\t\t\t\t<\/div>\n\t\t<\/article>\n\t\t\t\t<article class=\"elementor-post elementor-grid-item post-860 priere type-priere status-publish hentry\" role=\"listitem\">\n\t\t\t<div class=\"elementor-post__card\">\n\t\t\t\t<div class=\"elementor-post__text\">\n\t\t\t\t<p class=\"elementor-post__title\">\n\t\t\t<a href=\"https:\/\/www.consistoirenice.org\/wordpress\/priere\/cheva-brahot\/\" >\n\t\t\t\tCh\u00e9va Bra\u2019hot\t\t\t<\/a>\n\t\t<\/p>\n\t\t\n\t\t<a class=\"elementor-post__read-more\" href=\"https:\/\/www.consistoirenice.org\/wordpress\/priere\/cheva-brahot\/\" aria-label=\"En savoir plus sur Ch\u00e9va Bra\u2019hot\" tabindex=\"-1\" >\n\t\t\tLire la pri\u00e8re \u00bb\t\t<\/a>\n\n\t\t\t\t<\/div>\n\t\t\t\t\t<\/div>\n\t\t<\/article>\n\t\t\t\t<article class=\"elementor-post elementor-grid-item post-858 priere type-priere status-publish hentry\" role=\"listitem\">\n\t\t\t<div class=\"elementor-post__card\">\n\t\t\t\t<div class=\"elementor-post__text\">\n\t\t\t\t<p class=\"elementor-post__title\">\n\t\t\t<a href=\"https:\/\/www.consistoirenice.org\/wordpress\/priere\/birkat-hanehenin-edot-hamizrah\/\" >\n\t\t\t\tBirkat Hanehenin &#8211; Edot Hamizrah\t\t\t<\/a>\n\t\t<\/p>\n\t\t\n\t\t<a class=\"elementor-post__read-more\" href=\"https:\/\/www.consistoirenice.org\/wordpress\/priere\/birkat-hanehenin-edot-hamizrah\/\" aria-label=\"En savoir plus sur Birkat Hanehenin &#8211; Edot Hamizrah\" tabindex=\"-1\" >\n\t\t\tLire la pri\u00e8re \u00bb\t\t<\/a>\n\n\t\t\t\t<\/div>\n\t\t\t\t\t<\/div>\n\t\t<\/article>\n\t\t\t\t<article class=\"elementor-post elementor-grid-item post-856 priere type-priere status-publish hentry\" role=\"listitem\">\n\t\t\t<div class=\"elementor-post__card\">\n\t\t\t\t<div class=\"elementor-post__text\">\n\t\t\t\t<p class=\"elementor-post__title\">\n\t\t\t<a href=\"https:\/\/www.consistoirenice.org\/wordpress\/priere\/birkat-amazone\/\" >\n\t\t\t\tBirkat amazone\t\t\t<\/a>\n\t\t<\/p>\n\t\t\n\t\t<a class=\"elementor-post__read-more\" href=\"https:\/\/www.consistoirenice.org\/wordpress\/priere\/birkat-amazone\/\" aria-label=\"En savoir plus sur Birkat amazone\" tabindex=\"-1\" >\n\t\t\tLire la pri\u00e8re \u00bb\t\t<\/a>\n\n\t\t\t\t<\/div>\n\t\t\t\t\t<\/div>\n\t\t<\/article>\n\t\t\t\t<article class=\"elementor-post elementor-grid-item post-854 priere type-priere status-publish hentry\" role=\"listitem\">\n\t\t\t<div class=\"elementor-post__card\">\n\t\t\t\t<div class=\"elementor-post__text\">\n\t\t\t\t<p class=\"elementor-post__title\">\n\t\t\t<a href=\"https:\/\/www.consistoirenice.org\/wordpress\/priere\/priere-du-voyage\/\" >\n\t\t\t\tPri\u00e8re du voyage\t\t\t<\/a>\n\t\t<\/p>\n\t\t\n\t\t<a class=\"elementor-post__read-more\" href=\"https:\/\/www.consistoirenice.org\/wordpress\/priere\/priere-du-voyage\/\" aria-label=\"En savoir plus sur Pri\u00e8re du voyage\" tabindex=\"-1\" >\n\t\t\tLire la pri\u00e8re \u00bb\t\t<\/a>\n\n\t\t\t\t<\/div>\n\t\t\t\t\t<\/div>\n\t\t<\/article>\n\t\t\t\t<article class=\"elementor-post elementor-grid-item post-647 priere type-priere status-publish hentry\" role=\"listitem\">\n\t\t\t<div class=\"elementor-post__card\">\n\t\t\t\t<div class=\"elementor-post__text\">\n\t\t\t\t<p class=\"elementor-post__title\">\n\t\t\t<a href=\"https:\/\/www.consistoirenice.org\/wordpress\/priere\/kadish-sepharade\/\" >\n\t\t\t\tKadish Sepharade\t\t\t<\/a>\n\t\t<\/p>\n\t\t\n\t\t<a class=\"elementor-post__read-more\" href=\"https:\/\/www.consistoirenice.org\/wordpress\/priere\/kadish-sepharade\/\" aria-label=\"En savoir plus sur Kadish Sepharade\" tabindex=\"-1\" >\n\t\t\tLire la pri\u00e8re \u00bb\t\t<\/a>\n\n\t\t\t\t<\/div>\n\t\t\t\t\t<\/div>\n\t\t<\/article>\n\t\t\t\t<article class=\"elementor-post elementor-grid-item post-645 priere type-priere status-publish hentry\" role=\"listitem\">\n\t\t\t<div class=\"elementor-post__card\">\n\t\t\t\t<div class=\"elementor-post__text\">\n\t\t\t\t<p class=\"elementor-post__title\">\n\t\t\t<a href=\"https:\/\/www.consistoirenice.org\/wordpress\/priere\/amidah\/\" >\n\t\t\t\tAmidah\t\t\t<\/a>\n\t\t<\/p>\n\t\t\n\t\t<a class=\"elementor-post__read-more\" href=\"https:\/\/www.consistoirenice.org\/wordpress\/priere\/amidah\/\" aria-label=\"En savoir plus sur Amidah\" tabindex=\"-1\" >\n\t\t\tLire la pri\u00e8re \u00bb\t\t<\/a>\n\n\t\t\t\t<\/div>\n\t\t\t\t\t<\/div>\n\t\t<\/article>\n\t\t\t\t<article class=\"elementor-post elementor-grid-item post-643 priere type-priere status-publish hentry\" role=\"listitem\">\n\t\t\t<div class=\"elementor-post__card\">\n\t\t\t\t<div class=\"elementor-post__text\">\n\t\t\t\t<p class=\"elementor-post__title\">\n\t\t\t<a href=\"https:\/\/www.consistoirenice.org\/wordpress\/priere\/chema-israel\/\" >\n\t\t\t\tCh\u00e9ma Isra\u00ebl\t\t\t<\/a>\n\t\t<\/p>\n\t\t\n\t\t<a class=\"elementor-post__read-more\" href=\"https:\/\/www.consistoirenice.org\/wordpress\/priere\/chema-israel\/\" aria-label=\"En savoir plus sur Ch\u00e9ma Isra\u00ebl\" tabindex=\"-1\" >\n\t\t\tLire la pri\u00e8re \u00bb\t\t<\/a>\n\n\t\t\t\t<\/div>\n\t\t\t\t\t<\/div>\n\t\t<\/article>\n\t\t\t\t<article class=\"elementor-post elementor-grid-item post-641 priere type-priere status-publish hentry\" role=\"listitem\">\n\t\t\t<div class=\"elementor-post__card\">\n\t\t\t\t<div class=\"elementor-post__text\">\n\t\t\t\t<p class=\"elementor-post__title\">\n\t\t\t<a href=\"https:\/\/www.consistoirenice.org\/wordpress\/priere\/achre\/\" >\n\t\t\t\tAchr\u00e9\t\t\t<\/a>\n\t\t<\/p>\n\t\t\n\t\t<a class=\"elementor-post__read-more\" href=\"https:\/\/www.consistoirenice.org\/wordpress\/priere\/achre\/\" aria-label=\"En savoir plus sur Achr\u00e9\" tabindex=\"-1\" >\n\t\t\tLire la pri\u00e8re \u00bb\t\t<\/a>\n\n\t\t\t\t<\/div>\n\t\t\t\t\t<\/div>\n\t\t<\/article>\n\t\t\t\t<article class=\"elementor-post elementor-grid-item post-639 priere type-priere status-publish hentry\" role=\"listitem\">\n\t\t\t<div class=\"elementor-post__card\">\n\t\t\t\t<div class=\"elementor-post__text\">\n\t\t\t\t<p class=\"elementor-post__title\">\n\t\t\t<a href=\"https:\/\/www.consistoirenice.org\/wordpress\/priere\/benediction-pour-les-tephiline\/\" >\n\t\t\t\tB\u00e9n\u00e9diction pour les T\u00e9philines\t\t\t<\/a>\n\t\t<\/p>\n\t\t\n\t\t<a class=\"elementor-post__read-more\" href=\"https:\/\/www.consistoirenice.org\/wordpress\/priere\/benediction-pour-les-tephiline\/\" aria-label=\"En savoir plus sur B\u00e9n\u00e9diction pour les T\u00e9philines\" tabindex=\"-1\" >\n\t\t\tLire la pri\u00e8re \u00bb\t\t<\/a>\n\n\t\t\t\t<\/div>\n\t\t\t\t\t<\/div>\n\t\t<\/article>\n\t\t\t\t<article class=\"elementor-post elementor-grid-item post-637 priere type-priere status-publish hentry\" role=\"listitem\">\n\t\t\t<div class=\"elementor-post__card\">\n\t\t\t\t<div class=\"elementor-post__text\">\n\t\t\t\t<p class=\"elementor-post__title\">\n\t\t\t<a href=\"https:\/\/www.consistoirenice.org\/wordpress\/priere\/benediction-pour-le-talith\/\" >\n\t\t\t\tB\u00e9n\u00e9diction pour le Talith\t\t\t<\/a>\n\t\t<\/p>\n\t\t\n\t\t<a class=\"elementor-post__read-more\" href=\"https:\/\/www.consistoirenice.org\/wordpress\/priere\/benediction-pour-le-talith\/\" aria-label=\"En savoir plus sur B\u00e9n\u00e9diction pour le Talith\" tabindex=\"-1\" >\n\t\t\tLire la pri\u00e8re \u00bb\t\t<\/a>\n\n\t\t\t\t<\/div>\n\t\t\t\t\t<\/div>\n\t\t<\/article>\n\t\t\t\t<article class=\"elementor-post elementor-grid-item post-633 priere type-priere status-publish hentry\" role=\"listitem\">\n\t\t\t<div class=\"elementor-post__card\">\n\t\t\t\t<div class=\"elementor-post__text\">\n\t\t\t\t<p class=\"elementor-post__title\">\n\t\t\t<a href=\"https:\/\/www.consistoirenice.org\/wordpress\/priere\/benedictions-du-matin\/\" >\n\t\t\t\tB\u00e9n\u00e9dictions du matin\t\t\t<\/a>\n\t\t<\/p>\n\t\t\n\t\t<a class=\"elementor-post__read-more\" href=\"https:\/\/www.consistoirenice.org\/wordpress\/priere\/benedictions-du-matin\/\" aria-label=\"En savoir plus sur B\u00e9n\u00e9dictions du matin\" tabindex=\"-1\" >\n\t\t\tLire la pri\u00e8re \u00bb\t\t<\/a>\n\n\t\t\t\t<\/div>\n\t\t\t\t\t<\/div>\n\t\t<\/article>\n\t\t\t\t<article class=\"elementor-post elementor-grid-item post-620 priere type-priere status-publish hentry\" role=\"listitem\">\n\t\t\t<div class=\"elementor-post__card\">\n\t\t\t\t<div class=\"elementor-post__text\">\n\t\t\t\t<p class=\"elementor-post__title\">\n\t\t\t<a href=\"https:\/\/www.consistoirenice.org\/wordpress\/priere\/620\/\" >\n\t\t\t\tPri\u00e8re pour Isra\u00ebl\t\t\t<\/a>\n\t\t<\/p>\n\t\t\n\t\t<a class=\"elementor-post__read-more\" href=\"https:\/\/www.consistoirenice.org\/wordpress\/priere\/620\/\" aria-label=\"En savoir plus sur Pri\u00e8re pour Isra\u00ebl\" tabindex=\"-1\" >\n\t\t\tLire la pri\u00e8re \u00bb\t\t<\/a>\n\n\t\t\t\t<\/div>\n\t\t\t\t\t<\/div>\n\t\t<\/article>\n\t\t\t\t<\/div>\n\t\t\n\t\t\t\t\t\t<\/div>\n\t\t\t\t<\/div>\n\t\t\t\t\t<\/div>\n\t\t<\/div>\n\t\t\t\t\t<\/div>\n\t\t<\/section>\n\t\t\t\t<\/div>\n\t\t","protected":false},"excerpt":{"rendered":"<p>Pri\u00e8res<\/p>\n","protected":false},"author":1,"featured_media":0,"parent":0,"menu_order":0,"comment_status":"closed","ping_status":"closed","template":"elementor_header_footer","meta":{"_acf_changed":false,"_eb_attr":"","h5ap_radio_sources":[],"footnotes":""},"class_list":["post-1058","page","type-page","status-publish","hentry"],"acf":[],"_links":{"self":[{"href":"https:\/\/www.consistoirenice.org\/wordpress\/wp-json\/wp\/v2\/pages\/1058","targetHints":{"allow":["GET"]}}],"collection":[{"href":"https:\/\/www.consistoirenice.org\/wordpress\/wp-json\/wp\/v2\/pages"}],"about":[{"href":"https:\/\/www.consistoirenice.org\/wordpress\/wp-json\/wp\/v2\/types\/page"}],"author":[{"embeddable":true,"href":"https:\/\/www.consistoirenice.org\/wordpress\/wp-json\/wp\/v2\/users\/1"}],"replies":[{"embeddable":true,"href":"https:\/\/www.consistoirenice.org\/wordpress\/wp-json\/wp\/v2\/comments?post=1058"}],"version-history":[{"count":0,"href":"https:\/\/www.consistoirenice.org\/wordpress\/wp-json\/wp\/v2\/pages\/1058\/revisions"}],"wp:attachment":[{"href":"https:\/\/www.consistoirenice.org\/wordpress\/wp-json\/wp\/v2\/media?parent=1058"}],"curies":[{"name":"wp","href":"https:\/\/api.w.org\/{rel}","templated":true}]}}